{"id":73802,"date":"2025-07-15T13:21:27","date_gmt":"2025-07-15T13:21:27","guid":{"rendered":"https:\/\/skinstudio.ee\/?post_type=product&#038;p=73802"},"modified":"2026-01-21T13:57:31","modified_gmt":"2026-01-21T13:57:31","slug":"gentle-cleansing-milk","status":"publish","type":"product","link":"https:\/\/skinstudio.ee\/lt\/catalog\/reviderm\/gentle-cleansing-milk\/","title":{"rendered":"Gentle Cleansing Milk"},"content":{"rendered":"<p data-start=\"1382\" data-end=\"1847\">Valomasis pienelis kruop\u0161\u010diai pa\u0161alina nuo odos pavir\u0161iaus aplinkos ne\u0161varumus, negyvas odos l\u0105steles, makia\u017e\u0105 ir kitus ne\u0161varumus. D\u0117l ma\u017eo lipid\u0173 kiekio nepalieka riebaus sluoksnio. Moringos s\u0117kl\u0173 ekstraktas apsaugo od\u0105 nuo agresyvaus aplinkos poveikio, pasi\u017eymi detoksikuojan\u010diu poveikiu ir padeda pa\u0161alinti toksinus. Ma\u017e\u0117ja riebal\u0173 i\u0161siskyrimas, slopinama akn\u0119 sukelian\u010di\u0173 bakterij\u0173 veikla, o pats pienelis nedirgina odos ir nepa\u017eeid\u017eia odos apsauginio barjero.<\/p>\n<p data-start=\"1849\" data-end=\"1866\"><strong data-start=\"1849\" data-end=\"1859\">T\u016bris:<\/strong> 200 ml<\/p>\n","protected":false},"excerpt":{"rendered":"<p data-start=\"2024\" data-end=\"2050\">\u0160velnus valomasis pienelis<\/p>\n<h2 data-start=\"2052\" data-end=\"2096\"><strong data-start=\"2052\" data-end=\"2096\">Reviderm &#8211; Gentle Cleansing Milk Savyb\u0117s<\/strong><\/h2>\n<p data-start=\"2098\" data-end=\"2273\">\u2714\ufe0f \u0160velniai pa\u0161alina ne\u0161varumus ir makia\u017e\u0105<br data-start=\"2140\" data-end=\"2143\" \/>\u2714\ufe0f Ramina ir dr\u0117kina od\u0105<br data-start=\"2167\" data-end=\"2170\" \/>\u2714\ufe0f Palaiko nat\u016bral\u0173 odos pH balans\u0105<br data-start=\"2205\" data-end=\"2208\" \/>\u2714\ufe0f Tinka jautriai ir sausai odai<br data-start=\"2240\" data-end=\"2243\" \/>\u2714\ufe0f Nesukelia tempimo poj\u016b\u010dio<\/p>\n","protected":false},"featured_media":38990,"template":"","meta":[],"pwb-brand":[704],"product_brand":[],"product_cat":[718],"product_tag":[],"giftcard-category":[],"class_list":{"0":"post-73802","1":"product","2":"type-product","3":"status-publish","4":"has-post-thumbnail","6":"pwb-brand-reviderm","7":"product_cat-valymas","9":"first","10":"instock","11":"taxable","12":"shipping-taxable","13":"purchasable","14":"product-type-simple"},"acf":[],"brands":[{"id":704,"name":"Reviderm","slug":"reviderm"}],"_links":{"self":[{"href":"https:\/\/skinstudio.ee\/lt\/wp-json\/wp\/v2\/product\/73802","targetHints":{"allow":["GET"]}}],"collection":[{"href":"https:\/\/skinstudio.ee\/lt\/wp-json\/wp\/v2\/product"}],"about":[{"href":"https:\/\/skinstudio.ee\/lt\/wp-json\/wp\/v2\/types\/product"}],"version-history":[{"count":1,"href":"https:\/\/skinstudio.ee\/lt\/wp-json\/wp\/v2\/product\/73802\/revisions"}],"predecessor-version":[{"id":73804,"href":"https:\/\/skinstudio.ee\/lt\/wp-json\/wp\/v2\/product\/73802\/revisions\/73804"}],"wp:featuredmedia":[{"embeddable":true,"href":"https:\/\/skinstudio.ee\/lt\/wp-json\/wp\/v2\/media\/38990"}],"wp:attachment":[{"href":"https:\/\/skinstudio.ee\/lt\/wp-json\/wp\/v2\/media?parent=73802"}],"wp:term":[{"taxonomy":"pwb-brand","embeddable":true,"href":"https:\/\/skinstudio.ee\/lt\/wp-json\/wp\/v2\/pwb-brand?post=73802"},{"taxonomy":"product_brand","embeddable":true,"href":"https:\/\/skinstudio.ee\/lt\/wp-json\/wp\/v2\/product_brand?post=73802"},{"taxonomy":"product_cat","embeddable":true,"href":"https:\/\/skinstudio.ee\/lt\/wp-json\/wp\/v2\/product_cat?post=73802"},{"taxonomy":"product_tag","embeddable":true,"href":"https:\/\/skinstudio.ee\/lt\/wp-json\/wp\/v2\/product_tag?post=73802"},{"taxonomy":"giftcard-category","embeddable":true,"href":"https:\/\/skinstudio.ee\/lt\/wp-json\/wp\/v2\/giftcard-category?post=73802"}],"curies":[{"name":"wp","href":"https:\/\/api.w.org\/{rel}","templated":true}]}}