{"id":73810,"date":"2025-07-15T13:10:56","date_gmt":"2025-07-15T13:10:56","guid":{"rendered":"https:\/\/skinstudio.ee\/?post_type=product&#038;p=73810"},"modified":"2026-01-21T13:57:29","modified_gmt":"2026-01-21T13:57:29","slug":"aha-toner","status":"publish","type":"product","link":"https:\/\/skinstudio.ee\/lt\/catalog\/reviderm\/aha-toner\/","title":{"rendered":"AHA Toner"},"content":{"rendered":"<p data-start=\"1147\" data-end=\"1461\">R\u016bg\u0161tinis tonikas \u0161velniai kovoja su ne\u0161varumais ir negyvomis odos l\u0105stel\u0117mis, suteikdamas odai nat\u016bralaus \u0161vyt\u0117jimo. Skatina energijos apykait\u0105, tod\u0117l oda atrodo gaivesn\u0117 ir sveikesn\u0117. Padeda i\u0161vengti pigmentini\u0173 d\u0117mi\u0173 atsiradimo, ma\u017eina rauk\u0161li\u0173 matomum\u0105, pasi\u017eymi sebum\u0105 reguliuojan\u010diu ir dr\u0117kinamuoju poveikiu.<\/p>\n<p data-start=\"1463\" data-end=\"1480\"><strong data-start=\"1463\" data-end=\"1473\">T\u016bris:<\/strong> 200 ml<\/p>\n","protected":false},"excerpt":{"rendered":"<p data-start=\"1578\" data-end=\"1615\">\u0160vei\u010diamasis tonikas su AHA r\u016bg\u0161timis<\/p>\n<h2 data-start=\"1617\" data-end=\"1649\"><strong data-start=\"1617\" data-end=\"1649\">Reviderm &#8211; AHA Toner Savyb\u0117s<\/strong><\/h2>\n<p data-start=\"1651\" data-end=\"1897\">\u2714\ufe0f Atgaivina od\u0105 \u0161velniu AHA r\u016bg\u0161\u010di\u0173 \u0161veitimu<br data-start=\"1696\" data-end=\"1699\" \/>\u2714\ufe0f Gerina odos tekst\u016br\u0105 ir suvienodina atspalv\u012f<br data-start=\"1746\" data-end=\"1749\" \/>\u2714\ufe0f Ma\u017eina poras ir odos papilk\u0117jim\u0105<br data-start=\"1784\" data-end=\"1787\" \/>\u2714\ufe0f Skatina odos atsinaujinim\u0105 ir \u0161vyt\u0117jim\u0105<br data-start=\"1829\" data-end=\"1832\" \/>\u2714\ufe0f Gaivina od\u0105 ir pagerina v\u0117liau naudojam\u0173 priemoni\u0173 \u012fsig\u0117rim\u0105<\/p>\n","protected":false},"featured_media":64084,"template":"","meta":[],"pwb-brand":[704],"product_brand":[],"product_cat":[742,752,722],"product_tag":[],"giftcard-category":[],"class_list":{"0":"post-73810","1":"product","2":"type-product","3":"status-publish","4":"has-post-thumbnail","6":"pwb-brand-reviderm","7":"product_cat-berimai","8":"product_cat-pigmentacija-lt","9":"product_cat-toneriai","11":"first","12":"instock","13":"taxable","14":"shipping-taxable","15":"purchasable","16":"product-type-simple"},"acf":[],"brands":[{"id":704,"name":"Reviderm","slug":"reviderm"}],"_links":{"self":[{"href":"https:\/\/skinstudio.ee\/lt\/wp-json\/wp\/v2\/product\/73810","targetHints":{"allow":["GET"]}}],"collection":[{"href":"https:\/\/skinstudio.ee\/lt\/wp-json\/wp\/v2\/product"}],"about":[{"href":"https:\/\/skinstudio.ee\/lt\/wp-json\/wp\/v2\/types\/product"}],"version-history":[{"count":1,"href":"https:\/\/skinstudio.ee\/lt\/wp-json\/wp\/v2\/product\/73810\/revisions"}],"predecessor-version":[{"id":73811,"href":"https:\/\/skinstudio.ee\/lt\/wp-json\/wp\/v2\/product\/73810\/revisions\/73811"}],"wp:featuredmedia":[{"embeddable":true,"href":"https:\/\/skinstudio.ee\/lt\/wp-json\/wp\/v2\/media\/64084"}],"wp:attachment":[{"href":"https:\/\/skinstudio.ee\/lt\/wp-json\/wp\/v2\/media?parent=73810"}],"wp:term":[{"taxonomy":"pwb-brand","embeddable":true,"href":"https:\/\/skinstudio.ee\/lt\/wp-json\/wp\/v2\/pwb-brand?post=73810"},{"taxonomy":"product_brand","embeddable":true,"href":"https:\/\/skinstudio.ee\/lt\/wp-json\/wp\/v2\/product_brand?post=73810"},{"taxonomy":"product_cat","embeddable":true,"href":"https:\/\/skinstudio.ee\/lt\/wp-json\/wp\/v2\/product_cat?post=73810"},{"taxonomy":"product_tag","embeddable":true,"href":"https:\/\/skinstudio.ee\/lt\/wp-json\/wp\/v2\/product_tag?post=73810"},{"taxonomy":"giftcard-category","embeddable":true,"href":"https:\/\/skinstudio.ee\/lt\/wp-json\/wp\/v2\/giftcard-category?post=73810"}],"curies":[{"name":"wp","href":"https:\/\/api.w.org\/{rel}","templated":true}]}}