{"id":73817,"date":"2025-07-15T13:00:26","date_gmt":"2025-07-15T13:00:26","guid":{"rendered":"https:\/\/skinstudio.ee\/?post_type=product&#038;p=73817"},"modified":"2026-01-21T13:57:28","modified_gmt":"2026-01-21T13:57:28","slug":"aha-cleansing-foam","status":"publish","type":"product","link":"https:\/\/skinstudio.ee\/lt\/catalog\/reviderm\/aha-cleansing-foam\/","title":{"rendered":"AHA Cleansing Foam"},"content":{"rendered":"<p data-start=\"1225\" data-end=\"1514\">Valomosios putos su AHA r\u016bg\u0161timis kruop\u0161\u010diai pa\u0161alina ne\u0161varumus ir makia\u017e\u0105 bei \u0161velniai veikia keratoliti\u0161kai, suteikdamos odai nat\u016bralaus \u0161vyt\u0117jimo. AHA kompleksas, sudarytas i\u0161 glikolio, pieno ir obuoli\u0173 r\u016bg\u0161\u010di\u0173, skatina odos atsinaujinim\u0105 ir padeda stabilizuoti odos apsaugin\u012f barjer\u0105.<\/p>\n<p data-start=\"1516\" data-end=\"1533\"><strong data-start=\"1516\" data-end=\"1526\">T\u016bris:<\/strong> 200 ml<\/p>\n","protected":false},"excerpt":{"rendered":"<p data-start=\"1683\" data-end=\"1725\">\u0160velnios valomosios putos su AHA r\u016bg\u0161timis<\/p>\n<h2 data-start=\"1727\" data-end=\"1768\"><strong data-start=\"1727\" data-end=\"1768\">Reviderm &#8211; AHA Cleansing Foam Savyb\u0117s<\/strong><\/h2>\n<p data-start=\"1770\" data-end=\"2018\">\u2714\ufe0f Efektyviai pa\u0161alina ne\u0161varumus, riebal\u0173 pertekli\u0173 ir makia\u017e\u0105<br data-start=\"1833\" data-end=\"1836\" \/>\u2714\ufe0f Atnaujina od\u0105 d\u0117l AHA r\u016bg\u0161\u010di\u0173 poveikio<br data-start=\"1877\" data-end=\"1880\" \/>\u2714\ufe0f Gerina odos tekst\u016br\u0105 ir suvienodina atspalv\u012f<br data-start=\"1927\" data-end=\"1930\" \/>\u2714\ufe0f Skatina l\u0105steli\u0173 atsinaujinim\u0105 ir \u0161vyt\u0117jim\u0105<br data-start=\"1976\" data-end=\"1979\" \/>\u2714\ufe0f Paruo\u0161ia od\u0105 tolimesnei prie\u017ei\u016brai<\/p>\n","protected":false},"featured_media":64089,"template":"","meta":[],"pwb-brand":[704],"product_brand":[],"product_cat":[718],"product_tag":[],"giftcard-category":[],"class_list":{"0":"post-73817","1":"product","2":"type-product","3":"status-publish","4":"has-post-thumbnail","6":"pwb-brand-reviderm","7":"product_cat-valymas","9":"first","10":"instock","11":"taxable","12":"shipping-taxable","13":"purchasable","14":"product-type-simple"},"acf":[],"brands":[{"id":704,"name":"Reviderm","slug":"reviderm"}],"_links":{"self":[{"href":"https:\/\/skinstudio.ee\/lt\/wp-json\/wp\/v2\/product\/73817","targetHints":{"allow":["GET"]}}],"collection":[{"href":"https:\/\/skinstudio.ee\/lt\/wp-json\/wp\/v2\/product"}],"about":[{"href":"https:\/\/skinstudio.ee\/lt\/wp-json\/wp\/v2\/types\/product"}],"version-history":[{"count":1,"href":"https:\/\/skinstudio.ee\/lt\/wp-json\/wp\/v2\/product\/73817\/revisions"}],"predecessor-version":[{"id":73818,"href":"https:\/\/skinstudio.ee\/lt\/wp-json\/wp\/v2\/product\/73817\/revisions\/73818"}],"wp:featuredmedia":[{"embeddable":true,"href":"https:\/\/skinstudio.ee\/lt\/wp-json\/wp\/v2\/media\/64089"}],"wp:attachment":[{"href":"https:\/\/skinstudio.ee\/lt\/wp-json\/wp\/v2\/media?parent=73817"}],"wp:term":[{"taxonomy":"pwb-brand","embeddable":true,"href":"https:\/\/skinstudio.ee\/lt\/wp-json\/wp\/v2\/pwb-brand?post=73817"},{"taxonomy":"product_brand","embeddable":true,"href":"https:\/\/skinstudio.ee\/lt\/wp-json\/wp\/v2\/product_brand?post=73817"},{"taxonomy":"product_cat","embeddable":true,"href":"https:\/\/skinstudio.ee\/lt\/wp-json\/wp\/v2\/product_cat?post=73817"},{"taxonomy":"product_tag","embeddable":true,"href":"https:\/\/skinstudio.ee\/lt\/wp-json\/wp\/v2\/product_tag?post=73817"},{"taxonomy":"giftcard-category","embeddable":true,"href":"https:\/\/skinstudio.ee\/lt\/wp-json\/wp\/v2\/giftcard-category?post=73817"}],"curies":[{"name":"wp","href":"https:\/\/api.w.org\/{rel}","templated":true}]}}