{"id":73865,"date":"2026-01-14T11:34:53","date_gmt":"2026-01-14T11:34:53","guid":{"rendered":"https:\/\/skinstudio.ee\/?post_type=product&#038;p=73865"},"modified":"2026-01-21T13:57:32","modified_gmt":"2026-01-21T13:57:32","slug":"opc-glow-mask","status":"publish","type":"product","link":"https:\/\/skinstudio.ee\/lt\/catalog\/reviderm\/opc-glow-mask\/","title":{"rendered":"OPC Glow Mask"},"content":{"rendered":"<p data-start=\"2018\" data-end=\"2278\">OPC Glow Mask i\u0161 Reviderm yra prabangi veido kauk\u0117, sukurta odai atkurti, giliai dr\u0117kinti ir suteikti jai momentin\u012f spindes\u012f bei gaiv\u0173 i\u0161vaizd\u0105. Kauk\u0117 padeda suma\u017einti sausum\u0105, palaiko od\u0105 aplinkos streso s\u0105lygomis ir skatina tolygesn\u012f, \u0161vytint\u012f odos atspalv\u012f.<\/p>\n<p data-start=\"2280\" data-end=\"2633\">Formul\u0117 sujungia intensyv\u0173 dr\u0117kinim\u0105, antioksidacin\u0119 apsaug\u0105 ir od\u0105 energizuojan\u010di\u0105 prie\u017ei\u016br\u0105. Kauk\u0117 padeda atkurti od\u0105, padarydama j\u0105 lygesn\u0119, labiau pamaitint\u0105 ir vizualiai stangresn\u0119. Ji idealiai tinka kaip greito poveikio proced\u016bra prie\u0161 svarbius \u012fvykius ir gali b\u016bti naudojama kaip makia\u017eo pagrindas, siekiant sveikos ir spindin\u010dios odos i\u0161vaizdos.<\/p>\n<p data-start=\"2635\" data-end=\"2661\"><strong data-start=\"2635\" data-end=\"2659\">Aktyv\u016bs ingredientai<\/strong><\/p>\n<ul data-start=\"2662\" data-end=\"3154\">\n<li data-start=\"2662\" data-end=\"2866\">\n<p data-start=\"2664\" data-end=\"2866\"><strong data-start=\"2664\" data-end=\"2715\">Vitamin D Booster (Nectaria Lithops ekstraktas)<\/strong> \u2013 padeda skatinti vitamino D sintez\u0119 odoje, palaiko mikrocirkuliacij\u0105 ir gerina odos dr\u0117gm\u0117s lyg\u012f, suteikdamas odai stangresn\u0119 ir gaivesn\u0119 i\u0161vaizd\u0105.<\/p>\n<\/li>\n<li data-start=\"2867\" data-end=\"3032\">\n<p data-start=\"2869\" data-end=\"3032\"><strong data-start=\"2869\" data-end=\"2902\">Augalin\u0117s kilm\u0117s aminor\u016bg\u0161tis<\/strong> \u2013 padeda suteikti odai momentin\u012f gaivumo ir energijos poj\u016bt\u012f, palaiko l\u0105steli\u0173 energijos apykait\u0105 ir ma\u017eina nuovargio po\u017eymius.<\/p>\n<\/li>\n<li data-start=\"3033\" data-end=\"3154\">\n<p data-start=\"3035\" data-end=\"3154\"><strong data-start=\"3035\" data-end=\"3042\">OPC<\/strong> \u2013 galingas antioksidant\u0173 kompleksas, padedantis apsaugoti od\u0105 nuo oksidacinio streso ir prie\u0161laikinio sen\u0117jimo.<\/p>\n<\/li>\n<\/ul>\n<p data-start=\"3156\" data-end=\"3287\">Priemon\u0117 tinka normaliai, dehidratuotai ir sausai odai, taip pat odai, turin\u010diai pirmuosius sen\u0117jimo po\u017eymius ir nuovargio \u017eenklus.<\/p>\n<p data-start=\"3289\" data-end=\"3309\"><strong data-start=\"3289\" data-end=\"3299\">T\u016bris:<\/strong> <strong data-start=\"3300\" data-end=\"3309\">50 ml<\/strong><\/p>\n","protected":false},"excerpt":{"rendered":"<p data-start=\"3519\" data-end=\"3552\">Spindesio suteikianti veido kauk\u0117<\/p>\n<h2 data-start=\"3554\" data-end=\"3594\"><strong data-start=\"3558\" data-end=\"3594\">Reviderm &#8211; OPC Glow Mask Savyb\u0117s<\/strong><\/h2>\n<p data-start=\"3596\" data-end=\"3848\">\u2714\ufe0f Suteikia odai momentin\u012f spindes\u012f ir gaivum\u0105<br data-start=\"3642\" data-end=\"3645\" \/>\u2714\ufe0f Giliai dr\u0117kina ir padeda suma\u017einti sausum\u0105<br data-start=\"3690\" data-end=\"3693\" \/>\u2714\ufe0f Padeda suma\u017einti nuovargio ir streso po\u017eymius odoje<br data-start=\"3747\" data-end=\"3750\" \/>\u2714\ufe0f Palaiko odos atsistatym\u0105 ir komfort\u0105<br data-start=\"3789\" data-end=\"3792\" \/>\u2714\ufe0f Padaro od\u0105 lygesn\u0119, labiau pamaitint\u0105 ir spindin\u010di\u0105<\/p>\n","protected":false},"featured_media":73871,"template":"","meta":[],"pwb-brand":[704],"product_brand":[],"product_cat":[726,740,750],"product_tag":[],"giftcard-category":[],"class_list":{"0":"post-73865","1":"product","2":"type-product","3":"status-publish","4":"has-post-thumbnail","6":"pwb-brand-reviderm","7":"product_cat-maskas-lt","8":"product_cat-sausai-odai","9":"product_cat-senstanti-oda","11":"first","12":"instock","13":"taxable","14":"shipping-taxable","15":"purchasable","16":"product-type-simple"},"acf":[],"brands":[{"id":704,"name":"Reviderm","slug":"reviderm"}],"_links":{"self":[{"href":"https:\/\/skinstudio.ee\/lt\/wp-json\/wp\/v2\/product\/73865","targetHints":{"allow":["GET"]}}],"collection":[{"href":"https:\/\/skinstudio.ee\/lt\/wp-json\/wp\/v2\/product"}],"about":[{"href":"https:\/\/skinstudio.ee\/lt\/wp-json\/wp\/v2\/types\/product"}],"version-history":[{"count":1,"href":"https:\/\/skinstudio.ee\/lt\/wp-json\/wp\/v2\/product\/73865\/revisions"}],"predecessor-version":[{"id":73866,"href":"https:\/\/skinstudio.ee\/lt\/wp-json\/wp\/v2\/product\/73865\/revisions\/73866"}],"wp:featuredmedia":[{"embeddable":true,"href":"https:\/\/skinstudio.ee\/lt\/wp-json\/wp\/v2\/media\/73871"}],"wp:attachment":[{"href":"https:\/\/skinstudio.ee\/lt\/wp-json\/wp\/v2\/media?parent=73865"}],"wp:term":[{"taxonomy":"pwb-brand","embeddable":true,"href":"https:\/\/skinstudio.ee\/lt\/wp-json\/wp\/v2\/pwb-brand?post=73865"},{"taxonomy":"product_brand","embeddable":true,"href":"https:\/\/skinstudio.ee\/lt\/wp-json\/wp\/v2\/product_brand?post=73865"},{"taxonomy":"product_cat","embeddable":true,"href":"https:\/\/skinstudio.ee\/lt\/wp-json\/wp\/v2\/product_cat?post=73865"},{"taxonomy":"product_tag","embeddable":true,"href":"https:\/\/skinstudio.ee\/lt\/wp-json\/wp\/v2\/product_tag?post=73865"},{"taxonomy":"giftcard-category","embeddable":true,"href":"https:\/\/skinstudio.ee\/lt\/wp-json\/wp\/v2\/giftcard-category?post=73865"}],"curies":[{"name":"wp","href":"https:\/\/api.w.org\/{rel}","templated":true}]}}