{"id":73896,"date":"2026-01-14T11:51:13","date_gmt":"2026-01-14T11:51:13","guid":{"rendered":"https:\/\/skinstudio.ee\/?post_type=product&#038;p=73896"},"modified":"2026-01-14T11:58:58","modified_gmt":"2026-01-14T11:58:58","slug":"biretix-soothing-gel","status":"publish","type":"product","link":"https:\/\/skinstudio.ee\/lt\/catalog\/cantabria-labs\/biretix-soothing-gel\/","title":{"rendered":"Biretix Soothing Gel"},"content":{"rendered":"<p data-start=\"2223\" data-end=\"2507\">Biretix Soothing Gel nuo Cantabria Labs \u2013 tai raminamasis gelis, sukurtas odos b\u016bklei pagerinti ir rezultatams palaikyti po geriamojo ir\/ar vietinio akn\u0117s gydymo. Jis padeda i\u0161laikyti od\u0105 \u0161vari\u0105, suma\u017einti nauj\u0173 netobulum\u0173 atsiradim\u0105 ir palaikyti komforti\u0161k\u0105, subalansuot\u0105 odos b\u016bkl\u0119.<\/p>\n<p data-start=\"2509\" data-end=\"2816\">Formul\u0117 pagr\u012fsta i\u0161skirtine RetinSphere\u00ae technologija, papildyta dr\u0117kinan\u010diais, mink\u0161tinan\u010diais ir antioksidaciniais ingredientais. Gelis padeda pagerinti odos tekst\u016br\u0105, suma\u017eina diskomforto poj\u016bt\u012f ir palaiko optimal\u0173 dr\u0117gm\u0117s lyg\u012f \u012f akn\u0119 linkusioje odoje. Lengva gelin\u0117 tekst\u016bra tinka kasdieniam naudojimui.<\/p>\n<p data-start=\"2818\" data-end=\"2844\"><strong data-start=\"2818\" data-end=\"2842\">Aktyv\u016bs ingredientai<\/strong><\/p>\n<ul data-start=\"2845\" data-end=\"3282\">\n<li data-start=\"2845\" data-end=\"2997\">\n<p data-start=\"2847\" data-end=\"2997\"><strong data-start=\"2847\" data-end=\"2930\">RetinSphere\u00ae technologija (hydroxypinacolone retinoate ir retinol glycospheres)<\/strong> \u2013 padeda palaikyti odos atsinaujinim\u0105 ir pagerinti jos tekst\u016br\u0105.<\/p>\n<\/li>\n<li data-start=\"2998\" data-end=\"3058\">\n<p data-start=\"3000\" data-end=\"3058\"><strong data-start=\"3000\" data-end=\"3012\">Papainas<\/strong> \u2013 padeda \u0161velniai atnaujinti odos pavir\u0161i\u0173.<\/p>\n<\/li>\n<li data-start=\"3059\" data-end=\"3113\">\n<p data-start=\"3061\" data-end=\"3113\"><strong data-start=\"3061\" data-end=\"3076\">Vitaminas E<\/strong> \u2013 suteikia antioksidacin\u0119 apsaug\u0105.<\/p>\n<\/li>\n<li data-start=\"3114\" data-end=\"3205\">\n<p data-start=\"3116\" data-end=\"3205\"><strong data-start=\"3116\" data-end=\"3156\">Natural Moisturising Factors (R-MFN)<\/strong> \u2013 padeda palaikyti optimal\u0173 odos dr\u0117gm\u0117s lyg\u012f.<\/p>\n<\/li>\n<li data-start=\"3206\" data-end=\"3282\">\n<p data-start=\"3208\" data-end=\"3282\"><strong data-start=\"3208\" data-end=\"3236\">Aloe vera ir bisabololis<\/strong> \u2013 ramina od\u0105 ir padeda suma\u017einti diskomfort\u0105.<\/p>\n<\/li>\n<\/ul>\n<p data-start=\"3284\" data-end=\"3390\">Priemon\u0117 tinka riebiai ir \u012f akn\u0119 linkusiai odai, taip pat odai su i\u0161sipl\u0117tusiomis poromis ir netobulumais.<\/p>\n<p data-start=\"3392\" data-end=\"3412\"><strong data-start=\"3392\" data-end=\"3402\">T\u016bris:<\/strong> <strong data-start=\"3403\" data-end=\"3412\">50 ml<\/strong><\/p>\n","protected":false},"excerpt":{"rendered":"<p data-start=\"3508\" data-end=\"3535\">Gelis \u012f akn\u0119 linkusiai odai<\/p>\n<h2 data-start=\"3537\" data-end=\"3590\"><strong data-start=\"3541\" data-end=\"3590\">Cantabria Labs &#8211; Biretix Soothing Gel Savyb\u0117s<\/strong><\/h2>\n<p data-start=\"3592\" data-end=\"3799\">\u2714\ufe0f Padeda palaikyti rezultatus po akn\u0117s gydymo<br data-start=\"3638\" data-end=\"3641\" \/>\u2714\ufe0f Gerina odos tekst\u016br\u0105 ir glotnum\u0105<br data-start=\"3676\" data-end=\"3679\" \/>\u2714\ufe0f Suteikia odai dr\u0117kinim\u0105 ir komfort\u0105<br data-start=\"3717\" data-end=\"3720\" \/>\u2714\ufe0f Palaiko \u012f akn\u0119 linkusios odos pusiausvyr\u0105<br data-start=\"3764\" data-end=\"3767\" \/>\u2714\ufe0f Tinka kasdieniam naudojimui<\/p>\n","protected":false},"featured_media":73888,"template":"","meta":[],"pwb-brand":[1202],"product_brand":[],"product_cat":[742,738,744,748],"product_tag":[],"giftcard-category":[],"class_list":{"0":"post-73896","1":"product","2":"type-product","3":"status-publish","4":"has-post-thumbnail","6":"pwb-brand-cantabria-labs","7":"product_cat-berimai","8":"product_cat-drekinimas","9":"product_cat-issipletusios-poros","10":"product_cat-taukainai-adai-lt","12":"first","13":"instock","14":"taxable","15":"shipping-taxable","16":"purchasable","17":"product-type-simple"},"acf":[],"brands":[{"id":1202,"name":"Cantabria Labs","slug":"cantabria-labs"}],"_links":{"self":[{"href":"https:\/\/skinstudio.ee\/lt\/wp-json\/wp\/v2\/product\/73896","targetHints":{"allow":["GET"]}}],"collection":[{"href":"https:\/\/skinstudio.ee\/lt\/wp-json\/wp\/v2\/product"}],"about":[{"href":"https:\/\/skinstudio.ee\/lt\/wp-json\/wp\/v2\/types\/product"}],"version-history":[{"count":1,"href":"https:\/\/skinstudio.ee\/lt\/wp-json\/wp\/v2\/product\/73896\/revisions"}],"predecessor-version":[{"id":73897,"href":"https:\/\/skinstudio.ee\/lt\/wp-json\/wp\/v2\/product\/73896\/revisions\/73897"}],"wp:featuredmedia":[{"embeddable":true,"href":"https:\/\/skinstudio.ee\/lt\/wp-json\/wp\/v2\/media\/73888"}],"wp:attachment":[{"href":"https:\/\/skinstudio.ee\/lt\/wp-json\/wp\/v2\/media?parent=73896"}],"wp:term":[{"taxonomy":"pwb-brand","embeddable":true,"href":"https:\/\/skinstudio.ee\/lt\/wp-json\/wp\/v2\/pwb-brand?post=73896"},{"taxonomy":"product_brand","embeddable":true,"href":"https:\/\/skinstudio.ee\/lt\/wp-json\/wp\/v2\/product_brand?post=73896"},{"taxonomy":"product_cat","embeddable":true,"href":"https:\/\/skinstudio.ee\/lt\/wp-json\/wp\/v2\/product_cat?post=73896"},{"taxonomy":"product_tag","embeddable":true,"href":"https:\/\/skinstudio.ee\/lt\/wp-json\/wp\/v2\/product_tag?post=73896"},{"taxonomy":"giftcard-category","embeddable":true,"href":"https:\/\/skinstudio.ee\/lt\/wp-json\/wp\/v2\/giftcard-category?post=73896"}],"curies":[{"name":"wp","href":"https:\/\/api.w.org\/{rel}","templated":true}]}}