{"id":73929,"date":"2026-01-14T13:29:39","date_gmt":"2026-01-14T13:29:39","guid":{"rendered":"https:\/\/skinstudio.ee\/?post_type=product&#038;p=73929"},"modified":"2026-01-21T13:57:34","modified_gmt":"2026-01-21T13:57:34","slug":"azelac-lotion","status":"publish","type":"product","link":"https:\/\/skinstudio.ee\/lt\/catalog\/sesderma-lt\/azelac-lotion\/","title":{"rendered":"AZELAC Lotion"},"content":{"rendered":"<p data-start=\"1988\" data-end=\"2297\">AZELAC Lotion nuo Sesderma \u2013 tai intensyvus losjonas reguliariai odos prie\u017ei\u016brai, kai oda linkusi \u012f netolyg\u0173 reljef\u0105, u\u017esikim\u0161usias poras ir u\u017edegiminius elementus. Jis padeda palaikyti labiau subalansuot\u0105 ir pri\u017ei\u016br\u0117t\u0105 odos b\u016bkl\u0119, gerindamas bendr\u0105 jos i\u0161vaizd\u0105 ir \u0161varos poj\u016bt\u012f be lipnumo ar sunkumo jausmo.<\/p>\n<p data-start=\"2299\" data-end=\"2550\">Priemon\u0119 patogu naudoti ne tik veidui, bet ir k\u016bnui, nugarai, dekolt\u0117 sri\u010diai bei po skutimosi. Losjonas lengvai pasiskirsto ant odos, greitai susigeria ir nesukelia diskomforto. Reguliariai naudojant oda tampa lygesn\u0117, \u0161varesn\u0117 ir tolygesn\u0117 lie\u010diant.<\/p>\n<p data-start=\"2552\" data-end=\"2588\"><strong data-start=\"2552\" data-end=\"2588\">Pagrindini\u0173 komponent\u0173 poveikis:<\/strong><\/p>\n<p data-start=\"2590\" data-end=\"2911\"><strong data-start=\"2590\" data-end=\"2606\">Azelaic Acid<\/strong> \u2013 padeda i\u0161lyginti odos ton\u0105, suma\u017einti paraudimo matomum\u0105 ir palaikyti ramesn\u0119 odos b\u016bkl\u0119.<br data-start=\"2698\" data-end=\"2701\" \/><strong data-start=\"2701\" data-end=\"2719\">Salicylic Acid<\/strong> \u2013 skatina por\u0173 valym\u0105 ir odos pavir\u0161iaus atsinaujinim\u0105, ma\u017eindama polink\u012f \u012f b\u0117rimus.<br data-start=\"2804\" data-end=\"2807\" \/><strong data-start=\"2807\" data-end=\"2827\">Propylene Glycol<\/strong> \u2013 pagerina formul\u0117s pasiskirstym\u0105 ir padeda i\u0161laikyti komforto poj\u016bt\u012f po naudojimo.<\/p>\n<p data-start=\"2913\" data-end=\"3116\">Priemon\u0117 tinka riebiai, mi\u0161riai ir probleminei odai, taip pat odai, linkusiai \u012f b\u0117rimus, u\u017esikim\u0161usias poras ir \u012faugusius plaukelius. Galima naudoti tiek veidui, tiek k\u016bnui, \u012fskaitant zonas po skutimosi.<\/p>\n<p data-start=\"3118\" data-end=\"3139\"><strong data-start=\"3118\" data-end=\"3128\">T\u016bris:<\/strong> <strong data-start=\"3129\" data-end=\"3139\">100 ml<\/strong><\/p>\n","protected":false},"excerpt":{"rendered":"<p data-start=\"3296\" data-end=\"3321\">Losjonas probleminei odai<\/p>\n<h2 data-start=\"3323\" data-end=\"3359\"><strong data-start=\"3323\" data-end=\"3359\">Sesderma &#8211; AZELAC Lotion Savyb\u0117s<\/strong><\/h2>\n<p data-start=\"3361\" data-end=\"3553\">\u2714\ufe0f I\u0161lygina odos tekst\u016br\u0105 ir ton\u0105<br data-start=\"3394\" data-end=\"3397\" \/>\u2714\ufe0f Ma\u017eina riebal\u0173 pertekli\u0173 ir blizges\u012f<br data-start=\"3436\" data-end=\"3439\" \/>\u2714\ufe0f Valo poras ir ma\u017eina u\u017esikim\u0161im\u0105<br data-start=\"3474\" data-end=\"3477\" \/>\u2714\ufe0f Padeda ma\u017einti u\u017edegiminius elementus<br data-start=\"3517\" data-end=\"3520\" \/>\u2714\ufe0f Padaro odos pavir\u0161i\u0173 lygesn\u012f<\/p>\n","protected":false},"featured_media":73921,"template":"","meta":[],"pwb-brand":[1263],"product_brand":[],"product_cat":[742,744,724,748],"product_tag":[],"giftcard-category":[],"class_list":{"0":"post-73929","1":"product","2":"type-product","3":"status-publish","4":"has-post-thumbnail","6":"pwb-brand-sesderma-lt","7":"product_cat-berimai","8":"product_cat-issipletusios-poros","9":"product_cat-serumai","10":"product_cat-taukainai-adai-lt","12":"first","13":"instock","14":"taxable","15":"shipping-taxable","16":"purchasable","17":"product-type-simple"},"acf":[],"brands":[{"id":1263,"name":"Sesderma","slug":"sesderma-lt"}],"_links":{"self":[{"href":"https:\/\/skinstudio.ee\/lt\/wp-json\/wp\/v2\/product\/73929","targetHints":{"allow":["GET"]}}],"collection":[{"href":"https:\/\/skinstudio.ee\/lt\/wp-json\/wp\/v2\/product"}],"about":[{"href":"https:\/\/skinstudio.ee\/lt\/wp-json\/wp\/v2\/types\/product"}],"version-history":[{"count":1,"href":"https:\/\/skinstudio.ee\/lt\/wp-json\/wp\/v2\/product\/73929\/revisions"}],"predecessor-version":[{"id":73930,"href":"https:\/\/skinstudio.ee\/lt\/wp-json\/wp\/v2\/product\/73929\/revisions\/73930"}],"wp:featuredmedia":[{"embeddable":true,"href":"https:\/\/skinstudio.ee\/lt\/wp-json\/wp\/v2\/media\/73921"}],"wp:attachment":[{"href":"https:\/\/skinstudio.ee\/lt\/wp-json\/wp\/v2\/media?parent=73929"}],"wp:term":[{"taxonomy":"pwb-brand","embeddable":true,"href":"https:\/\/skinstudio.ee\/lt\/wp-json\/wp\/v2\/pwb-brand?post=73929"},{"taxonomy":"product_brand","embeddable":true,"href":"https:\/\/skinstudio.ee\/lt\/wp-json\/wp\/v2\/product_brand?post=73929"},{"taxonomy":"product_cat","embeddable":true,"href":"https:\/\/skinstudio.ee\/lt\/wp-json\/wp\/v2\/product_cat?post=73929"},{"taxonomy":"product_tag","embeddable":true,"href":"https:\/\/skinstudio.ee\/lt\/wp-json\/wp\/v2\/product_tag?post=73929"},{"taxonomy":"giftcard-category","embeddable":true,"href":"https:\/\/skinstudio.ee\/lt\/wp-json\/wp\/v2\/giftcard-category?post=73929"}],"curies":[{"name":"wp","href":"https:\/\/api.w.org\/{rel}","templated":true}]}}