{"id":73944,"date":"2026-01-14T15:15:51","date_gmt":"2026-01-14T15:15:51","guid":{"rendered":"https:\/\/skinstudio.ee\/?post_type=product&#038;p=73944"},"modified":"2026-01-21T13:57:34","modified_gmt":"2026-01-21T13:57:34","slug":"azelac-moisturizing-cream","status":"publish","type":"product","link":"https:\/\/skinstudio.ee\/lt\/catalog\/sesderma-lt\/azelac-moisturizing-cream\/","title":{"rendered":"AZELAC Moisturizing Cream"},"content":{"rendered":"<p data-start=\"2062\" data-end=\"2362\">AZELAC Moisturizing Cream nuo Sesderma \u2013 tai dr\u0117kinamasis kremas reguliariai odos prie\u017ei\u016brai, kai oda linkusi \u012f paraudim\u0105, netolyg\u0173 ton\u0105 ir padid\u0117jus\u012f jautrum\u0105. Jis padeda palaikyti ramesn\u0119 ir labiau subalansuot\u0105 odos b\u016bkl\u0119, gerindamas bendr\u0105 komforto poj\u016bt\u012f ir i\u0161vaizd\u0105 be sunkumo ar riebumo jausmo.<\/p>\n<p data-start=\"2364\" data-end=\"2629\">Kremas maloniai pasiskirsto ant odos, greitai susigeria ir tinka kasdieniam naudojimui. Reguliariai naudojant oda tampa \u0161velnesn\u0117, lygesn\u0117 ir elastingesn\u0117, o veido spalva atrodo gaivesn\u0117 ir tolygesn\u0117. Odos tekst\u016bra palaipsniui tampa labiau pri\u017ei\u016br\u0117ta ir vienodesn\u0117.<\/p>\n<p data-start=\"2631\" data-end=\"2667\"><strong data-start=\"2631\" data-end=\"2667\">Pagrindini\u0173 komponent\u0173 poveikis:<\/strong><\/p>\n<p data-start=\"2669\" data-end=\"2992\"><strong data-start=\"2669\" data-end=\"2685\">Azelaic Acid<\/strong> \u2013 padeda suma\u017einti paraudimo matomum\u0105 ir palaikyti ramesn\u012f, tolygesn\u012f odos ton\u0105.<br data-start=\"2766\" data-end=\"2769\" \/><strong data-start=\"2769\" data-end=\"2788\">Hyaluronic Acid<\/strong> \u2013 intensyviai dr\u0117kina ir padeda i\u0161laikyti odos elastingum\u0105 bei komforto poj\u016bt\u012f.<br data-start=\"2868\" data-end=\"2871\" \/><strong data-start=\"2871\" data-end=\"2895\">Milk Thistle Extract<\/strong> \u2013 suteikia antioksidacin\u0119 apsaug\u0105 ir padeda palaikyti od\u0105 kasdienio aplinkos poveikio s\u0105lygomis.<\/p>\n<p data-start=\"2994\" data-end=\"3162\">Kremas tinka jautriai, mi\u0161riai ir probleminei odai, taip pat odai, linkusiai \u012f paraudim\u0105 ir netolyg\u0173 ton\u0105. Galima naudoti kaip kasdien\u0117s prie\u017ei\u016bros dal\u012f ryte ir vakare.<\/p>\n<p data-start=\"3164\" data-end=\"3184\"><strong data-start=\"3164\" data-end=\"3174\">T\u016bris:<\/strong> <strong data-start=\"3175\" data-end=\"3184\">50 ml<\/strong><\/p>\n","protected":false},"excerpt":{"rendered":"<p data-start=\"3327\" data-end=\"3367\">Dr\u0117kinamasis kremas su azelaino r\u016bg\u0161timi<\/p>\n<h2 data-start=\"3369\" data-end=\"3417\"><strong data-start=\"3369\" data-end=\"3417\">Sesderma &#8211; AZELAC Moisturizing Cream Savyb\u0117s<\/strong><\/h2>\n<p data-start=\"3419\" data-end=\"3631\">\u2714\ufe0f Greitai ramina od\u0105 ir ma\u017eina diskomfort\u0105<br data-start=\"3462\" data-end=\"3465\" \/>\u2714\ufe0f Pastebimai ma\u017eina paraudim\u0105 ir jautrum\u0105<br data-start=\"3507\" data-end=\"3510\" \/>\u2714\ufe0f Padaro od\u0105 \u0161velni\u0105 ir lygi\u0105<br data-start=\"3540\" data-end=\"3543\" \/>\u2714\ufe0f Padeda i\u0161laikyti tolyg\u0173 ir gaiv\u0173 atspalv\u012f<br data-start=\"3587\" data-end=\"3590\" \/>\u2714\ufe0f Pagerina bendr\u0105 odos komforto poj\u016bt\u012f<\/p>\n","protected":false},"featured_media":73936,"template":"","meta":[],"pwb-brand":[1263],"product_brand":[],"product_cat":[742,738,746],"product_tag":[],"giftcard-category":[],"class_list":{"0":"post-73944","1":"product","2":"type-product","3":"status-publish","4":"has-post-thumbnail","6":"pwb-brand-sesderma-lt","7":"product_cat-berimai","8":"product_cat-drekinimas","9":"product_cat-jautriai-odai","11":"first","12":"instock","13":"taxable","14":"shipping-taxable","15":"purchasable","16":"product-type-simple"},"acf":[],"brands":[{"id":1263,"name":"Sesderma","slug":"sesderma-lt"}],"_links":{"self":[{"href":"https:\/\/skinstudio.ee\/lt\/wp-json\/wp\/v2\/product\/73944","targetHints":{"allow":["GET"]}}],"collection":[{"href":"https:\/\/skinstudio.ee\/lt\/wp-json\/wp\/v2\/product"}],"about":[{"href":"https:\/\/skinstudio.ee\/lt\/wp-json\/wp\/v2\/types\/product"}],"version-history":[{"count":1,"href":"https:\/\/skinstudio.ee\/lt\/wp-json\/wp\/v2\/product\/73944\/revisions"}],"predecessor-version":[{"id":73945,"href":"https:\/\/skinstudio.ee\/lt\/wp-json\/wp\/v2\/product\/73944\/revisions\/73945"}],"wp:featuredmedia":[{"embeddable":true,"href":"https:\/\/skinstudio.ee\/lt\/wp-json\/wp\/v2\/media\/73936"}],"wp:attachment":[{"href":"https:\/\/skinstudio.ee\/lt\/wp-json\/wp\/v2\/media?parent=73944"}],"wp:term":[{"taxonomy":"pwb-brand","embeddable":true,"href":"https:\/\/skinstudio.ee\/lt\/wp-json\/wp\/v2\/pwb-brand?post=73944"},{"taxonomy":"product_brand","embeddable":true,"href":"https:\/\/skinstudio.ee\/lt\/wp-json\/wp\/v2\/product_brand?post=73944"},{"taxonomy":"product_cat","embeddable":true,"href":"https:\/\/skinstudio.ee\/lt\/wp-json\/wp\/v2\/product_cat?post=73944"},{"taxonomy":"product_tag","embeddable":true,"href":"https:\/\/skinstudio.ee\/lt\/wp-json\/wp\/v2\/product_tag?post=73944"},{"taxonomy":"giftcard-category","embeddable":true,"href":"https:\/\/skinstudio.ee\/lt\/wp-json\/wp\/v2\/giftcard-category?post=73944"}],"curies":[{"name":"wp","href":"https:\/\/api.w.org\/{rel}","templated":true}]}}