{"id":73976,"date":"2026-01-14T15:46:34","date_gmt":"2026-01-14T15:46:34","guid":{"rendered":"https:\/\/skinstudio.ee\/?post_type=product&#038;p=73976"},"modified":"2026-01-21T13:57:34","modified_gmt":"2026-01-21T13:57:34","slug":"azelac-ru-ampoules-depigmenting-booster","status":"publish","type":"product","link":"https:\/\/skinstudio.ee\/lt\/catalog\/sesderma-lt\/azelac-ru-ampoules-depigmenting-booster\/","title":{"rendered":"AZELAC RU Ampoules Depigmenting Booster"},"content":{"rendered":"<p data-start=\"1757\" data-end=\"2052\">AZELAC RU Ampoules Depigmenting Booster nuo Sesderma \u2013 tai koncentruota depigmentuojamoji prie\u017ei\u016bra ampuli\u0173 formatu, skirta netolygiam odos tonui ir matomai pigmentacijai koreguoti. Formul\u0117 sukurta palaipsniui gerinti odos skaistum\u0105 ir bendr\u0105 ton\u0105, neapsunkinant odos ir nesukeliant diskomforto.<\/p>\n<p data-start=\"2054\" data-end=\"2304\">Ampul\u0117s lengvai pasiskirsto ant odos, greitai susigeria ir tinka tiek intensyviems kursams, tiek reguliariai kasdienei prie\u017ei\u016brai. Reguliariai naudojant oda atrodo gaivesn\u0117, tolygesn\u0117 ir labiau pri\u017ei\u016br\u0117ta, o veido spalva tampa \u0161varesn\u0117 ir vienodesn\u0117.<\/p>\n<p data-start=\"2306\" data-end=\"2342\"><strong data-start=\"2306\" data-end=\"2342\">Pagrindini\u0173 komponent\u0173 poveikis:<\/strong><\/p>\n<p data-start=\"2344\" data-end=\"2627\"><strong data-start=\"2344\" data-end=\"2363\">Tranexamic Acid<\/strong> \u2013 padeda ma\u017einti pigmentacijos matomum\u0105 ir palaikyti tolygesn\u012f odos atspalv\u012f.<br data-start=\"2441\" data-end=\"2444\" \/><strong data-start=\"2444\" data-end=\"2460\">Azelaic Acid<\/strong> \u2013 padeda koreguoti odos ton\u0105 ir gerinti bendr\u0105 odos b\u016bkl\u0119.<br data-start=\"2519\" data-end=\"2522\" \/><strong data-start=\"2522\" data-end=\"2543\">4-Butylresorcinol<\/strong> \u2013 veikia netolygios pigmentacijos zonas ir padeda pasiekti vienodesn\u0119 veido spalv\u0105.<\/p>\n<p data-start=\"2629\" data-end=\"2810\">Tinka visiems odos tipams, taip pat odai, linkusiai \u012f pigmentacij\u0105, netolyg\u0173 atspalv\u012f ir saul\u0117s pa\u017eeidim\u0173 po\u017eymius. Galima naudoti tiek kursais, tiek kaip kasdien\u0117s prie\u017ei\u016bros dal\u012f.<\/p>\n<p data-start=\"2812\" data-end=\"2838\"><strong data-start=\"2812\" data-end=\"2822\">T\u016bris:<\/strong> <strong data-start=\"2823\" data-end=\"2838\">10 x 1.5 ml<\/strong><\/p>\n","protected":false},"excerpt":{"rendered":"<p data-start=\"2951\" data-end=\"2984\">Depigmentuojan\u010dios ampul\u0117s veidui<\/p>\n<h2 data-start=\"2986\" data-end=\"3048\"><strong data-start=\"2986\" data-end=\"3048\">Sesderma &#8211; AZELAC RU Ampoules Depigmenting Booster Savyb\u0117s<\/strong><\/h2>\n<p data-start=\"3050\" data-end=\"3249\">\u2714\ufe0f Padeda suvienodinti bendr\u0105 odos ton\u0105<br data-start=\"3089\" data-end=\"3092\" \/>\u2714\ufe0f Veikia matomas pigmentines d\u0117mes<br data-start=\"3127\" data-end=\"3130\" \/>\u2714\ufe0f Padeda i\u0161vengti nauj\u0173 d\u0117mi\u0173 atsiradimo<br data-start=\"3171\" data-end=\"3174\" \/>\u2714\ufe0f Suteikia odai gaivumo ir skaistumo<br data-start=\"3211\" data-end=\"3214\" \/>\u2714\ufe0f Palaiko tolygesn\u0119 veido spalv\u0105<\/p>\n","protected":false},"featured_media":73967,"template":"","meta":[],"pwb-brand":[1263],"product_brand":[],"product_cat":[752,750,724],"product_tag":[],"giftcard-category":[],"class_list":{"0":"post-73976","1":"product","2":"type-product","3":"status-publish","4":"has-post-thumbnail","6":"pwb-brand-sesderma-lt","7":"product_cat-pigmentacija-lt","8":"product_cat-senstanti-oda","9":"product_cat-serumai","11":"first","12":"instock","13":"taxable","14":"shipping-taxable","15":"purchasable","16":"product-type-simple"},"acf":[],"brands":[{"id":1263,"name":"Sesderma","slug":"sesderma-lt"}],"_links":{"self":[{"href":"https:\/\/skinstudio.ee\/lt\/wp-json\/wp\/v2\/product\/73976","targetHints":{"allow":["GET"]}}],"collection":[{"href":"https:\/\/skinstudio.ee\/lt\/wp-json\/wp\/v2\/product"}],"about":[{"href":"https:\/\/skinstudio.ee\/lt\/wp-json\/wp\/v2\/types\/product"}],"version-history":[{"count":1,"href":"https:\/\/skinstudio.ee\/lt\/wp-json\/wp\/v2\/product\/73976\/revisions"}],"predecessor-version":[{"id":73977,"href":"https:\/\/skinstudio.ee\/lt\/wp-json\/wp\/v2\/product\/73976\/revisions\/73977"}],"wp:featuredmedia":[{"embeddable":true,"href":"https:\/\/skinstudio.ee\/lt\/wp-json\/wp\/v2\/media\/73967"}],"wp:attachment":[{"href":"https:\/\/skinstudio.ee\/lt\/wp-json\/wp\/v2\/media?parent=73976"}],"wp:term":[{"taxonomy":"pwb-brand","embeddable":true,"href":"https:\/\/skinstudio.ee\/lt\/wp-json\/wp\/v2\/pwb-brand?post=73976"},{"taxonomy":"product_brand","embeddable":true,"href":"https:\/\/skinstudio.ee\/lt\/wp-json\/wp\/v2\/product_brand?post=73976"},{"taxonomy":"product_cat","embeddable":true,"href":"https:\/\/skinstudio.ee\/lt\/wp-json\/wp\/v2\/product_cat?post=73976"},{"taxonomy":"product_tag","embeddable":true,"href":"https:\/\/skinstudio.ee\/lt\/wp-json\/wp\/v2\/product_tag?post=73976"},{"taxonomy":"giftcard-category","embeddable":true,"href":"https:\/\/skinstudio.ee\/lt\/wp-json\/wp\/v2\/giftcard-category?post=73976"}],"curies":[{"name":"wp","href":"https:\/\/api.w.org\/{rel}","templated":true}]}}