{"id":73992,"date":"2026-01-14T15:59:44","date_gmt":"2026-01-14T15:59:44","guid":{"rendered":"https:\/\/skinstudio.ee\/?post_type=product&#038;p=73992"},"modified":"2026-01-21T13:57:35","modified_gmt":"2026-01-21T13:57:35","slug":"azelac-ru-gel-cream","status":"publish","type":"product","link":"https:\/\/skinstudio.ee\/lt\/catalog\/sesderma-lt\/azelac-ru-gel-cream\/","title":{"rendered":"AZELAC RU Gel Cream"},"content":{"rendered":"<p data-start=\"1730\" data-end=\"2024\">AZELAC RU Gel Cream nuo Sesderma \u2013 tai gelinis kremas reguliariai odos prie\u017ei\u016brai, kai oda pasi\u017eymi netolygiu atspalviu, pigmentacija ir fotosen\u0117jimo po\u017eymiais. Formul\u0117 skirta palaipsniui gerinti odos ton\u0105 ir bendr\u0105 jos b\u016bkl\u0119, padedant odai atrodyti labiau pri\u017ei\u016br\u0117tai, gaivesnei ir tolygesnei.<\/p>\n<p data-start=\"2026\" data-end=\"2282\">Lengva gelinio kremo tekst\u016bra maloniai pasiskirsto ant odos, greitai susigeria ir neapsunkina odos, tod\u0117l tinka kasdieniam naudojimui, taip pat mi\u0161riai ir riebiai odai. Reguliariai naudojant oda tampa lygesn\u0117, stangresn\u0117 ir atrodo tolygesn\u0117 pagal atspalv\u012f.<\/p>\n<p data-start=\"2284\" data-end=\"2320\"><strong data-start=\"2284\" data-end=\"2320\">Pagrindini\u0173 komponent\u0173 poveikis:<\/strong><\/p>\n<p data-start=\"2322\" data-end=\"2605\"><strong data-start=\"2322\" data-end=\"2341\">Tranexamic Acid<\/strong> \u2013 padeda ma\u017einti pigmentacijos matomum\u0105 ir palaikyti tolygesn\u012f odos atspalv\u012f.<br data-start=\"2419\" data-end=\"2422\" \/><strong data-start=\"2422\" data-end=\"2438\">Azelaic Acid<\/strong> \u2013 padeda koreguoti odos ton\u0105 ir gerinti bendr\u0105 odos b\u016bkl\u0119.<br data-start=\"2497\" data-end=\"2500\" \/><strong data-start=\"2500\" data-end=\"2521\">4-Butylresorcinol<\/strong> \u2013 veikia netolygios pigmentacijos zonas ir padeda pasiekti vienodesn\u0119 veido spalv\u0105.<\/p>\n<p data-start=\"2607\" data-end=\"2780\">Tinka visiems odos tipams, \u012fskaitant od\u0105, linkusi\u0105 \u012f pigmentacij\u0105, netolyg\u0173 atspalv\u012f ir saul\u0117s pa\u017eeidim\u0173 po\u017eymius. Galima naudoti visus metus kaip kasdien\u0117s prie\u017ei\u016bros dal\u012f.<\/p>\n<p data-start=\"2782\" data-end=\"2802\"><strong data-start=\"2782\" data-end=\"2792\">T\u016bris:<\/strong> <strong data-start=\"2793\" data-end=\"2802\">50 ml<\/strong><\/p>\n","protected":false},"excerpt":{"rendered":"<p data-start=\"3015\" data-end=\"3049\">Gelin\u0117 kremas su azelaino r\u016bg\u0161timi<\/p>\n<h2 data-start=\"3051\" data-end=\"3093\"><strong data-start=\"3051\" data-end=\"3093\">Sesderma &#8211; AZELAC RU Gel Cream Savyb\u0117s<\/strong><\/h2>\n<p data-start=\"3095\" data-end=\"3285\">\u2714\ufe0f I\u0161lygina odos atspalv\u012f ir pigmentacij\u0105<br data-start=\"3136\" data-end=\"3139\" \/>\u2714\ufe0f Padeda i\u0161vengti nauj\u0173 d\u0117mi\u0173 atsiradimo<br data-start=\"3180\" data-end=\"3183\" \/>\u2714\ufe0f Palaiko odos stangrum\u0105 ir tank\u012f<br data-start=\"3217\" data-end=\"3220\" \/>\u2714\ufe0f Ma\u017eina matomus fotosen\u0117jimo po\u017eymius<br data-start=\"3259\" data-end=\"3262\" \/>\u2714\ufe0f Padaro od\u0105 lygesn\u0119<\/p>\n","protected":false},"featured_media":73983,"template":"","meta":[],"pwb-brand":[1263],"product_brand":[],"product_cat":[742,738,752,750],"product_tag":[],"giftcard-category":[],"class_list":{"0":"post-73992","1":"product","2":"type-product","3":"status-publish","4":"has-post-thumbnail","6":"pwb-brand-sesderma-lt","7":"product_cat-berimai","8":"product_cat-drekinimas","9":"product_cat-pigmentacija-lt","10":"product_cat-senstanti-oda","12":"first","13":"instock","14":"taxable","15":"shipping-taxable","16":"purchasable","17":"product-type-simple"},"acf":[],"brands":[{"id":1263,"name":"Sesderma","slug":"sesderma-lt"}],"_links":{"self":[{"href":"https:\/\/skinstudio.ee\/lt\/wp-json\/wp\/v2\/product\/73992","targetHints":{"allow":["GET"]}}],"collection":[{"href":"https:\/\/skinstudio.ee\/lt\/wp-json\/wp\/v2\/product"}],"about":[{"href":"https:\/\/skinstudio.ee\/lt\/wp-json\/wp\/v2\/types\/product"}],"version-history":[{"count":1,"href":"https:\/\/skinstudio.ee\/lt\/wp-json\/wp\/v2\/product\/73992\/revisions"}],"predecessor-version":[{"id":73993,"href":"https:\/\/skinstudio.ee\/lt\/wp-json\/wp\/v2\/product\/73992\/revisions\/73993"}],"wp:featuredmedia":[{"embeddable":true,"href":"https:\/\/skinstudio.ee\/lt\/wp-json\/wp\/v2\/media\/73983"}],"wp:attachment":[{"href":"https:\/\/skinstudio.ee\/lt\/wp-json\/wp\/v2\/media?parent=73992"}],"wp:term":[{"taxonomy":"pwb-brand","embeddable":true,"href":"https:\/\/skinstudio.ee\/lt\/wp-json\/wp\/v2\/pwb-brand?post=73992"},{"taxonomy":"product_brand","embeddable":true,"href":"https:\/\/skinstudio.ee\/lt\/wp-json\/wp\/v2\/product_brand?post=73992"},{"taxonomy":"product_cat","embeddable":true,"href":"https:\/\/skinstudio.ee\/lt\/wp-json\/wp\/v2\/product_cat?post=73992"},{"taxonomy":"product_tag","embeddable":true,"href":"https:\/\/skinstudio.ee\/lt\/wp-json\/wp\/v2\/product_tag?post=73992"},{"taxonomy":"giftcard-category","embeddable":true,"href":"https:\/\/skinstudio.ee\/lt\/wp-json\/wp\/v2\/giftcard-category?post=73992"}],"curies":[{"name":"wp","href":"https:\/\/api.w.org\/{rel}","templated":true}]}}