{"id":74007,"date":"2026-01-14T16:27:52","date_gmt":"2026-01-14T16:27:52","guid":{"rendered":"https:\/\/skinstudio.ee\/?post_type=product&#038;p=74007"},"modified":"2026-01-21T13:57:35","modified_gmt":"2026-01-21T13:57:35","slug":"azelac-ru-liposomal-serum","status":"publish","type":"product","link":"https:\/\/skinstudio.ee\/lt\/catalog\/sesderma\/azelac-ru-liposomal-serum\/","title":{"rendered":"AZELAC RU Liposomal Serum"},"content":{"rendered":"<p data-start=\"1729\" data-end=\"2048\">AZELAC RU Liposomal Serum nuo Sesderma \u2013 tai koncentruotas serumas reguliariai odos prie\u017ei\u016brai, kai oda pasi\u017eymi netolygiu atspalviu, pigmentacija ir saul\u0117s pa\u017eeidim\u0173 po\u017eymiais. Formul\u0117 skirta palaipsniui gerinti odos kokyb\u0119, padedant veido odai atrodyti tolygesnei, gaivesnei ir labiau pri\u017ei\u016br\u0117tai, neapsunkinant odos.<\/p>\n<p data-start=\"2050\" data-end=\"2323\">Lengva tekst\u016bra greitai susigeria ir puikiai tinka tiek intensyviems kursams, tiek kasdienei palaikomajai prie\u017ei\u016brai. Reguliariai naudojant oda tampa lygesn\u0117, stangresn\u0117 ir atrodo pastebimai tolygesn\u0117 pagal atspalv\u012f, o bendras vaizdas tampa \u0161varesnis ir labiau pri\u017ei\u016br\u0117tas.<\/p>\n<p data-start=\"2325\" data-end=\"2361\"><strong data-start=\"2325\" data-end=\"2361\">Pagrindini\u0173 komponent\u0173 poveikis:<\/strong><\/p>\n<p data-start=\"2363\" data-end=\"2646\"><strong data-start=\"2363\" data-end=\"2382\">Tranexamic Acid<\/strong> \u2013 padeda ma\u017einti pigmentacijos matomum\u0105 ir palaikyti tolygesn\u012f odos atspalv\u012f.<br data-start=\"2460\" data-end=\"2463\" \/><strong data-start=\"2463\" data-end=\"2479\">Azelaic Acid<\/strong> \u2013 padeda koreguoti odos ton\u0105 ir gerinti bendr\u0105 odos b\u016bkl\u0119.<br data-start=\"2538\" data-end=\"2541\" \/><strong data-start=\"2541\" data-end=\"2562\">4-Butylresorcinol<\/strong> \u2013 veikia netolygios pigmentacijos zonas ir padeda pasiekti vienodesn\u0119 veido spalv\u0105.<\/p>\n<p data-start=\"2648\" data-end=\"2821\">Tinka visiems odos tipams, \u012fskaitant od\u0105, linkusi\u0105 \u012f pigmentacij\u0105, netolyg\u0173 atspalv\u012f ir saul\u0117s pa\u017eeidim\u0173 po\u017eymius. Galima naudoti visus metus kaip kasdien\u0117s prie\u017ei\u016bros dal\u012f.<\/p>\n<p data-start=\"2823\" data-end=\"2843\"><strong data-start=\"2823\" data-end=\"2833\">T\u016bris:<\/strong> <strong data-start=\"2834\" data-end=\"2843\">30 ml<\/strong><\/p>\n","protected":false},"excerpt":{"rendered":"<p data-start=\"2975\" data-end=\"3003\">Serumas su azelaino r\u016bg\u0161timi<\/p>\n<h2 data-start=\"3005\" data-end=\"3053\"><strong data-start=\"3005\" data-end=\"3053\">Sesderma &#8211; AZELAC RU Liposomal Serum Savyb\u0117s<\/strong><\/h2>\n<p data-start=\"3055\" data-end=\"3245\">\u2714\ufe0f I\u0161lygina odos atspalv\u012f ir pigmentacij\u0105<br data-start=\"3096\" data-end=\"3099\" \/>\u2714\ufe0f Padeda i\u0161vengti nauj\u0173 d\u0117mi\u0173 atsiradimo<br data-start=\"3140\" data-end=\"3143\" \/>\u2714\ufe0f Palaiko odos stangrum\u0105 ir tank\u012f<br data-start=\"3177\" data-end=\"3180\" \/>\u2714\ufe0f Ma\u017eina matomus fotosen\u0117jimo po\u017eymius<br data-start=\"3219\" data-end=\"3222\" \/>\u2714\ufe0f Padaro od\u0105 lygesn\u0119<\/p>\n","protected":false},"featured_media":73999,"template":"","meta":[],"pwb-brand":[1263],"product_brand":[],"product_cat":[752,750,724],"product_tag":[],"giftcard-category":[],"class_list":{"0":"post-74007","1":"product","2":"type-product","3":"status-publish","4":"has-post-thumbnail","6":"pwb-brand-sesderma","7":"product_cat-pigmentacija-lt","8":"product_cat-senstanti-oda","9":"product_cat-serumai","11":"first","12":"instock","13":"sale","14":"taxable","15":"shipping-taxable","16":"purchasable","17":"product-type-simple"},"acf":[],"brands":[{"id":1263,"name":"Sesderma","slug":"sesderma"}],"_links":{"self":[{"href":"https:\/\/skinstudio.ee\/lt\/wp-json\/wp\/v2\/product\/74007","targetHints":{"allow":["GET"]}}],"collection":[{"href":"https:\/\/skinstudio.ee\/lt\/wp-json\/wp\/v2\/product"}],"about":[{"href":"https:\/\/skinstudio.ee\/lt\/wp-json\/wp\/v2\/types\/product"}],"version-history":[{"count":1,"href":"https:\/\/skinstudio.ee\/lt\/wp-json\/wp\/v2\/product\/74007\/revisions"}],"predecessor-version":[{"id":74008,"href":"https:\/\/skinstudio.ee\/lt\/wp-json\/wp\/v2\/product\/74007\/revisions\/74008"}],"wp:featuredmedia":[{"embeddable":true,"href":"https:\/\/skinstudio.ee\/lt\/wp-json\/wp\/v2\/media\/73999"}],"wp:attachment":[{"href":"https:\/\/skinstudio.ee\/lt\/wp-json\/wp\/v2\/media?parent=74007"}],"wp:term":[{"taxonomy":"pwb-brand","embeddable":true,"href":"https:\/\/skinstudio.ee\/lt\/wp-json\/wp\/v2\/pwb-brand?post=74007"},{"taxonomy":"product_brand","embeddable":true,"href":"https:\/\/skinstudio.ee\/lt\/wp-json\/wp\/v2\/product_brand?post=74007"},{"taxonomy":"product_cat","embeddable":true,"href":"https:\/\/skinstudio.ee\/lt\/wp-json\/wp\/v2\/product_cat?post=74007"},{"taxonomy":"product_tag","embeddable":true,"href":"https:\/\/skinstudio.ee\/lt\/wp-json\/wp\/v2\/product_tag?post=74007"},{"taxonomy":"giftcard-category","embeddable":true,"href":"https:\/\/skinstudio.ee\/lt\/wp-json\/wp\/v2\/giftcard-category?post=74007"}],"curies":[{"name":"wp","href":"https:\/\/api.w.org\/{rel}","templated":true}]}}