{"id":74027,"date":"2026-01-15T08:54:36","date_gmt":"2026-01-15T08:54:36","guid":{"rendered":"https:\/\/skinstudio.ee\/?post_type=product&#038;p=74027"},"modified":"2026-01-21T13:57:35","modified_gmt":"2026-01-21T13:57:35","slug":"azelac-ru-luminous-fluid-cream-spf50","status":"publish","type":"product","link":"https:\/\/skinstudio.ee\/lt\/catalog\/sesderma-lt\/azelac-ru-luminous-fluid-cream-spf50\/","title":{"rendered":"AZELAC RU Luminous Fluid Cream SPF50"},"content":{"rendered":"<p data-start=\"1892\" data-end=\"2265\">AZELAC RU Luminous Fluid Cream SPF50 nuo Sesderma \u2013 tai apsauginis fluidinis kremas kasdienei odos prie\u017ei\u016brai, kai oda pasi\u017eymi pigmentacija, netolygiu atspalviu ir polinkiu \u012f saul\u0117s sukeltus pa\u017eeidimus. Formul\u0117 sujungia odos atspalv\u012f koreguojan\u010di\u0105 prie\u017ei\u016br\u0105 ir auk\u0161to lygio apsaug\u0105 nuo saul\u0117s, pad\u0117dama odai vis\u0105 dien\u0105 i\u0161likti tolygesnei, labiau pri\u017ei\u016br\u0117tai ir apsaugotai.<\/p>\n<p data-start=\"2267\" data-end=\"2563\">Lengva fluidin\u0117 tekst\u016bra maloniai pasiskirsto ant odos, greitai susigeria ir neapsunkina odos, tod\u0117l tinka kasdieniam naudojimui visus metus. Reguliariai naudojant oda atrodo tolygesn\u0117 pagal atspalv\u012f, gaivesn\u0117 ir labiau pri\u017ei\u016br\u0117ta, o bendras veido vaizdas tampa \u0161varesnis ir labiau subalansuotas.<\/p>\n<p data-start=\"2565\" data-end=\"2601\"><strong data-start=\"2565\" data-end=\"2601\">Pagrindini\u0173 komponent\u0173 poveikis:<\/strong><\/p>\n<p data-start=\"2603\" data-end=\"2885\"><strong data-start=\"2603\" data-end=\"2622\">Tranexamic Acid<\/strong> \u2013 padeda ma\u017einti pigmentacijos matomum\u0105 ir palaikyti tolygesn\u012f odos atspalv\u012f.<br data-start=\"2700\" data-end=\"2703\" \/><strong data-start=\"2703\" data-end=\"2719\">Azelaic Acid<\/strong> \u2013 padeda koreguoti odos atspalv\u012f ir gerinti bendr\u0105 odos b\u016bkl\u0119.<br data-start=\"2782\" data-end=\"2785\" \/><strong data-start=\"2785\" data-end=\"2806\">4-Butylresorcinol<\/strong> \u2013 veikia netolygaus pigmento zonas ir padeda pasiekti vienodesn\u0119 veido spalv\u0105.<\/p>\n<p data-start=\"2887\" data-end=\"3072\">Tinka visiems odos tipams, \u012fskaitant od\u0105, linkusi\u0105 \u012f pigmentacij\u0105, netolyg\u0173 atspalv\u012f ir saul\u0117s pa\u017eeidim\u0173 po\u017eymius. Galima naudoti kasdien ir visus metus kaip dienin\u0119 apsaugin\u0119 priemon\u0119.<\/p>\n<p data-start=\"3074\" data-end=\"3094\"><strong data-start=\"3074\" data-end=\"3084\">T\u016bris:<\/strong> <strong data-start=\"3085\" data-end=\"3094\">50 ml<\/strong><\/p>\n","protected":false},"excerpt":{"rendered":"<p data-start=\"3264\" data-end=\"3310\">Fluidinis kremas su azelaino r\u016bg\u0161timi ir SPF50<\/p>\n<h2 data-start=\"3312\" data-end=\"3371\"><strong data-start=\"3312\" data-end=\"3371\">Sesderma &#8211; AZELAC RU Luminous Fluid Cream SPF50 Savyb\u0117s<\/strong><\/h2>\n<p data-start=\"3373\" data-end=\"3582\">\u2714\ufe0f I\u0161lygina odos atspalv\u012f ir ma\u017eina pigmentacij\u0105<br data-start=\"3421\" data-end=\"3424\" \/>\u2714\ufe0f Padeda i\u0161vengti nauj\u0173 d\u0117mi\u0173 atsiradimo<br data-start=\"3465\" data-end=\"3468\" \/>\u2714\ufe0f Suteikia auk\u0161to lygio apsaug\u0105 nuo saul\u0117s<br data-start=\"3511\" data-end=\"3514\" \/>\u2714\ufe0f Padaro od\u0105 lygesn\u0119 ir gaivesn\u0119<br data-start=\"3547\" data-end=\"3550\" \/>\u2714\ufe0f Tinka kasdieniam naudojimui<\/p>\n","protected":false},"featured_media":74019,"template":"","meta":[],"pwb-brand":[1263],"product_brand":[],"product_cat":[738,752,750,732],"product_tag":[],"giftcard-category":[],"class_list":{"0":"post-74027","1":"product","2":"type-product","3":"status-publish","4":"has-post-thumbnail","6":"pwb-brand-sesderma-lt","7":"product_cat-drekinimas","8":"product_cat-pigmentacija-lt","9":"product_cat-senstanti-oda","10":"product_cat-spf-apsauga","12":"first","13":"instock","14":"taxable","15":"shipping-taxable","16":"purchasable","17":"product-type-simple"},"acf":[],"brands":[{"id":1263,"name":"Sesderma","slug":"sesderma-lt"}],"_links":{"self":[{"href":"https:\/\/skinstudio.ee\/lt\/wp-json\/wp\/v2\/product\/74027","targetHints":{"allow":["GET"]}}],"collection":[{"href":"https:\/\/skinstudio.ee\/lt\/wp-json\/wp\/v2\/product"}],"about":[{"href":"https:\/\/skinstudio.ee\/lt\/wp-json\/wp\/v2\/types\/product"}],"version-history":[{"count":1,"href":"https:\/\/skinstudio.ee\/lt\/wp-json\/wp\/v2\/product\/74027\/revisions"}],"predecessor-version":[{"id":74028,"href":"https:\/\/skinstudio.ee\/lt\/wp-json\/wp\/v2\/product\/74027\/revisions\/74028"}],"wp:featuredmedia":[{"embeddable":true,"href":"https:\/\/skinstudio.ee\/lt\/wp-json\/wp\/v2\/media\/74019"}],"wp:attachment":[{"href":"https:\/\/skinstudio.ee\/lt\/wp-json\/wp\/v2\/media?parent=74027"}],"wp:term":[{"taxonomy":"pwb-brand","embeddable":true,"href":"https:\/\/skinstudio.ee\/lt\/wp-json\/wp\/v2\/pwb-brand?post=74027"},{"taxonomy":"product_brand","embeddable":true,"href":"https:\/\/skinstudio.ee\/lt\/wp-json\/wp\/v2\/product_brand?post=74027"},{"taxonomy":"product_cat","embeddable":true,"href":"https:\/\/skinstudio.ee\/lt\/wp-json\/wp\/v2\/product_cat?post=74027"},{"taxonomy":"product_tag","embeddable":true,"href":"https:\/\/skinstudio.ee\/lt\/wp-json\/wp\/v2\/product_tag?post=74027"},{"taxonomy":"giftcard-category","embeddable":true,"href":"https:\/\/skinstudio.ee\/lt\/wp-json\/wp\/v2\/giftcard-category?post=74027"}],"curies":[{"name":"wp","href":"https:\/\/api.w.org\/{rel}","templated":true}]}}