{"id":74043,"date":"2026-01-15T09:01:29","date_gmt":"2026-01-15T09:01:29","guid":{"rendered":"https:\/\/skinstudio.ee\/?post_type=product&#038;p=74043"},"modified":"2026-01-21T13:57:35","modified_gmt":"2026-01-21T13:57:35","slug":"c-vit-5-liposomal-serum","status":"publish","type":"product","link":"https:\/\/skinstudio.ee\/lt\/catalog\/sesderma\/c-vit-5-liposomal-serum\/","title":{"rendered":"C-VIT 5 Liposomal Serum"},"content":{"rendered":"<p data-start=\"1728\" data-end=\"2033\">C-VIT 5 Liposomal Serum nuo Sesderma \u2013 tai koncentruotas liposominis serumas reguliariai odos prie\u017ei\u016brai, skirtas papilk\u0117jusiai, pavargusiai odai ir odai su pirmaisiais sen\u0117jimo po\u017eymiais. Formul\u0117 skirta gerinti bendr\u0105 odos kokyb\u0119, padedant veido odai atrodyti gaivesnei, \u0161viesesnei ir labiau pri\u017ei\u016br\u0117tai.<\/p>\n<p data-start=\"2035\" data-end=\"2279\">Lengva tekst\u016bra greitai susigeria ir yra maloni ant odos, tod\u0117l tinka tiek kursiniam naudojimui, tiek kasdienei prie\u017ei\u016brai. Reguliariai naudojant oda atrodo tolygesn\u0117, geriau sudr\u0117kinta ir stangresn\u0117, o veido oda tampa labiau \u0161vytinti ir gaivi.<\/p>\n<p data-start=\"2281\" data-end=\"2317\"><strong data-start=\"2281\" data-end=\"2317\">Pagrindini\u0173 komponent\u0173 poveikis:<\/strong><\/p>\n<p data-start=\"2319\" data-end=\"2627\"><strong data-start=\"2319\" data-end=\"2340\">Vitamin C Complex<\/strong> \u2013 padeda pagerinti odos \u0161vyt\u0117jim\u0105, palaiko tolygesn\u012f odos atspalv\u012f ir suteikia veidui skaistesn\u0119 i\u0161vaizd\u0105.<br data-start=\"2447\" data-end=\"2450\" \/><strong data-start=\"2450\" data-end=\"2479\">Centella Asiatica Extract<\/strong> \u2013 padeda palaikyti odos stangrum\u0105 ir lygesn\u0119 odos tekst\u016br\u0105.<br data-start=\"2539\" data-end=\"2542\" \/><strong data-start=\"2542\" data-end=\"2564\">Sodium Hyaluronate<\/strong> \u2013 intensyviai dr\u0117kina od\u0105 ir padeda i\u0161laikyti komforto poj\u016bt\u012f.<\/p>\n<p data-start=\"2629\" data-end=\"2807\">Tinka visiems odos tipams, \u012fskaitant papilk\u0117jusi\u0105 od\u0105, su nuovargio po\u017eymiais ir pirmaisiais sen\u0117jimo po\u017eymiais. Galima naudoti tiek kursais, tiek kaip kasdien\u0117s prie\u017ei\u016bros dal\u012f.<\/p>\n<p data-start=\"2809\" data-end=\"2829\"><strong data-start=\"2809\" data-end=\"2819\">T\u016bris:<\/strong> <strong data-start=\"2820\" data-end=\"2829\">30 ml<\/strong><\/p>\n","protected":false},"excerpt":{"rendered":"<p data-start=\"2981\" data-end=\"3002\">Serumas su vitaminu C<\/p>\n<h2 data-start=\"3004\" data-end=\"3050\"><strong data-start=\"3004\" data-end=\"3050\">Sesderma &#8211; C-VIT 5 Liposomal Serum Savyb\u0117s<\/strong><\/h2>\n<p data-start=\"3052\" data-end=\"3263\">\u2714\ufe0f Padaro od\u0105 pastebimai \u0161vytin\u010di\u0105<br data-start=\"3086\" data-end=\"3089\" \/>\u2714\ufe0f Sugr\u0105\u017eina veidui gaivum\u0105 ir energij\u0105<br data-start=\"3128\" data-end=\"3131\" \/>\u2714\ufe0f I\u0161lygina odos atspalv\u012f ir pagerina veido spalv\u0105<br data-start=\"3181\" data-end=\"3184\" \/>\u2714\ufe0f Padaro od\u0105 stangresn\u0119 ir lygesn\u0119<br data-start=\"3219\" data-end=\"3222\" \/>\u2714\ufe0f Intensyviai dr\u0117kina ir mink\u0161tina od\u0105<\/p>\n","protected":false},"featured_media":74034,"template":"","meta":[],"pwb-brand":[1263],"product_brand":[],"product_cat":[750,724,730],"product_tag":[],"giftcard-category":[],"class_list":{"0":"post-74043","1":"product","2":"type-product","3":"status-publish","4":"has-post-thumbnail","6":"pwb-brand-sesderma","7":"product_cat-senstanti-oda","8":"product_cat-serumai","9":"product_cat-vitaminas-c","11":"first","12":"instock","13":"sale","14":"taxable","15":"shipping-taxable","16":"purchasable","17":"product-type-simple"},"acf":[],"brands":[{"id":1263,"name":"Sesderma","slug":"sesderma"}],"_links":{"self":[{"href":"https:\/\/skinstudio.ee\/lt\/wp-json\/wp\/v2\/product\/74043","targetHints":{"allow":["GET"]}}],"collection":[{"href":"https:\/\/skinstudio.ee\/lt\/wp-json\/wp\/v2\/product"}],"about":[{"href":"https:\/\/skinstudio.ee\/lt\/wp-json\/wp\/v2\/types\/product"}],"version-history":[{"count":1,"href":"https:\/\/skinstudio.ee\/lt\/wp-json\/wp\/v2\/product\/74043\/revisions"}],"predecessor-version":[{"id":74044,"href":"https:\/\/skinstudio.ee\/lt\/wp-json\/wp\/v2\/product\/74043\/revisions\/74044"}],"wp:featuredmedia":[{"embeddable":true,"href":"https:\/\/skinstudio.ee\/lt\/wp-json\/wp\/v2\/media\/74034"}],"wp:attachment":[{"href":"https:\/\/skinstudio.ee\/lt\/wp-json\/wp\/v2\/media?parent=74043"}],"wp:term":[{"taxonomy":"pwb-brand","embeddable":true,"href":"https:\/\/skinstudio.ee\/lt\/wp-json\/wp\/v2\/pwb-brand?post=74043"},{"taxonomy":"product_brand","embeddable":true,"href":"https:\/\/skinstudio.ee\/lt\/wp-json\/wp\/v2\/product_brand?post=74043"},{"taxonomy":"product_cat","embeddable":true,"href":"https:\/\/skinstudio.ee\/lt\/wp-json\/wp\/v2\/product_cat?post=74043"},{"taxonomy":"product_tag","embeddable":true,"href":"https:\/\/skinstudio.ee\/lt\/wp-json\/wp\/v2\/product_tag?post=74043"},{"taxonomy":"giftcard-category","embeddable":true,"href":"https:\/\/skinstudio.ee\/lt\/wp-json\/wp\/v2\/giftcard-category?post=74043"}],"curies":[{"name":"wp","href":"https:\/\/api.w.org\/{rel}","templated":true}]}}