{"id":74059,"date":"2026-01-15T09:11:40","date_gmt":"2026-01-15T09:11:40","guid":{"rendered":"https:\/\/skinstudio.ee\/?post_type=product&#038;p=74059"},"modified":"2026-01-21T13:57:35","modified_gmt":"2026-01-21T13:57:35","slug":"c-vit-ax-advance-ampoules","status":"publish","type":"product","link":"https:\/\/skinstudio.ee\/lt\/catalog\/sesderma-lt\/c-vit-ax-advance-ampoules\/","title":{"rendered":"C-VIT AX+ Advance Ampoules"},"content":{"rendered":"<p data-start=\"1681\" data-end=\"1986\"><strong data-start=\"1681\" data-end=\"1724\">C-VIT AX+ Advance Ampoules nuo Sesderma<\/strong> &#8211; tai intensyvus ampuli\u0173 kursas odai, pasi\u017eymin\u010diai papilk\u0117jusiu atspalviu, nuovargio po\u017eymiais ir pirmaisiais sen\u0117jimo po\u017eymiais. Formul\u0117 skirta pagerinti odos \u0161vyt\u0117jim\u0105, tobulinti jos tekst\u016br\u0105 ir palaikyti gaivesn\u0119, labiau pri\u017ei\u016br\u0117t\u0105 ir rafinuotesn\u0119 i\u0161vaizd\u0105.<\/p>\n<p data-start=\"1988\" data-end=\"2187\">Lengva serumo tekst\u016bra greitai susigeria ir tolygiai pasiskirsto ant odos. Reguliariai naudojant oda atrodo lygesn\u0117, stangresn\u0117 ir elastingesn\u0117, o veido spalva tampa \u0161viesesn\u0117, \u0161varesn\u0117 ir tolygesn\u0117.<\/p>\n<p data-start=\"2189\" data-end=\"2225\"><strong data-start=\"2189\" data-end=\"2225\">Pagrindini\u0173 komponent\u0173 poveikis:<\/strong><\/p>\n<p data-start=\"2227\" data-end=\"2549\"><strong data-start=\"2227\" data-end=\"2248\">Vitamin C Complex<\/strong> &#8211; padeda pagerinti odos \u0161vyt\u0117jim\u0105, palaiko tolygesn\u012f odos atspalv\u012f ir suteikia odai skaistesn\u0119 i\u0161vaizd\u0105.<br data-start=\"2353\" data-end=\"2356\" \/><strong data-start=\"2356\" data-end=\"2371\">Niacinamide<\/strong> &#8211; padeda gerinti bendr\u0105 odos kokyb\u0119 ir skatina lygesn\u0119, rafinuotesn\u0119 tekst\u016br\u0105.<br data-start=\"2450\" data-end=\"2453\" \/><strong data-start=\"2453\" data-end=\"2475\">Sodium Hyaluronate<\/strong> &#8211; intensyviai dr\u0117kina od\u0105 ir padeda palaikyti optimal\u0173 odos dr\u0117gm\u0117s lyg\u012f.<\/p>\n<p data-start=\"2551\" data-end=\"2741\">Tinka visiems odos tipams, \u012fskaitant od\u0105 su papilk\u0117jusiu atspalviu, nuovargio po\u017eymiais ir pirmaisiais sen\u0117jimo po\u017eymiais. Galima naudoti kaip kurs\u0105 arba kaip kasdien\u0117s odos prie\u017ei\u016bros dal\u012f.<\/p>\n<p data-start=\"2743\" data-end=\"2769\"><strong data-start=\"2743\" data-end=\"2753\">T\u016bris:<\/strong> <strong data-start=\"2754\" data-end=\"2769\">10 x 1.5 ml<\/strong><\/p>\n","protected":false},"excerpt":{"rendered":"<p data-start=\"2914\" data-end=\"2932\">Vitamino C ampul\u0117s<\/p>\n<h2 data-start=\"2934\" data-end=\"2983\"><strong data-start=\"2934\" data-end=\"2983\">Sesderma &#8211; C-VIT AX+ Advance Ampoules Savyb\u0117s<\/strong><\/h2>\n<p data-start=\"2985\" data-end=\"3194\">\u2714\ufe0f Atkuria odos \u0161vyt\u0117jim\u0105 ir gaivum\u0105<br data-start=\"3021\" data-end=\"3024\" \/>\u2714\ufe0f Padaro od\u0105 lygesn\u0119 ir rafinuotesn\u0119<br data-start=\"3061\" data-end=\"3064\" \/>\u2714\ufe0f I\u0161lygina odos atspalv\u012f ir pagerina veido spalv\u0105<br data-start=\"3114\" data-end=\"3117\" \/>\u2714\ufe0f Gerina odos stangrum\u0105 ir tank\u012f<br data-start=\"3150\" data-end=\"3153\" \/>\u2714\ufe0f Intensyviai dr\u0117kina ir mink\u0161tina od\u0105<\/p>\n","protected":false},"featured_media":74050,"template":"","meta":[],"pwb-brand":[1263],"product_brand":[],"product_cat":[752,750,724,730],"product_tag":[],"giftcard-category":[],"class_list":{"0":"post-74059","1":"product","2":"type-product","3":"status-publish","4":"has-post-thumbnail","6":"pwb-brand-sesderma-lt","7":"product_cat-pigmentacija-lt","8":"product_cat-senstanti-oda","9":"product_cat-serumai","10":"product_cat-vitaminas-c","12":"first","13":"instock","14":"sale","15":"taxable","16":"shipping-taxable","17":"purchasable","18":"product-type-simple"},"acf":[],"brands":[{"id":1263,"name":"Sesderma","slug":"sesderma-lt"}],"_links":{"self":[{"href":"https:\/\/skinstudio.ee\/lt\/wp-json\/wp\/v2\/product\/74059","targetHints":{"allow":["GET"]}}],"collection":[{"href":"https:\/\/skinstudio.ee\/lt\/wp-json\/wp\/v2\/product"}],"about":[{"href":"https:\/\/skinstudio.ee\/lt\/wp-json\/wp\/v2\/types\/product"}],"version-history":[{"count":1,"href":"https:\/\/skinstudio.ee\/lt\/wp-json\/wp\/v2\/product\/74059\/revisions"}],"predecessor-version":[{"id":74060,"href":"https:\/\/skinstudio.ee\/lt\/wp-json\/wp\/v2\/product\/74059\/revisions\/74060"}],"wp:featuredmedia":[{"embeddable":true,"href":"https:\/\/skinstudio.ee\/lt\/wp-json\/wp\/v2\/media\/74050"}],"wp:attachment":[{"href":"https:\/\/skinstudio.ee\/lt\/wp-json\/wp\/v2\/media?parent=74059"}],"wp:term":[{"taxonomy":"pwb-brand","embeddable":true,"href":"https:\/\/skinstudio.ee\/lt\/wp-json\/wp\/v2\/pwb-brand?post=74059"},{"taxonomy":"product_brand","embeddable":true,"href":"https:\/\/skinstudio.ee\/lt\/wp-json\/wp\/v2\/product_brand?post=74059"},{"taxonomy":"product_cat","embeddable":true,"href":"https:\/\/skinstudio.ee\/lt\/wp-json\/wp\/v2\/product_cat?post=74059"},{"taxonomy":"product_tag","embeddable":true,"href":"https:\/\/skinstudio.ee\/lt\/wp-json\/wp\/v2\/product_tag?post=74059"},{"taxonomy":"giftcard-category","embeddable":true,"href":"https:\/\/skinstudio.ee\/lt\/wp-json\/wp\/v2\/giftcard-category?post=74059"}],"curies":[{"name":"wp","href":"https:\/\/api.w.org\/{rel}","templated":true}]}}