{"id":74075,"date":"2026-01-15T09:20:06","date_gmt":"2026-01-15T09:20:06","guid":{"rendered":"https:\/\/skinstudio.ee\/?post_type=product&#038;p=74075"},"modified":"2026-01-21T13:57:35","modified_gmt":"2026-01-21T13:57:35","slug":"c-vit-ax-liposomal-serum","status":"publish","type":"product","link":"https:\/\/skinstudio.ee\/lt\/catalog\/sesderma-lt\/c-vit-ax-liposomal-serum\/","title":{"rendered":"C-VIT AX+ Liposomal Serum"},"content":{"rendered":"<p data-start=\"1782\" data-end=\"2096\"><strong data-start=\"1782\" data-end=\"1824\">C-VIT AX+ Liposomal Serum nuo Sesderma<\/strong> \u2013 tai liposominis serumas reguliariai odos prie\u017ei\u016brai, skirtas papilk\u0117jusiam atspalviui, nuovargio po\u017eymiams ir pirmiesiems sen\u0117jimo po\u017eymiams. Formul\u0117 skirta gerinti bendr\u0105 odos kokyb\u0119, stiprinti \u0161vyt\u0117jim\u0105 ir palaikyti gaivesn\u0119, \u0161vytin\u010di\u0105 bei labiau pri\u017ei\u016br\u0117t\u0105 i\u0161vaizd\u0105.<\/p>\n<p data-start=\"2098\" data-end=\"2369\">Lengva tekst\u016bra greitai susigeria ir tolygiai pasiskirsto, tod\u0117l serumas tinka kasdieniam naudojimui tiek ryte, tiek vakare. Reguliariai naudojant veido spalva tampa tolygesn\u0117 ir \u0161varesn\u0117, oda \u2013 lygesn\u0117 ir stangresn\u0117, o bendras vaizdas \u2013 gaivesnis ir labiau i\u0161puosel\u0117tas.<\/p>\n<p data-start=\"2371\" data-end=\"2407\"><strong data-start=\"2371\" data-end=\"2407\">Pagrindini\u0173 komponent\u0173 poveikis:<\/strong><\/p>\n<p data-start=\"2409\" data-end=\"2719\"><strong data-start=\"2409\" data-end=\"2448\">Vitamin C (3-O-Ethyl Ascorbic Acid)<\/strong> \u2013 padeda pagerinti odos \u0161vyt\u0117jim\u0105, palaiko tolygesn\u012f odos atspalv\u012f ir sustiprina skaistum\u0105.<br data-start=\"2540\" data-end=\"2543\" \/><strong data-start=\"2543\" data-end=\"2558\">Resveratrol<\/strong> \u2013 suteikia antioksidacin\u0119 apsaug\u0105 ir padeda i\u0161laikyti pri\u017ei\u016br\u0117t\u0105 i\u0161vaizd\u0105.<br data-start=\"2633\" data-end=\"2636\" \/><strong data-start=\"2636\" data-end=\"2658\">Sodium Hyaluronate<\/strong> \u2013 dr\u0117kina od\u0105 ir padeda i\u0161laikyti jos glotnum\u0105 bei komfort\u0105.<\/p>\n<p data-start=\"2721\" data-end=\"2885\">Tinka visiems odos tipams, \u012fskaitant papilk\u0117jusi\u0105 od\u0105, su nuovargio po\u017eymiais ir pirmaisiais sen\u0117jimo po\u017eymiais. Galima naudoti kasdien\u0117je odos prie\u017ei\u016bros rutinoje.<\/p>\n<p data-start=\"2887\" data-end=\"2907\"><strong data-start=\"2887\" data-end=\"2897\">T\u016bris:<\/strong> <strong data-start=\"2898\" data-end=\"2907\">30 ml<\/strong><\/p>\n","protected":false},"excerpt":{"rendered":"<p data-start=\"3090\" data-end=\"3111\">Serumas su vitaminu C<\/p>\n<h2 data-start=\"3113\" data-end=\"3161\"><strong data-start=\"3113\" data-end=\"3161\">Sesderma &#8211; C-VIT AX+ Liposomal Serum Savyb\u0117s<\/strong><\/h2>\n<p data-start=\"3163\" data-end=\"3394\">\u2714\ufe0f Skaistina ir suvienodina veido odos atspalv\u012f<br data-start=\"3210\" data-end=\"3213\" \/>\u2714\ufe0f Atkuria \u0161vyt\u0117jim\u0105 ir gaivi\u0105 i\u0161vaizd\u0105<br data-start=\"3252\" data-end=\"3255\" \/>\u2714\ufe0f Ma\u017eina papilk\u0117jim\u0105 ir netolygi\u0105 pigmentacij\u0105<br data-start=\"3302\" data-end=\"3305\" \/>\u2714\ufe0f Palaiko odos stangrum\u0105 ir glotnum\u0105<br data-start=\"3342\" data-end=\"3345\" \/>\u2714\ufe0f Suteikia antioksidacin\u0119 apsaug\u0105 ir dr\u0117kinim\u0105<\/p>\n","protected":false},"featured_media":74066,"template":"","meta":[],"pwb-brand":[1263],"product_brand":[],"product_cat":[752,750,724,730],"product_tag":[],"giftcard-category":[],"class_list":{"0":"post-74075","1":"product","2":"type-product","3":"status-publish","4":"has-post-thumbnail","6":"pwb-brand-sesderma-lt","7":"product_cat-pigmentacija-lt","8":"product_cat-senstanti-oda","9":"product_cat-serumai","10":"product_cat-vitaminas-c","12":"first","13":"instock","14":"sale","15":"taxable","16":"shipping-taxable","17":"purchasable","18":"product-type-simple"},"acf":[],"brands":[{"id":1263,"name":"Sesderma","slug":"sesderma-lt"}],"_links":{"self":[{"href":"https:\/\/skinstudio.ee\/lt\/wp-json\/wp\/v2\/product\/74075","targetHints":{"allow":["GET"]}}],"collection":[{"href":"https:\/\/skinstudio.ee\/lt\/wp-json\/wp\/v2\/product"}],"about":[{"href":"https:\/\/skinstudio.ee\/lt\/wp-json\/wp\/v2\/types\/product"}],"version-history":[{"count":1,"href":"https:\/\/skinstudio.ee\/lt\/wp-json\/wp\/v2\/product\/74075\/revisions"}],"predecessor-version":[{"id":74076,"href":"https:\/\/skinstudio.ee\/lt\/wp-json\/wp\/v2\/product\/74075\/revisions\/74076"}],"wp:featuredmedia":[{"embeddable":true,"href":"https:\/\/skinstudio.ee\/lt\/wp-json\/wp\/v2\/media\/74066"}],"wp:attachment":[{"href":"https:\/\/skinstudio.ee\/lt\/wp-json\/wp\/v2\/media?parent=74075"}],"wp:term":[{"taxonomy":"pwb-brand","embeddable":true,"href":"https:\/\/skinstudio.ee\/lt\/wp-json\/wp\/v2\/pwb-brand?post=74075"},{"taxonomy":"product_brand","embeddable":true,"href":"https:\/\/skinstudio.ee\/lt\/wp-json\/wp\/v2\/product_brand?post=74075"},{"taxonomy":"product_cat","embeddable":true,"href":"https:\/\/skinstudio.ee\/lt\/wp-json\/wp\/v2\/product_cat?post=74075"},{"taxonomy":"product_tag","embeddable":true,"href":"https:\/\/skinstudio.ee\/lt\/wp-json\/wp\/v2\/product_tag?post=74075"},{"taxonomy":"giftcard-category","embeddable":true,"href":"https:\/\/skinstudio.ee\/lt\/wp-json\/wp\/v2\/giftcard-category?post=74075"}],"curies":[{"name":"wp","href":"https:\/\/api.w.org\/{rel}","templated":true}]}}