{"id":74091,"date":"2026-01-15T09:27:36","date_gmt":"2026-01-15T09:27:36","guid":{"rendered":"https:\/\/skinstudio.ee\/?post_type=product&#038;p=74091"},"modified":"2026-01-21T13:57:35","modified_gmt":"2026-01-21T13:57:35","slug":"c-vit-ax-moisturizing-facial-cream","status":"publish","type":"product","link":"https:\/\/skinstudio.ee\/lt\/catalog\/sesderma-lt\/c-vit-ax-moisturizing-facial-cream\/","title":{"rendered":"C-VIT AX+ Moisturizing Facial Cream"},"content":{"rendered":"<p data-start=\"1748\" data-end=\"2099\"><strong data-start=\"1748\" data-end=\"1800\">C-VIT AX+ Moisturizing Facial Cream nuo Sesderma<\/strong> \u2013 tai dr\u0117kinamasis kremas su antioksidaciniu poveikiu, skirtas kasdienei prie\u017ei\u016brai odai su papilk\u0117jusiu atspalviu, nuovargio po\u017eymiais ir pirmaisiais sen\u0117jimo po\u017eymiais. Formul\u0117 skirta gerinti bendr\u0105 odos kokyb\u0119, stiprinti \u0161vyt\u0117jim\u0105 ir palaikyti gaivesn\u0119, \u0161vytin\u010di\u0105 bei labiau pri\u017ei\u016br\u0117t\u0105 i\u0161vaizd\u0105.<\/p>\n<p data-start=\"2101\" data-end=\"2345\">Kremas pasi\u017eymi malonia tekst\u016bra, lengvai pasiskirsto ir greitai susigeria, neapsunkindamas odos. Reguliariai naudojant veido spalva tampa tolygesn\u0117 ir \u0161varesn\u0117, oda \u2013 lygesn\u0117 ir stangresn\u0117, o bendras vaizdas \u2013 gaivesnis ir labiau i\u0161puosel\u0117tas.<\/p>\n<p data-start=\"2347\" data-end=\"2383\"><strong data-start=\"2347\" data-end=\"2383\">Pagrindini\u0173 komponent\u0173 poveikis:<\/strong><\/p>\n<p data-start=\"2385\" data-end=\"2737\"><strong data-start=\"2385\" data-end=\"2424\">Vitamin C (3-O-Ethyl Ascorbic Acid)<\/strong> \u2013 padeda pagerinti odos \u0161vyt\u0117jim\u0105, palaiko tolygesn\u012f odos atspalv\u012f ir suteikia odai skaistesn\u0119 i\u0161vaizd\u0105.<br data-start=\"2529\" data-end=\"2532\" \/><strong data-start=\"2532\" data-end=\"2558\">Palmitoyl Tripeptide-5<\/strong> \u2013 palaiko odos stangrum\u0105 ir padeda skatinti tankesn\u0119, lygesn\u0119 i\u0161vaizd\u0105.<br data-start=\"2630\" data-end=\"2633\" \/><strong data-start=\"2633\" data-end=\"2648\">Resveratrol<\/strong> \u2013 suteikia antioksidacin\u0119 apsaug\u0105 ir padeda i\u0161laikyti pri\u017ei\u016br\u0117t\u0105 bei tolygesn\u0119 i\u0161vaizd\u0105.<\/p>\n<p data-start=\"2739\" data-end=\"2908\">Tinka visiems odos tipams, \u012fskaitant od\u0105 su papilk\u0117jusiu atspalviu, nuovargio po\u017eymiais ir pirmaisiais sen\u0117jimo po\u017eymiais. Puikiai tinka kasdieniam naudojimui po serumo.<\/p>\n<p data-start=\"2910\" data-end=\"2930\"><strong data-start=\"2910\" data-end=\"2920\">T\u016bris:<\/strong> <strong data-start=\"2921\" data-end=\"2930\">50 ml<\/strong><\/p>\n","protected":false},"excerpt":{"rendered":"<p data-start=\"3020\" data-end=\"3053\">Dr\u0117kinamasis kremas su vitaminu C<\/p>\n<h2 data-start=\"3055\" data-end=\"3113\"><strong data-start=\"3055\" data-end=\"3113\">Sesderma &#8211; C-VIT AX+ Moisturizing Facial Cream Savyb\u0117s<\/strong><\/h2>\n<p data-start=\"3115\" data-end=\"3312\">\u2714\ufe0f Skaistina ir suvienodina veido odos atspalv\u012f<br data-start=\"3162\" data-end=\"3165\" \/>\u2714\ufe0f Atkuria \u0161vyt\u0117jim\u0105 ir gaivi\u0105 i\u0161vaizd\u0105<br data-start=\"3204\" data-end=\"3207\" \/>\u2714\ufe0f Palaiko odos stangrum\u0105 ir tank\u012f<br data-start=\"3241\" data-end=\"3244\" \/>\u2714\ufe0f Apsaugo nuo oksidacinio streso<br data-start=\"3277\" data-end=\"3280\" \/>\u2714\ufe0f Suteikia kasdien\u012f dr\u0117kinim\u0105<\/p>\n","protected":false},"featured_media":74082,"template":"","meta":[],"pwb-brand":[1263],"product_brand":[],"product_cat":[738,752,750,730],"product_tag":[],"giftcard-category":[],"class_list":{"0":"post-74091","1":"product","2":"type-product","3":"status-publish","4":"has-post-thumbnail","6":"pwb-brand-sesderma-lt","7":"product_cat-drekinimas","8":"product_cat-pigmentacija-lt","9":"product_cat-senstanti-oda","10":"product_cat-vitaminas-c","12":"first","13":"instock","14":"sale","15":"taxable","16":"shipping-taxable","17":"purchasable","18":"product-type-simple"},"acf":[],"brands":[{"id":1263,"name":"Sesderma","slug":"sesderma-lt"}],"_links":{"self":[{"href":"https:\/\/skinstudio.ee\/lt\/wp-json\/wp\/v2\/product\/74091","targetHints":{"allow":["GET"]}}],"collection":[{"href":"https:\/\/skinstudio.ee\/lt\/wp-json\/wp\/v2\/product"}],"about":[{"href":"https:\/\/skinstudio.ee\/lt\/wp-json\/wp\/v2\/types\/product"}],"version-history":[{"count":1,"href":"https:\/\/skinstudio.ee\/lt\/wp-json\/wp\/v2\/product\/74091\/revisions"}],"predecessor-version":[{"id":74092,"href":"https:\/\/skinstudio.ee\/lt\/wp-json\/wp\/v2\/product\/74091\/revisions\/74092"}],"wp:featuredmedia":[{"embeddable":true,"href":"https:\/\/skinstudio.ee\/lt\/wp-json\/wp\/v2\/media\/74082"}],"wp:attachment":[{"href":"https:\/\/skinstudio.ee\/lt\/wp-json\/wp\/v2\/media?parent=74091"}],"wp:term":[{"taxonomy":"pwb-brand","embeddable":true,"href":"https:\/\/skinstudio.ee\/lt\/wp-json\/wp\/v2\/pwb-brand?post=74091"},{"taxonomy":"product_brand","embeddable":true,"href":"https:\/\/skinstudio.ee\/lt\/wp-json\/wp\/v2\/product_brand?post=74091"},{"taxonomy":"product_cat","embeddable":true,"href":"https:\/\/skinstudio.ee\/lt\/wp-json\/wp\/v2\/product_cat?post=74091"},{"taxonomy":"product_tag","embeddable":true,"href":"https:\/\/skinstudio.ee\/lt\/wp-json\/wp\/v2\/product_tag?post=74091"},{"taxonomy":"giftcard-category","embeddable":true,"href":"https:\/\/skinstudio.ee\/lt\/wp-json\/wp\/v2\/giftcard-category?post=74091"}],"curies":[{"name":"wp","href":"https:\/\/api.w.org\/{rel}","templated":true}]}}