{"id":74124,"date":"2026-01-15T09:53:19","date_gmt":"2026-01-15T09:53:19","guid":{"rendered":"https:\/\/skinstudio.ee\/?post_type=product&#038;p=74124"},"modified":"2026-01-21T13:57:35","modified_gmt":"2026-01-21T13:57:35","slug":"c-vit-ax-radiance-glowing-fluid","status":"publish","type":"product","link":"https:\/\/skinstudio.ee\/lt\/catalog\/sesderma-lt\/c-vit-ax-radiance-glowing-fluid\/","title":{"rendered":"C-VIT AX+ Radiance Glowing Fluid"},"content":{"rendered":"<p data-start=\"1776\" data-end=\"2103\"><strong data-start=\"1776\" data-end=\"1825\">C-VIT AX+ Radiance Glowing Fluid nuo Sesderma<\/strong> \u2013 tai lengvas, \u0161vyt\u0117jim\u0105 suteikiantis fluidas su antioksidaciniu poveikiu, skirtas kasdienei papilk\u0117jusios ir pavargusios odos prie\u017ei\u016brai. Formul\u0117 skirta gerinti bendr\u0105 odos kokyb\u0119, suvienodinti atspalv\u012f ir atkurti gaivesn\u0119, labiau pri\u017ei\u016br\u0117t\u0105 bei nat\u016braliai \u0161vytin\u010di\u0105 i\u0161vaizd\u0105.<\/p>\n<p data-start=\"2105\" data-end=\"2348\">Maloni tekst\u016bra lengvai pasiskirsto ir greitai susigeria, palikdama od\u0105 glotni\u0105 ir gaivi\u0105. Reguliariai naudojant oda atrodo tolygesn\u0117 ir labiau i\u0161puosel\u0117ta, o \u0161vies\u0105 atspindintys pigmentai suteikia veidui \u0161veln\u0173, nat\u016bral\u0173 \u0161vyt\u0117jim\u0105 vis\u0105 dien\u0105.<\/p>\n<p data-start=\"2350\" data-end=\"2386\"><strong data-start=\"2350\" data-end=\"2386\">Pagrindini\u0173 komponent\u0173 poveikis:<\/strong><\/p>\n<p data-start=\"2388\" data-end=\"2728\"><strong data-start=\"2388\" data-end=\"2427\">Vitamin C (3-O-Ethyl Ascorbic Acid)<\/strong> \u2013 padeda pagerinti odos \u0161vyt\u0117jim\u0105, suvienodinti atspalv\u012f ir sustiprinti nat\u016bral\u0173 skaistum\u0105.<br data-start=\"2519\" data-end=\"2522\" \/><strong data-start=\"2522\" data-end=\"2537\">Resveratrol<\/strong> \u2013 suteikia antioksidacin\u0119 apsaug\u0105 ir padeda i\u0161laikyti pri\u017ei\u016br\u0117t\u0105 bei tolygi\u0105 i\u0161vaizd\u0105.<br data-start=\"2624\" data-end=\"2627\" \/><strong data-start=\"2627\" data-end=\"2653\">Palmitoyl Tripeptide-5<\/strong> \u2013 palaiko odos stangrum\u0105 ir padeda skatinti lygesn\u0119 bei tankesn\u0119 i\u0161vaizd\u0105.<\/p>\n<p data-start=\"2730\" data-end=\"2864\">Tinka normaliai, mi\u0161riai ir riebiai odai, ypa\u010d kai oda atrodo papilk\u0117jusi ir pavargusi. Puikiai tinka kasdieniam naudojimui po serumo.<\/p>\n<p data-start=\"2866\" data-end=\"2886\"><strong data-start=\"2866\" data-end=\"2876\">T\u016bris:<\/strong> <strong data-start=\"2877\" data-end=\"2886\">50 ml<\/strong><\/p>\n","protected":false},"excerpt":{"rendered":"<p data-start=\"3022\" data-end=\"3055\">Veido fluidas su \u0161vyt\u0117jimo efektu<\/p>\n<h2 data-start=\"3057\" data-end=\"3112\"><strong data-start=\"3057\" data-end=\"3112\">Sesderma &#8211; C-VIT AX+ Radiance Glowing Fluid Savyb\u0117s<\/strong><\/h2>\n<p data-start=\"3114\" data-end=\"3362\">\u2714\ufe0f Skaistina ir suvienodina bendr\u0105 veido odos atspalv\u012f<br data-start=\"3168\" data-end=\"3171\" \/>\u2714\ufe0f Suteikia odai \u0161veln\u0173 nat\u016bral\u0173 \u0161vyt\u0117jim\u0105<br data-start=\"3213\" data-end=\"3216\" \/>\u2714\ufe0f Ma\u017eina matomus nuovargio ir papilk\u0117jimo po\u017eymius<br data-start=\"3267\" data-end=\"3270\" \/>\u2714\ufe0f Padaro odos pavir\u0161i\u0173 lygesn\u012f ir tolygesn\u012f<br data-start=\"3314\" data-end=\"3317\" \/>\u2714\ufe0f Suteikia kasdien\u0119 antioksidacin\u0119 apsaug\u0105<\/p>\n","protected":false},"featured_media":74115,"template":"","meta":[],"pwb-brand":[1263],"product_brand":[],"product_cat":[752,750,724,730],"product_tag":[],"giftcard-category":[],"class_list":{"0":"post-74124","1":"product","2":"type-product","3":"status-publish","4":"has-post-thumbnail","6":"pwb-brand-sesderma-lt","7":"product_cat-pigmentacija-lt","8":"product_cat-senstanti-oda","9":"product_cat-serumai","10":"product_cat-vitaminas-c","12":"first","13":"instock","14":"sale","15":"taxable","16":"shipping-taxable","17":"purchasable","18":"product-type-simple"},"acf":[],"brands":[{"id":1263,"name":"Sesderma","slug":"sesderma-lt"}],"_links":{"self":[{"href":"https:\/\/skinstudio.ee\/lt\/wp-json\/wp\/v2\/product\/74124","targetHints":{"allow":["GET"]}}],"collection":[{"href":"https:\/\/skinstudio.ee\/lt\/wp-json\/wp\/v2\/product"}],"about":[{"href":"https:\/\/skinstudio.ee\/lt\/wp-json\/wp\/v2\/types\/product"}],"version-history":[{"count":1,"href":"https:\/\/skinstudio.ee\/lt\/wp-json\/wp\/v2\/product\/74124\/revisions"}],"predecessor-version":[{"id":74125,"href":"https:\/\/skinstudio.ee\/lt\/wp-json\/wp\/v2\/product\/74124\/revisions\/74125"}],"wp:featuredmedia":[{"embeddable":true,"href":"https:\/\/skinstudio.ee\/lt\/wp-json\/wp\/v2\/media\/74115"}],"wp:attachment":[{"href":"https:\/\/skinstudio.ee\/lt\/wp-json\/wp\/v2\/media?parent=74124"}],"wp:term":[{"taxonomy":"pwb-brand","embeddable":true,"href":"https:\/\/skinstudio.ee\/lt\/wp-json\/wp\/v2\/pwb-brand?post=74124"},{"taxonomy":"product_brand","embeddable":true,"href":"https:\/\/skinstudio.ee\/lt\/wp-json\/wp\/v2\/product_brand?post=74124"},{"taxonomy":"product_cat","embeddable":true,"href":"https:\/\/skinstudio.ee\/lt\/wp-json\/wp\/v2\/product_cat?post=74124"},{"taxonomy":"product_tag","embeddable":true,"href":"https:\/\/skinstudio.ee\/lt\/wp-json\/wp\/v2\/product_tag?post=74124"},{"taxonomy":"giftcard-category","embeddable":true,"href":"https:\/\/skinstudio.ee\/lt\/wp-json\/wp\/v2\/giftcard-category?post=74124"}],"curies":[{"name":"wp","href":"https:\/\/api.w.org\/{rel}","templated":true}]}}