{"id":74139,"date":"2026-01-15T10:07:53","date_gmt":"2026-01-15T10:07:53","guid":{"rendered":"https:\/\/skinstudio.ee\/?post_type=product&#038;p=74139"},"modified":"2026-01-21T13:57:35","modified_gmt":"2026-01-21T13:57:35","slug":"c-vit-eye-contour-cream-ceramic","status":"publish","type":"product","link":"https:\/\/skinstudio.ee\/lt\/catalog\/sesderma-lt\/c-vit-eye-contour-cream-ceramic\/","title":{"rendered":"C-VIT Eye Contour Cream Ceramic"},"content":{"rendered":"<p data-start=\"1749\" data-end=\"2100\"><strong data-start=\"1749\" data-end=\"1797\">C-VIT Eye Contour Cream Ceramic nuo Sesderma<\/strong> \u2013 tai sen\u0117jim\u0105 l\u0117tinantis paaki\u0173 kremas su antioksidaciniu poveikiu, skirtas kasdienei jautrios paaki\u0173 zonos prie\u017ei\u016brai, kai matomi nuovargio ir pirmieji sen\u0117jimo po\u017eymiai. Formul\u0117 sukurta gerinti bendr\u0105 odos kokyb\u0119, sustiprinti \u0161vyt\u0117jim\u0105 ir palaikyti gaivesn\u0119, labiau pri\u017ei\u016br\u0117t\u0105 i\u0161vaizd\u0105 aki\u0173 srityje.<\/p>\n<p data-start=\"2102\" data-end=\"2345\">Maloni tekst\u016bra lengvai pasiskirsto ir greitai susigeria, neapsunkindama odos. Reguliariai naudojant paaki\u0173 sritis atrodo lygesn\u0117 ir labiau i\u0161puosel\u0117ta, tams\u016bs ratilai ir paburkimas tampa ma\u017eiau pastebimi, o \u017evilgsnis \u2013 gaivesnis ir pails\u0117j\u0119s.<\/p>\n<p data-start=\"2347\" data-end=\"2383\"><strong data-start=\"2347\" data-end=\"2383\">Pagrindini\u0173 komponent\u0173 poveikis:<\/strong><\/p>\n<p data-start=\"2385\" data-end=\"2712\"><strong data-start=\"2385\" data-end=\"2424\">Vitamin C (3-O-Ethyl Ascorbic Acid)<\/strong> \u2013 padeda pagerinti odos \u0161vyt\u0117jim\u0105 ir palaiko tolygesn\u0119, skaistesn\u0119 i\u0161vaizd\u0105.<br data-start=\"2501\" data-end=\"2504\" \/><strong data-start=\"2504\" data-end=\"2519\">Resveratrol<\/strong> \u2013 suteikia antioksidacin\u0119 apsaug\u0105 ir padeda i\u0161laikyti pri\u017ei\u016br\u0117t\u0105 bei tolygi\u0105 i\u0161vaizd\u0105.<br data-start=\"2606\" data-end=\"2609\" \/><strong data-start=\"2609\" data-end=\"2637\">Palmitoyl Tetrapeptide-7<\/strong> \u2013 palaiko odos stangrum\u0105 ir padeda skatinti lygesn\u0119 bei tankesn\u0119 i\u0161vaizd\u0105.<\/p>\n<p data-start=\"2714\" data-end=\"2834\">Tinka visiems odos tipams kasdieniam naudojimui, ypa\u010d kai paaki\u0173 srityje matomi nuovargio ir pirmieji sen\u0117jimo po\u017eymiai.<\/p>\n<p data-start=\"2836\" data-end=\"2856\"><strong data-start=\"2836\" data-end=\"2846\">T\u016bris:<\/strong> <strong data-start=\"2847\" data-end=\"2856\">15 ml<\/strong><\/p>\n","protected":false},"excerpt":{"rendered":"<p data-start=\"2967\" data-end=\"2994\">Paaki\u0173 kremas su vitaminu C<\/p>\n<h2 data-start=\"2996\" data-end=\"3050\"><strong data-start=\"2996\" data-end=\"3050\">Sesderma &#8211; C-VIT Eye Contour Cream Ceramic Savyb\u0117s<\/strong><\/h2>\n<p data-start=\"3052\" data-end=\"3278\">\u2714\ufe0f Skaistina ir suvienodina paaki\u0173 odos atspalv\u012f<br data-start=\"3100\" data-end=\"3103\" \/>\u2714\ufe0f Ma\u017eina tamsi\u0173 ratil\u0173 ir paburkimo matomum\u0105<br data-start=\"3148\" data-end=\"3151\" \/>\u2714\ufe0f Padaro od\u0105 lygesn\u0119 ir labiau pri\u017ei\u016br\u0117t\u0105<br data-start=\"3193\" data-end=\"3196\" \/>\u2714\ufe0f Palaiko odos stangrum\u0105 ir tank\u012f<br data-start=\"3230\" data-end=\"3233\" \/>\u2714\ufe0f Suteikia kasdien\u0119 antioksidacin\u0119 apsaug\u0105<\/p>\n","protected":false},"featured_media":74131,"template":"","meta":[],"pwb-brand":[1263],"product_brand":[],"product_cat":[734,730],"product_tag":[],"giftcard-category":[],"class_list":{"0":"post-74139","1":"product","2":"type-product","3":"status-publish","4":"has-post-thumbnail","6":"pwb-brand-sesderma-lt","7":"product_cat-oda-aplink-akis","8":"product_cat-vitaminas-c","10":"first","11":"instock","12":"sale","13":"taxable","14":"shipping-taxable","15":"purchasable","16":"product-type-simple"},"acf":[],"brands":[{"id":1263,"name":"Sesderma","slug":"sesderma-lt"}],"_links":{"self":[{"href":"https:\/\/skinstudio.ee\/lt\/wp-json\/wp\/v2\/product\/74139","targetHints":{"allow":["GET"]}}],"collection":[{"href":"https:\/\/skinstudio.ee\/lt\/wp-json\/wp\/v2\/product"}],"about":[{"href":"https:\/\/skinstudio.ee\/lt\/wp-json\/wp\/v2\/types\/product"}],"version-history":[{"count":1,"href":"https:\/\/skinstudio.ee\/lt\/wp-json\/wp\/v2\/product\/74139\/revisions"}],"predecessor-version":[{"id":74140,"href":"https:\/\/skinstudio.ee\/lt\/wp-json\/wp\/v2\/product\/74139\/revisions\/74140"}],"wp:featuredmedia":[{"embeddable":true,"href":"https:\/\/skinstudio.ee\/lt\/wp-json\/wp\/v2\/media\/74131"}],"wp:attachment":[{"href":"https:\/\/skinstudio.ee\/lt\/wp-json\/wp\/v2\/media?parent=74139"}],"wp:term":[{"taxonomy":"pwb-brand","embeddable":true,"href":"https:\/\/skinstudio.ee\/lt\/wp-json\/wp\/v2\/pwb-brand?post=74139"},{"taxonomy":"product_brand","embeddable":true,"href":"https:\/\/skinstudio.ee\/lt\/wp-json\/wp\/v2\/product_brand?post=74139"},{"taxonomy":"product_cat","embeddable":true,"href":"https:\/\/skinstudio.ee\/lt\/wp-json\/wp\/v2\/product_cat?post=74139"},{"taxonomy":"product_tag","embeddable":true,"href":"https:\/\/skinstudio.ee\/lt\/wp-json\/wp\/v2\/product_tag?post=74139"},{"taxonomy":"giftcard-category","embeddable":true,"href":"https:\/\/skinstudio.ee\/lt\/wp-json\/wp\/v2\/giftcard-category?post=74139"}],"curies":[{"name":"wp","href":"https:\/\/api.w.org\/{rel}","templated":true}]}}