{"id":74155,"date":"2026-01-15T10:15:23","date_gmt":"2026-01-15T10:15:23","guid":{"rendered":"https:\/\/skinstudio.ee\/?post_type=product&#038;p=74155"},"modified":"2026-01-21T13:57:35","modified_gmt":"2026-01-21T13:57:35","slug":"c-vit-intensive-serum-flash-effect-ampoules","status":"publish","type":"product","link":"https:\/\/skinstudio.ee\/lt\/catalog\/sesderma-lt\/c-vit-intensive-serum-flash-effect-ampoules\/","title":{"rendered":"C-VIT Intensive Serum Flash Effect Ampoules"},"content":{"rendered":"<p data-start=\"1824\" data-end=\"2141\"><strong data-start=\"1824\" data-end=\"1884\">C-VIT Intensive Serum Flash Effect Ampoules nuo Sesderma<\/strong> \u2013 tai intensyvus ampuli\u0173 kursas su grynu vitaminu C, skirtas akimirksniu atgaivinti od\u0105 ir pastebimai pagerinti jos i\u0161vaizd\u0105. Formul\u0117 padeda suteikti veidui skaistesn\u0119, labiau \u0161vytin\u010di\u0105 ir pri\u017ei\u016br\u0117t\u0105 i\u0161vaizd\u0105 bei palaiko lygesn\u012f ir tolygesn\u012f odos pavir\u0161i\u0173.<\/p>\n<p data-start=\"2143\" data-end=\"2399\">Hermeti\u0161ka ampuli\u0173 pakuot\u0117 padeda i\u0161laikyti vitamin\u0105 C optimalios b\u016bkl\u0117s iki naudojimo, apsaugodama j\u012f nuo \u0161viesos ir deguonies poveikio. Po naudojimo oda atrodo gaivesn\u0117, stangresn\u0117 ir labiau \u0161vytinti, o bendras vaizdas \u2013 labiau pails\u0117j\u0119s ir i\u0161puosel\u0117tas.<\/p>\n<p data-start=\"2401\" data-end=\"2437\"><strong data-start=\"2401\" data-end=\"2437\">Pagrindini\u0173 komponent\u0173 poveikis:<\/strong><\/p>\n<p data-start=\"2439\" data-end=\"2752\"><strong data-start=\"2439\" data-end=\"2473\">Pure Vitamin C (Ascorbic Acid)<\/strong> \u2013 padeda pagerinti odos \u0161vyt\u0117jim\u0105, suvienodinti atspalv\u012f ir sustiprinti matom\u0105 skaistum\u0105.<br data-start=\"2563\" data-end=\"2566\" \/><strong data-start=\"2566\" data-end=\"2588\">Antioxidant Action<\/strong> \u2013 padeda apsaugoti od\u0105 nuo laisv\u0173j\u0173 radikal\u0173 poveikio ir palaiko gaivesn\u0119 i\u0161vaizd\u0105.<br data-start=\"2672\" data-end=\"2675\" \/><strong data-start=\"2675\" data-end=\"2693\">Hydrating Base<\/strong> \u2013 padeda palaikyti odos komfort\u0105 ir lygesn\u012f odos pavir\u0161i\u0173.<\/p>\n<p data-start=\"2754\" data-end=\"2880\">Tinka visiems odos tipams kaip intensyvus kursas arba greito poveikio prie\u017ei\u016bra, ypa\u010d kai oda atrodo papilk\u0117jusi ar pavargusi.<\/p>\n<p data-start=\"2882\" data-end=\"2908\"><strong data-start=\"2882\" data-end=\"2892\">T\u016bris:<\/strong> <strong data-start=\"2893\" data-end=\"2908\">10 x 1.5 ml<\/strong><\/p>\n","protected":false},"excerpt":{"rendered":"<p data-start=\"3039\" data-end=\"3057\">Vitamino C ampul\u0117s<\/p>\n<h2 data-start=\"3059\" data-end=\"3125\"><strong data-start=\"3059\" data-end=\"3125\">Sesderma &#8211; C-VIT Intensive Serum Flash Effect Ampoules Savyb\u0117s<\/strong><\/h2>\n<p data-start=\"3127\" data-end=\"3409\">\u2714\ufe0f Akimirksniu atgaivina ir pastebimai pagyvina veido spalv\u0105<br data-start=\"3187\" data-end=\"3190\" \/>\u2714\ufe0f Suteikia odai skaistesn\u0119 ir labiau pri\u017ei\u016br\u0117t\u0105 i\u0161vaizd\u0105<br data-start=\"3247\" data-end=\"3250\" \/>\u2714\ufe0f Padeda padaryti odos pavir\u0161i\u0173 lygesn\u012f ir tolygesn\u012f<br data-start=\"3303\" data-end=\"3306\" \/>\u2714\ufe0f Palaiko stangresn\u0119 ir labiau i\u0161puosel\u0117t\u0105 i\u0161vaizd\u0105<br data-start=\"3358\" data-end=\"3361\" \/>\u2714\ufe0f Suteikia antioksidacin\u0119 apsaug\u0105 ir komfort\u0105<\/p>\n","protected":false},"featured_media":74146,"template":"","meta":[],"pwb-brand":[1263],"product_brand":[],"product_cat":[752,750,724,730],"product_tag":[],"giftcard-category":[],"class_list":{"0":"post-74155","1":"product","2":"type-product","3":"status-publish","4":"has-post-thumbnail","6":"pwb-brand-sesderma-lt","7":"product_cat-pigmentacija-lt","8":"product_cat-senstanti-oda","9":"product_cat-serumai","10":"product_cat-vitaminas-c","12":"first","13":"instock","14":"sale","15":"taxable","16":"shipping-taxable","17":"purchasable","18":"product-type-simple"},"acf":[],"brands":[{"id":1263,"name":"Sesderma","slug":"sesderma-lt"}],"_links":{"self":[{"href":"https:\/\/skinstudio.ee\/lt\/wp-json\/wp\/v2\/product\/74155","targetHints":{"allow":["GET"]}}],"collection":[{"href":"https:\/\/skinstudio.ee\/lt\/wp-json\/wp\/v2\/product"}],"about":[{"href":"https:\/\/skinstudio.ee\/lt\/wp-json\/wp\/v2\/types\/product"}],"version-history":[{"count":1,"href":"https:\/\/skinstudio.ee\/lt\/wp-json\/wp\/v2\/product\/74155\/revisions"}],"predecessor-version":[{"id":74156,"href":"https:\/\/skinstudio.ee\/lt\/wp-json\/wp\/v2\/product\/74155\/revisions\/74156"}],"wp:featuredmedia":[{"embeddable":true,"href":"https:\/\/skinstudio.ee\/lt\/wp-json\/wp\/v2\/media\/74146"}],"wp:attachment":[{"href":"https:\/\/skinstudio.ee\/lt\/wp-json\/wp\/v2\/media?parent=74155"}],"wp:term":[{"taxonomy":"pwb-brand","embeddable":true,"href":"https:\/\/skinstudio.ee\/lt\/wp-json\/wp\/v2\/pwb-brand?post=74155"},{"taxonomy":"product_brand","embeddable":true,"href":"https:\/\/skinstudio.ee\/lt\/wp-json\/wp\/v2\/product_brand?post=74155"},{"taxonomy":"product_cat","embeddable":true,"href":"https:\/\/skinstudio.ee\/lt\/wp-json\/wp\/v2\/product_cat?post=74155"},{"taxonomy":"product_tag","embeddable":true,"href":"https:\/\/skinstudio.ee\/lt\/wp-json\/wp\/v2\/product_tag?post=74155"},{"taxonomy":"giftcard-category","embeddable":true,"href":"https:\/\/skinstudio.ee\/lt\/wp-json\/wp\/v2\/giftcard-category?post=74155"}],"curies":[{"name":"wp","href":"https:\/\/api.w.org\/{rel}","templated":true}]}}