{"id":74188,"date":"2026-01-15T10:26:37","date_gmt":"2026-01-15T10:26:37","guid":{"rendered":"https:\/\/skinstudio.ee\/?post_type=product&#038;p=74188"},"modified":"2026-01-21T13:57:35","modified_gmt":"2026-01-21T13:57:35","slug":"daeses-eye-and-lip-contour-ceramic","status":"publish","type":"product","link":"https:\/\/skinstudio.ee\/lt\/catalog\/sesderma-lt\/daeses-eye-and-lip-contour-ceramic\/","title":{"rendered":"DAESES Eye and Lip Contour Ceramic"},"content":{"rendered":"<p data-start=\"1592\" data-end=\"1878\"><strong data-start=\"1592\" data-end=\"1643\">DAESES Eye and Lip Contour Ceramic nuo Sesderma<\/strong> \u2013 tai stangrinamasis kremas, skirtas aki\u0173 ir l\u016bp\u0173 kont\u016bro zonai, kur sen\u0117jimo po\u017eymiai pasirodo pirmiausia. Formul\u0117 skirta pagerinti odos stangrum\u0105, padidinti jos tank\u012f ir suteikti \u0161ioms zonoms ry\u0161kesn\u0119 bei labiau pri\u017ei\u016br\u0117t\u0105 i\u0161vaizd\u0105.<\/p>\n<p data-start=\"1880\" data-end=\"2129\">Kremas pasi\u017eymi malonia tekst\u016bra, lengvai pasiskirsto ir greitai susigeria. Reguliariai naudojant aki\u0173 sritis atrodo labiau pakelta ir gaivesn\u0117, o l\u016bp\u0173 kont\u016bras tampa ry\u0161kesnis ir lygesnis. Bendras vaizdas tampa tvarkingesnis ir labiau i\u0161puosel\u0117tas.<\/p>\n<p data-start=\"2131\" data-end=\"2167\"><strong data-start=\"2131\" data-end=\"2167\">Pagrindini\u0173 komponent\u0173 poveikis:<\/strong><\/p>\n<p data-start=\"2169\" data-end=\"2462\"><strong data-start=\"2169\" data-end=\"2192\">DMAE (Dimethyl MEA)<\/strong> \u2013 padeda pagerinti odos stangrum\u0105 ir palaiko labiau pakelt\u0105 i\u0161vaizd\u0105.<br data-start=\"2262\" data-end=\"2265\" \/><strong data-start=\"2265\" data-end=\"2312\">Organic Silicon (Methylsilanol Mannuronate)<\/strong> \u2013 padeda i\u0161laikyti odos elastingum\u0105 ir tankesn\u0119 strukt\u016br\u0105.<br data-start=\"2371\" data-end=\"2374\" \/><strong data-start=\"2374\" data-end=\"2396\">Sodium Hyaluronate<\/strong> \u2013 padeda palaikyti optimal\u0173 dr\u0117gm\u0117s lyg\u012f ir gerina odos komfort\u0105.<\/p>\n<p data-start=\"2464\" data-end=\"2599\">Tinka visiems odos tipams, ypa\u010d kai aki\u0173 ir l\u016bp\u0173 srityje pastebimos smulkios linijos, suma\u017e\u0117j\u0119s stangrumas ir ne tokie ry\u0161k\u016bs kont\u016brai.<\/p>\n<p data-start=\"2601\" data-end=\"2621\"><strong data-start=\"2601\" data-end=\"2611\">T\u016bris:<\/strong> <strong data-start=\"2612\" data-end=\"2621\">15 ml<\/strong><\/p>\n","protected":false},"excerpt":{"rendered":"<p data-start=\"2726\" data-end=\"2753\">Aki\u0173 ir l\u016bp\u0173 kont\u016bro kremas<\/p>\n<h2 data-start=\"2755\" data-end=\"2812\"><strong data-start=\"2755\" data-end=\"2812\">Sesderma &#8211; DAESES Eye and Lip Contour Ceramic Savyb\u0117s<\/strong><\/h2>\n<p data-start=\"2814\" data-end=\"3033\">\u2714\ufe0f Akivaizd\u017eiai stangrina od\u0105 aplink akis ir l\u016bpas<br data-start=\"2864\" data-end=\"2867\" \/>\u2714\ufe0f Kont\u016brai tampa ry\u0161kesni ir tvarkingesni<br data-start=\"2909\" data-end=\"2912\" \/>\u2714\ufe0f Padeda suma\u017einti rauk\u0161li\u0173 matomum\u0105<br data-start=\"2949\" data-end=\"2952\" \/>\u2714\ufe0f Pagerina odos tank\u012f ir stangrum\u0105<br data-start=\"2987\" data-end=\"2990\" \/>\u2714\ufe0f Oda tampa lygesn\u0117 ir labiau pri\u017ei\u016br\u0117ta<\/p>\n","protected":false},"featured_media":74179,"template":"","meta":[],"pwb-brand":[1263],"product_brand":[],"product_cat":[734,750],"product_tag":[],"giftcard-category":[],"class_list":{"0":"post-74188","1":"product","2":"type-product","3":"status-publish","4":"has-post-thumbnail","6":"pwb-brand-sesderma-lt","7":"product_cat-oda-aplink-akis","8":"product_cat-senstanti-oda","10":"first","11":"instock","12":"sale","13":"taxable","14":"shipping-taxable","15":"purchasable","16":"product-type-simple"},"acf":[],"brands":[{"id":1263,"name":"Sesderma","slug":"sesderma-lt"}],"_links":{"self":[{"href":"https:\/\/skinstudio.ee\/lt\/wp-json\/wp\/v2\/product\/74188","targetHints":{"allow":["GET"]}}],"collection":[{"href":"https:\/\/skinstudio.ee\/lt\/wp-json\/wp\/v2\/product"}],"about":[{"href":"https:\/\/skinstudio.ee\/lt\/wp-json\/wp\/v2\/types\/product"}],"version-history":[{"count":1,"href":"https:\/\/skinstudio.ee\/lt\/wp-json\/wp\/v2\/product\/74188\/revisions"}],"predecessor-version":[{"id":74189,"href":"https:\/\/skinstudio.ee\/lt\/wp-json\/wp\/v2\/product\/74188\/revisions\/74189"}],"wp:featuredmedia":[{"embeddable":true,"href":"https:\/\/skinstudio.ee\/lt\/wp-json\/wp\/v2\/media\/74179"}],"wp:attachment":[{"href":"https:\/\/skinstudio.ee\/lt\/wp-json\/wp\/v2\/media?parent=74188"}],"wp:term":[{"taxonomy":"pwb-brand","embeddable":true,"href":"https:\/\/skinstudio.ee\/lt\/wp-json\/wp\/v2\/pwb-brand?post=74188"},{"taxonomy":"product_brand","embeddable":true,"href":"https:\/\/skinstudio.ee\/lt\/wp-json\/wp\/v2\/product_brand?post=74188"},{"taxonomy":"product_cat","embeddable":true,"href":"https:\/\/skinstudio.ee\/lt\/wp-json\/wp\/v2\/product_cat?post=74188"},{"taxonomy":"product_tag","embeddable":true,"href":"https:\/\/skinstudio.ee\/lt\/wp-json\/wp\/v2\/product_tag?post=74188"},{"taxonomy":"giftcard-category","embeddable":true,"href":"https:\/\/skinstudio.ee\/lt\/wp-json\/wp\/v2\/giftcard-category?post=74188"}],"curies":[{"name":"wp","href":"https:\/\/api.w.org\/{rel}","templated":true}]}}