{"id":74204,"date":"2026-01-15T10:39:11","date_gmt":"2026-01-15T10:39:11","guid":{"rendered":"https:\/\/skinstudio.ee\/?post_type=product&#038;p=74204"},"modified":"2026-01-21T13:57:35","modified_gmt":"2026-01-21T13:57:35","slug":"daeses-lifting-cream","status":"publish","type":"product","link":"https:\/\/skinstudio.ee\/lt\/catalog\/sesderma-lt\/daeses-lifting-cream\/","title":{"rendered":"DAESES Lifting Cream"},"content":{"rendered":"<p data-start=\"1471\" data-end=\"1738\"><strong data-start=\"1471\" data-end=\"1508\">DAESES Lifting Cream nuo Sesderma<\/strong> \u2013 tai stangrinamasis ir maitinamasis veido kremas, skirtas pastebimai pagerinti odos tank\u012f ir stangrum\u0105. Formul\u0117 orientuota \u012f bendros odos kokyb\u0117s gerinim\u0105, suteikiant jai stangresn\u0119, lygesn\u0119 ir vizualiai jaunatvi\u0161kesn\u0119 i\u0161vaizd\u0105.<\/p>\n<p data-start=\"1740\" data-end=\"1947\">Kremas lengvai pasiskirsto ir gerai susigeria, palikdamas od\u0105 pri\u017ei\u016br\u0117t\u0105 ir pastebimai pakelt\u0105. Reguliariai naudojant oda atrodo tankesn\u0117, veido kont\u016brai tampa ry\u0161kesni, o pavir\u0161ius \u2013 lygesnis ir tolygesnis.<\/p>\n<p data-start=\"1949\" data-end=\"1976\"><strong data-start=\"1949\" data-end=\"1976\">Klinikiniai rezultatai:<\/strong><\/p>\n<ul data-start=\"1978\" data-end=\"2324\">\n<li data-start=\"1978\" data-end=\"2035\">\n<p data-start=\"1980\" data-end=\"2035\">I\u0161 karto matomas stangrinamasis efektas po naudojimo.<\/p>\n<\/li>\n<li data-start=\"2036\" data-end=\"2094\">\n<p data-start=\"2038\" data-end=\"2094\">Odos tankis pastebimai padid\u0117ja jau po <strong data-start=\"2077\" data-end=\"2091\">45 minu\u010di\u0173<\/strong>.<\/p>\n<\/li>\n<li data-start=\"2095\" data-end=\"2172\">\n<p data-start=\"2097\" data-end=\"2172\">Reguliariai naudojant <strong data-start=\"2119\" data-end=\"2131\">1 m\u0117nes\u012f<\/strong>, odos stangrumas padid\u0117ja iki <strong data-start=\"2162\" data-end=\"2169\">33%<\/strong>.<\/p>\n<\/li>\n<li data-start=\"2173\" data-end=\"2225\">\n<p data-start=\"2175\" data-end=\"2225\"><strong data-start=\"2175\" data-end=\"2182\">73%<\/strong> dalyvi\u0173 pasteb\u0117jo stangrinam\u0105j\u012f poveik\u012f.<\/p>\n<\/li>\n<li data-start=\"2226\" data-end=\"2271\">\n<p data-start=\"2228\" data-end=\"2271\"><strong data-start=\"2228\" data-end=\"2235\">97%<\/strong> nurod\u0117 pager\u0117jus\u012f odos dr\u0117kinim\u0105.<\/p>\n<\/li>\n<li data-start=\"2272\" data-end=\"2324\">\n<p data-start=\"2274\" data-end=\"2324\"><strong data-start=\"2274\" data-end=\"2281\">97%<\/strong> nurod\u0117, kad oda tapo \u0161velnesn\u0117 ir lygesn\u0117.<\/p>\n<\/li>\n<\/ul>\n<p data-start=\"2326\" data-end=\"2357\">Tinka normaliai ir sausai odai.<\/p>\n<p data-start=\"2359\" data-end=\"2379\"><strong data-start=\"2359\" data-end=\"2369\">T\u016bris:<\/strong> <strong data-start=\"2370\" data-end=\"2379\">50 ml<\/strong><\/p>\n","protected":false},"excerpt":{"rendered":"<p data-start=\"2469\" data-end=\"2490\">Veido liftingo kremas<\/p>\n<h2 data-start=\"2492\" data-end=\"2535\"><strong data-start=\"2492\" data-end=\"2535\">Sesderma &#8211; DAESES Lifting Cream Savyb\u0117s<\/strong><\/h2>\n<p data-start=\"2537\" data-end=\"2749\">\u2714\ufe0f Suteikia ry\u0161k\u0173 liftingo ir stangrinimo efekt\u0105<br data-start=\"2585\" data-end=\"2588\" \/>\u2714\ufe0f Pastebimai padidina odos tank\u012f ir stangrum\u0105<br data-start=\"2634\" data-end=\"2637\" \/>\u2714\ufe0f Veido kont\u016brai tampa ry\u0161kesni<br data-start=\"2669\" data-end=\"2672\" \/>\u2714\ufe0f I\u0161lygina rauk\u0161les ir odos klostes<br data-start=\"2708\" data-end=\"2711\" \/>\u2714\ufe0f Pagerina odos tonus\u0105 ir strukt\u016br\u0105<\/p>\n","protected":false},"featured_media":74195,"template":"","meta":[],"pwb-brand":[1263],"product_brand":[],"product_cat":[738,740,750],"product_tag":[],"giftcard-category":[],"class_list":{"0":"post-74204","1":"product","2":"type-product","3":"status-publish","4":"has-post-thumbnail","6":"pwb-brand-sesderma-lt","7":"product_cat-drekinimas","8":"product_cat-sausai-odai","9":"product_cat-senstanti-oda","11":"first","12":"instock","13":"sale","14":"taxable","15":"shipping-taxable","16":"purchasable","17":"product-type-simple"},"acf":[],"brands":[{"id":1263,"name":"Sesderma","slug":"sesderma-lt"}],"_links":{"self":[{"href":"https:\/\/skinstudio.ee\/lt\/wp-json\/wp\/v2\/product\/74204","targetHints":{"allow":["GET"]}}],"collection":[{"href":"https:\/\/skinstudio.ee\/lt\/wp-json\/wp\/v2\/product"}],"about":[{"href":"https:\/\/skinstudio.ee\/lt\/wp-json\/wp\/v2\/types\/product"}],"version-history":[{"count":1,"href":"https:\/\/skinstudio.ee\/lt\/wp-json\/wp\/v2\/product\/74204\/revisions"}],"predecessor-version":[{"id":74205,"href":"https:\/\/skinstudio.ee\/lt\/wp-json\/wp\/v2\/product\/74204\/revisions\/74205"}],"wp:featuredmedia":[{"embeddable":true,"href":"https:\/\/skinstudio.ee\/lt\/wp-json\/wp\/v2\/media\/74195"}],"wp:attachment":[{"href":"https:\/\/skinstudio.ee\/lt\/wp-json\/wp\/v2\/media?parent=74204"}],"wp:term":[{"taxonomy":"pwb-brand","embeddable":true,"href":"https:\/\/skinstudio.ee\/lt\/wp-json\/wp\/v2\/pwb-brand?post=74204"},{"taxonomy":"product_brand","embeddable":true,"href":"https:\/\/skinstudio.ee\/lt\/wp-json\/wp\/v2\/product_brand?post=74204"},{"taxonomy":"product_cat","embeddable":true,"href":"https:\/\/skinstudio.ee\/lt\/wp-json\/wp\/v2\/product_cat?post=74204"},{"taxonomy":"product_tag","embeddable":true,"href":"https:\/\/skinstudio.ee\/lt\/wp-json\/wp\/v2\/product_tag?post=74204"},{"taxonomy":"giftcard-category","embeddable":true,"href":"https:\/\/skinstudio.ee\/lt\/wp-json\/wp\/v2\/giftcard-category?post=74204"}],"curies":[{"name":"wp","href":"https:\/\/api.w.org\/{rel}","templated":true}]}}