{"id":74220,"date":"2026-01-15T10:50:15","date_gmt":"2026-01-15T10:50:15","guid":{"rendered":"https:\/\/skinstudio.ee\/?post_type=product&#038;p=74220"},"modified":"2026-01-21T13:57:35","modified_gmt":"2026-01-21T13:57:35","slug":"daeses-liposomal-serum","status":"publish","type":"product","link":"https:\/\/skinstudio.ee\/lt\/catalog\/sesderma-lt\/daeses-liposomal-serum\/","title":{"rendered":"DAESES Liposomal Serum"},"content":{"rendered":"<p data-start=\"1457\" data-end=\"1751\"><strong data-start=\"1457\" data-end=\"1496\">DAESES Liposomal Serum nuo Sesderma<\/strong> \u2013 tai liftingo serumas, turintis ry\u0161k\u0173 stangrinam\u0105j\u012f ir tonizuojant\u012f poveik\u012f, skirtas greitai pagerinti odos tank\u012f ir stangrum\u0105. Formul\u0117 veikia tiek suteikdama momentin\u012f vizualin\u012f efekt\u0105, tiek palaipsniui stiprindama odos strukt\u016br\u0105 reguliariai naudojant.<\/p>\n<p data-start=\"1753\" data-end=\"1951\">Lengva tekst\u016bra greitai susigeria ir yra maloni ant odos. I\u0161 karto po naudojimo oda atrodo labiau pakelta ir tonizuota, o toliau naudojant tampa tankesn\u0117, stangresn\u0117 ir atsparesn\u0117 tonuso praradimui.<\/p>\n<p data-start=\"1953\" data-end=\"1989\"><strong data-start=\"1953\" data-end=\"1989\">Pagrindini\u0173 komponent\u0173 poveikis:<\/strong><\/p>\n<p data-start=\"1991\" data-end=\"2308\"><strong data-start=\"1991\" data-end=\"2014\">DMAE (Dimethyl MEA)<\/strong> \u2013 padeda pagerinti odos stangrum\u0105 ir palaiko labiau pakelt\u0105 veido i\u0161vaizd\u0105.<br data-start=\"2090\" data-end=\"2093\" \/><strong data-start=\"2093\" data-end=\"2140\">Organic Silicon (Methylsilanol Mannuronate)<\/strong> \u2013 padeda i\u0161laikyti odos elastingum\u0105 ir palaiko tankesn\u0119 strukt\u016br\u0105.<br data-start=\"2207\" data-end=\"2210\" \/><strong data-start=\"2210\" data-end=\"2230\">Peptides Complex<\/strong> \u2013 palaiko odos atsinaujinim\u0105 ir padeda pagerinti bendr\u0105 tonus\u0105 bei stangrum\u0105.<\/p>\n<p data-start=\"2310\" data-end=\"2336\">Tinka visiems odos tipams.<\/p>\n<p data-start=\"2338\" data-end=\"2358\"><strong data-start=\"2338\" data-end=\"2348\">T\u016bris:<\/strong> <strong data-start=\"2349\" data-end=\"2358\">30 ml<\/strong><\/p>\n","protected":false},"excerpt":{"rendered":"<p data-start=\"2444\" data-end=\"2467\">Liftingo serumas veidui<\/p>\n<h2 data-start=\"2469\" data-end=\"2514\"><strong data-start=\"2469\" data-end=\"2514\">Sesderma &#8211; DAESES Liposomal Serum Savyb\u0117s<\/strong><\/h2>\n<p data-start=\"2516\" data-end=\"2728\">\u2714\ufe0f Suteikia ry\u0161k\u0173 liftingo ir stangrinimo efekt\u0105<br data-start=\"2564\" data-end=\"2567\" \/>\u2714\ufe0f Pastebimai padidina odos tank\u012f ir stangrum\u0105<br data-start=\"2613\" data-end=\"2616\" \/>\u2714\ufe0f Veido kont\u016brai tampa ry\u0161kesni<br data-start=\"2648\" data-end=\"2651\" \/>\u2714\ufe0f I\u0161lygina rauk\u0161les ir odos klostes<br data-start=\"2687\" data-end=\"2690\" \/>\u2714\ufe0f Pagerina odos tonus\u0105 ir strukt\u016br\u0105<\/p>\n","protected":false},"featured_media":74211,"template":"","meta":[],"pwb-brand":[1263],"product_brand":[],"product_cat":[750,724],"product_tag":[],"giftcard-category":[],"class_list":{"0":"post-74220","1":"product","2":"type-product","3":"status-publish","4":"has-post-thumbnail","6":"pwb-brand-sesderma-lt","7":"product_cat-senstanti-oda","8":"product_cat-serumai","10":"first","11":"instock","12":"sale","13":"taxable","14":"shipping-taxable","15":"purchasable","16":"product-type-simple"},"acf":[],"brands":[{"id":1263,"name":"Sesderma","slug":"sesderma-lt"}],"_links":{"self":[{"href":"https:\/\/skinstudio.ee\/lt\/wp-json\/wp\/v2\/product\/74220","targetHints":{"allow":["GET"]}}],"collection":[{"href":"https:\/\/skinstudio.ee\/lt\/wp-json\/wp\/v2\/product"}],"about":[{"href":"https:\/\/skinstudio.ee\/lt\/wp-json\/wp\/v2\/types\/product"}],"version-history":[{"count":1,"href":"https:\/\/skinstudio.ee\/lt\/wp-json\/wp\/v2\/product\/74220\/revisions"}],"predecessor-version":[{"id":74221,"href":"https:\/\/skinstudio.ee\/lt\/wp-json\/wp\/v2\/product\/74220\/revisions\/74221"}],"wp:featuredmedia":[{"embeddable":true,"href":"https:\/\/skinstudio.ee\/lt\/wp-json\/wp\/v2\/media\/74211"}],"wp:attachment":[{"href":"https:\/\/skinstudio.ee\/lt\/wp-json\/wp\/v2\/media?parent=74220"}],"wp:term":[{"taxonomy":"pwb-brand","embeddable":true,"href":"https:\/\/skinstudio.ee\/lt\/wp-json\/wp\/v2\/pwb-brand?post=74220"},{"taxonomy":"product_brand","embeddable":true,"href":"https:\/\/skinstudio.ee\/lt\/wp-json\/wp\/v2\/product_brand?post=74220"},{"taxonomy":"product_cat","embeddable":true,"href":"https:\/\/skinstudio.ee\/lt\/wp-json\/wp\/v2\/product_cat?post=74220"},{"taxonomy":"product_tag","embeddable":true,"href":"https:\/\/skinstudio.ee\/lt\/wp-json\/wp\/v2\/product_tag?post=74220"},{"taxonomy":"giftcard-category","embeddable":true,"href":"https:\/\/skinstudio.ee\/lt\/wp-json\/wp\/v2\/giftcard-category?post=74220"}],"curies":[{"name":"wp","href":"https:\/\/api.w.org\/{rel}","templated":true}]}}