{"id":74236,"date":"2026-01-15T10:58:18","date_gmt":"2026-01-15T10:58:18","guid":{"rendered":"https:\/\/skinstudio.ee\/?post_type=product&#038;p=74236"},"modified":"2026-01-21T13:57:35","modified_gmt":"2026-01-21T13:57:35","slug":"exoses-cream","status":"publish","type":"product","link":"https:\/\/skinstudio.ee\/lt\/catalog\/sesderma-lt\/exoses-cream\/","title":{"rendered":"EXOSES Cream"},"content":{"rendered":"<p data-start=\"1548\" data-end=\"1850\"><strong data-start=\"1548\" data-end=\"1577\">EXOSES Cream nuo Sesderma<\/strong> \u2013 tai intensyviai atkuriantis kremas, skirtas visapusi\u0161kai pagerinti odos kokyb\u0119, suma\u017einti matomus sen\u0117jimo po\u017eymius ir palaikyti tolygesn\u0119 bei labiau pri\u017ei\u016br\u0117t\u0105 veido spalv\u0105. Formul\u0117 orientuota \u012f sveikesn\u0117s odos i\u0161vaizdos atk\u016brim\u0105, tankio gerinim\u0105 ir komforto palaikym\u0105.<\/p>\n<p data-start=\"1852\" data-end=\"2072\">Kremas pasi\u017eymi malonia tekst\u016bra, lengvai pasiskirsto ir tinka kasdieniam naudojimui. Reguliariai naudojant oda atrodo lygesn\u0117, atsparesn\u0117 ir geriau sudr\u0117kinta, o tonas ir tekst\u016bra tampa tolygesni bei labiau i\u0161puosel\u0117ti.<\/p>\n<p data-start=\"2074\" data-end=\"2110\"><strong data-start=\"2074\" data-end=\"2110\">Pagrindini\u0173 komponent\u0173 poveikis:<\/strong><\/p>\n<p data-start=\"2112\" data-end=\"2415\"><strong data-start=\"2112\" data-end=\"2147\">Exosomes (Lactobacillus brevis)<\/strong> \u2013 palaiko odos atsinaujinimo procesus ir padeda gerinti bendr\u0105 jos kokyb\u0119.<br data-start=\"2222\" data-end=\"2225\" \/><strong data-start=\"2225\" data-end=\"2240\">Niacinamide<\/strong> \u2013 padeda suvienodinti odos atspalv\u012f ir pagerinti odos tekst\u016bros i\u0161vaizd\u0105.<br data-start=\"2314\" data-end=\"2317\" \/><strong data-start=\"2317\" data-end=\"2348\">Ceramides + Hyaluronic Acid<\/strong> \u2013 padeda palaikyti odos dr\u0117gm\u0117s balans\u0105 ir jos apsaugin\u0119 funkcij\u0105.<\/p>\n<p data-start=\"2417\" data-end=\"2515\">Tinka odai, turin\u010diai matom\u0173 sen\u0117jimo po\u017eymi\u0173, netolyg\u0173 atspalv\u012f, suma\u017e\u0117jus\u012f stangrum\u0105 ir sausum\u0105.<\/p>\n<p data-start=\"2517\" data-end=\"2537\"><strong data-start=\"2517\" data-end=\"2527\">T\u016bris:<\/strong> <strong data-start=\"2528\" data-end=\"2537\">50 ml<\/strong><\/p>\n","protected":false},"excerpt":{"rendered":"<p data-start=\"2627\" data-end=\"2663\">Intensyviai atkuriantis veido kremas<\/p>\n<h2 data-start=\"2665\" data-end=\"2700\"><strong data-start=\"2665\" data-end=\"2700\">Sesderma &#8211; EXOSES Cream Savyb\u0117s<\/strong><\/h2>\n<p data-start=\"2702\" data-end=\"2915\">\u2714\ufe0f Aktyviai palaiko odos atsinaujinimo procesus<br data-start=\"2749\" data-end=\"2752\" \/>\u2714\ufe0f Pastebimai gerina odos tank\u012f ir kokyb\u0119<br data-start=\"2793\" data-end=\"2796\" \/>\u2714\ufe0f Padeda sukurti tolygesn\u0119 veido spalv\u0105<br data-start=\"2836\" data-end=\"2839\" \/>\u2714\ufe0f Stiprina nat\u016brali\u0105 odos apsaug\u0105<br data-start=\"2873\" data-end=\"2876\" \/>\u2714\ufe0f Suteikia gil\u0173 atk\u016brim\u0105 ir komfort\u0105<\/p>\n","protected":false},"featured_media":74227,"template":"","meta":[],"pwb-brand":[1263],"product_brand":[],"product_cat":[738,740,750],"product_tag":[],"giftcard-category":[],"class_list":{"0":"post-74236","1":"product","2":"type-product","3":"status-publish","4":"has-post-thumbnail","6":"pwb-brand-sesderma-lt","7":"product_cat-drekinimas","8":"product_cat-sausai-odai","9":"product_cat-senstanti-oda","11":"first","12":"instock","13":"taxable","14":"shipping-taxable","15":"purchasable","16":"product-type-simple"},"acf":[],"brands":[{"id":1263,"name":"Sesderma","slug":"sesderma-lt"}],"_links":{"self":[{"href":"https:\/\/skinstudio.ee\/lt\/wp-json\/wp\/v2\/product\/74236","targetHints":{"allow":["GET"]}}],"collection":[{"href":"https:\/\/skinstudio.ee\/lt\/wp-json\/wp\/v2\/product"}],"about":[{"href":"https:\/\/skinstudio.ee\/lt\/wp-json\/wp\/v2\/types\/product"}],"version-history":[{"count":1,"href":"https:\/\/skinstudio.ee\/lt\/wp-json\/wp\/v2\/product\/74236\/revisions"}],"predecessor-version":[{"id":74237,"href":"https:\/\/skinstudio.ee\/lt\/wp-json\/wp\/v2\/product\/74236\/revisions\/74237"}],"wp:featuredmedia":[{"embeddable":true,"href":"https:\/\/skinstudio.ee\/lt\/wp-json\/wp\/v2\/media\/74227"}],"wp:attachment":[{"href":"https:\/\/skinstudio.ee\/lt\/wp-json\/wp\/v2\/media?parent=74236"}],"wp:term":[{"taxonomy":"pwb-brand","embeddable":true,"href":"https:\/\/skinstudio.ee\/lt\/wp-json\/wp\/v2\/pwb-brand?post=74236"},{"taxonomy":"product_brand","embeddable":true,"href":"https:\/\/skinstudio.ee\/lt\/wp-json\/wp\/v2\/product_brand?post=74236"},{"taxonomy":"product_cat","embeddable":true,"href":"https:\/\/skinstudio.ee\/lt\/wp-json\/wp\/v2\/product_cat?post=74236"},{"taxonomy":"product_tag","embeddable":true,"href":"https:\/\/skinstudio.ee\/lt\/wp-json\/wp\/v2\/product_tag?post=74236"},{"taxonomy":"giftcard-category","embeddable":true,"href":"https:\/\/skinstudio.ee\/lt\/wp-json\/wp\/v2\/giftcard-category?post=74236"}],"curies":[{"name":"wp","href":"https:\/\/api.w.org\/{rel}","templated":true}]}}