{"id":74251,"date":"2026-01-15T11:09:00","date_gmt":"2026-01-15T11:09:00","guid":{"rendered":"https:\/\/skinstudio.ee\/?post_type=product&#038;p=74251"},"modified":"2026-01-21T13:57:35","modified_gmt":"2026-01-21T13:57:35","slug":"exoses-elixir","status":"publish","type":"product","link":"https:\/\/skinstudio.ee\/lt\/catalog\/sesderma-lt\/exoses-elixir\/","title":{"rendered":"EXOSES Elixir"},"content":{"rendered":"<p data-start=\"1513\" data-end=\"1792\"><strong data-start=\"1513\" data-end=\"1543\">EXOSES Elixir nuo Sesderma<\/strong> \u2013 tai intensyvus eliksyras, skirtas visapusi\u0161kai atkurti od\u0105 ir pastebimai pagerinti jos kokyb\u0119. Formul\u0117 sukurta ma\u017einti sen\u0117jimo po\u017eymius, netolyg\u0173 atspalv\u012f ir tankio praradim\u0105, padedant atkurti sveikesn\u0119, labiau i\u0161puosel\u0117t\u0105 ir rafinuot\u0105 i\u0161vaizd\u0105.<\/p>\n<p data-start=\"1794\" data-end=\"1985\">Lengva ir koncentruota tekst\u016bra greitai susigeria ir yra maloni odai. Reguliariai naudojant oda atrodo tankesn\u0117, lygesn\u0117 ir labiau \u0161vytinti, o veido spalva tampa tolygesn\u0117 ir labiau i\u0161baigta.<\/p>\n<p data-start=\"1987\" data-end=\"2023\"><strong data-start=\"1987\" data-end=\"2023\">Pagrindini\u0173 komponent\u0173 poveikis:<\/strong><\/p>\n<p data-start=\"2025\" data-end=\"2344\"><strong data-start=\"2025\" data-end=\"2060\">Exosomes (Lactobacillus brevis)<\/strong> \u2013 palaiko odos atsinaujinimo procesus ir padeda gerinti bendr\u0105 jos kokyb\u0119 bei tank\u012f.<br data-start=\"2145\" data-end=\"2148\" \/><strong data-start=\"2148\" data-end=\"2163\">Niacinamide<\/strong> \u2013 padeda suvienodinti odos atspalv\u012f ir pagerinti odos tekst\u016bros i\u0161vaizd\u0105.<br data-start=\"2237\" data-end=\"2240\" \/><strong data-start=\"2240\" data-end=\"2271\">Ceramides + Hyaluronic Acid<\/strong> \u2013 padeda palaikyti optimal\u0173 odos dr\u0117gm\u0117s lyg\u012f ir jos apsaugin\u0119 funkcij\u0105.<\/p>\n<p data-start=\"2346\" data-end=\"2444\">Tinka odai, turin\u010diai matom\u0173 sen\u0117jimo po\u017eymi\u0173, netolyg\u0173 atspalv\u012f, suma\u017e\u0117jus\u012f stangrum\u0105 ir sausum\u0105.<\/p>\n<p data-start=\"2446\" data-end=\"2466\"><strong data-start=\"2446\" data-end=\"2456\">T\u016bris:<\/strong> <strong data-start=\"2457\" data-end=\"2466\">30 ml<\/strong><\/p>\n","protected":false},"excerpt":{"rendered":"<p data-start=\"2562\" data-end=\"2601\">Intensyviai atkuriantis veido eliksyras<\/p>\n<h2 data-start=\"2603\" data-end=\"2639\"><strong data-start=\"2603\" data-end=\"2639\">Sesderma &#8211; EXOSES Elixir Savyb\u0117s<\/strong><\/h2>\n<p data-start=\"2641\" data-end=\"2854\">\u2714\ufe0f Aktyviai palaiko odos atsinaujinimo procesus<br data-start=\"2688\" data-end=\"2691\" \/>\u2714\ufe0f Pastebimai gerina odos tank\u012f ir kokyb\u0119<br data-start=\"2732\" data-end=\"2735\" \/>\u2714\ufe0f Padeda sukurti tolygesn\u0119 veido spalv\u0105<br data-start=\"2775\" data-end=\"2778\" \/>\u2714\ufe0f Stiprina nat\u016brali\u0105 odos apsaug\u0105<br data-start=\"2812\" data-end=\"2815\" \/>\u2714\ufe0f Suteikia gil\u0173 atk\u016brim\u0105 ir komfort\u0105<\/p>\n","protected":false},"featured_media":74243,"template":"","meta":[],"pwb-brand":[1263],"product_brand":[],"product_cat":[740,750,724],"product_tag":[],"giftcard-category":[],"class_list":{"0":"post-74251","1":"product","2":"type-product","3":"status-publish","4":"has-post-thumbnail","6":"pwb-brand-sesderma-lt","7":"product_cat-sausai-odai","8":"product_cat-senstanti-oda","9":"product_cat-serumai","11":"first","12":"instock","13":"taxable","14":"shipping-taxable","15":"purchasable","16":"product-type-simple"},"acf":[],"brands":[{"id":1263,"name":"Sesderma","slug":"sesderma-lt"}],"_links":{"self":[{"href":"https:\/\/skinstudio.ee\/lt\/wp-json\/wp\/v2\/product\/74251","targetHints":{"allow":["GET"]}}],"collection":[{"href":"https:\/\/skinstudio.ee\/lt\/wp-json\/wp\/v2\/product"}],"about":[{"href":"https:\/\/skinstudio.ee\/lt\/wp-json\/wp\/v2\/types\/product"}],"version-history":[{"count":1,"href":"https:\/\/skinstudio.ee\/lt\/wp-json\/wp\/v2\/product\/74251\/revisions"}],"predecessor-version":[{"id":74252,"href":"https:\/\/skinstudio.ee\/lt\/wp-json\/wp\/v2\/product\/74251\/revisions\/74252"}],"wp:featuredmedia":[{"embeddable":true,"href":"https:\/\/skinstudio.ee\/lt\/wp-json\/wp\/v2\/media\/74243"}],"wp:attachment":[{"href":"https:\/\/skinstudio.ee\/lt\/wp-json\/wp\/v2\/media?parent=74251"}],"wp:term":[{"taxonomy":"pwb-brand","embeddable":true,"href":"https:\/\/skinstudio.ee\/lt\/wp-json\/wp\/v2\/pwb-brand?post=74251"},{"taxonomy":"product_brand","embeddable":true,"href":"https:\/\/skinstudio.ee\/lt\/wp-json\/wp\/v2\/product_brand?post=74251"},{"taxonomy":"product_cat","embeddable":true,"href":"https:\/\/skinstudio.ee\/lt\/wp-json\/wp\/v2\/product_cat?post=74251"},{"taxonomy":"product_tag","embeddable":true,"href":"https:\/\/skinstudio.ee\/lt\/wp-json\/wp\/v2\/product_tag?post=74251"},{"taxonomy":"giftcard-category","embeddable":true,"href":"https:\/\/skinstudio.ee\/lt\/wp-json\/wp\/v2\/giftcard-category?post=74251"}],"curies":[{"name":"wp","href":"https:\/\/api.w.org\/{rel}","templated":true}]}}