{"id":74267,"date":"2026-01-15T11:17:42","date_gmt":"2026-01-15T11:17:42","guid":{"rendered":"https:\/\/skinstudio.ee\/?post_type=product&#038;p=74267"},"modified":"2026-01-21T13:57:35","modified_gmt":"2026-01-21T13:57:35","slug":"factor-g-renew-biostimulating-ampoules","status":"publish","type":"product","link":"https:\/\/skinstudio.ee\/lt\/catalog\/sesderma-lt\/factor-g-renew-biostimulating-ampoules\/","title":{"rendered":"FACTOR G Renew Biostimulating Ampoules"},"content":{"rendered":"<p data-start=\"1936\" data-end=\"2256\"><strong data-start=\"1936\" data-end=\"1991\">FACTOR G Renew Biostimulating Ampoules nuo Sesderma<\/strong> \u2013 tai intensyvus 7 dien\u0173 biostimuliuojantis kursas, skirtas matomam odos atnaujinimui, dr\u0117kinimo pagerinimui ir stangrumo didinimui. Augaliniais augimo faktoriais pagr\u012fsta formul\u0117 veikia tiek greitam vizualiam efektui, tiek palaipsniui gerinant bendr\u0105 odos kokyb\u0119.<\/p>\n<p data-start=\"2258\" data-end=\"2517\">Kiekviena kurso diena skirta skirtingam odos poreikiui \u2013 nuo stiprinimo ir atk\u016brimo iki apsaugos ir atnaujinimo. Rezultatas \u2013 oda atrodo tankesn\u0117, lygesn\u0117, labiau sudr\u0117kinta ir labiau i\u0161puosel\u0117ta, o veido atspalvis ir tekst\u016bra tampa tolygesni ir rafinuotesni.<\/p>\n<p data-start=\"2519\" data-end=\"2550\"><strong data-start=\"2519\" data-end=\"2550\">Kaip veikia 7 dien\u0173 kursas:<\/strong><\/p>\n<p data-start=\"2552\" data-end=\"3079\"><strong data-start=\"2552\" data-end=\"2578\">1 diena &#8211; Stiprinantis<\/strong> \u2013 palaiko odos strukt\u016br\u0105 ir tank\u012f.<br data-start=\"2613\" data-end=\"2616\" \/><strong data-start=\"2616\" data-end=\"2641\">2 diena &#8211; Atkuriantis<\/strong> \u2013 padeda pagerinti odos komfort\u0105 ir atsistatym\u0105.<br data-start=\"2690\" data-end=\"2693\" \/><strong data-start=\"2693\" data-end=\"2718\">3 diena &#8211; Maitinantis<\/strong> \u2013 palaiko bendr\u0105 odos b\u016bkl\u0119 ir i\u0161vaizd\u0105.<br data-start=\"2759\" data-end=\"2762\" \/><strong data-start=\"2762\" data-end=\"2793\">4 diena &#8211; Ton\u0105 i\u0161lyginantis<\/strong> \u2013 padeda sukurti tolygesn\u012f ir gaivesn\u012f veido atspalv\u012f.<br data-start=\"2848\" data-end=\"2851\" \/><strong data-start=\"2851\" data-end=\"2886\">5 diena &#8211; Strukt\u016br\u0105 atkuriantis<\/strong> \u2013 padeda pagerinti odos tank\u012f ir kokyb\u0119.<br data-start=\"2927\" data-end=\"2930\" \/><strong data-start=\"2930\" data-end=\"2954\">6 diena &#8211; Apsauginis<\/strong> \u2013 palaiko nat\u016bralias odos apsaugines funkcijas.<br data-start=\"3002\" data-end=\"3005\" \/><strong data-start=\"3005\" data-end=\"3032\">7 diena &#8211; Atnaujinantis<\/strong> \u2013 skatina lygesn\u0119 ir atgaivint\u0105 odos i\u0161vaizd\u0105.<\/p>\n<p data-start=\"3081\" data-end=\"3149\">Tinka vis\u0173 tip\u0173 odai kaip intensyvus prie\u017ei\u016bros kursas. Be paraben\u0173.<\/p>\n<p data-start=\"3151\" data-end=\"3176\"><strong data-start=\"3151\" data-end=\"3161\">T\u016bris:<\/strong> <strong data-start=\"3162\" data-end=\"3176\">7 x 1,5 ml<\/strong><\/p>\n","protected":false},"excerpt":{"rendered":"<p data-start=\"3280\" data-end=\"3322\">Intensyvus odos atnaujinimo ampuli\u0173 kursas<\/p>\n<h2 data-start=\"3324\" data-end=\"3385\"><strong data-start=\"3324\" data-end=\"3385\">Sesderma &#8211; FACTOR G Renew Biostimulating Ampoules Savyb\u0117s<\/strong><\/h2>\n<p data-start=\"3387\" data-end=\"3612\">\u2714\ufe0f U\u017etikrina matom\u0105 odos atnaujinim\u0105 ir dr\u0117kinim\u0105<br data-start=\"3436\" data-end=\"3439\" \/>\u2714\ufe0f Padeda pagerinti odos tank\u012f ir stangrum\u0105<br data-start=\"3482\" data-end=\"3485\" \/>\u2714\ufe0f Gerina bendr\u0105 odos kokyb\u0119 ir i\u0161vaizd\u0105<br data-start=\"3525\" data-end=\"3528\" \/>\u2714\ufe0f Padaro od\u0105 lygesn\u0119 ir labiau pri\u017ei\u016br\u0117t\u0105<br data-start=\"3570\" data-end=\"3573\" \/>\u2714\ufe0f Palaiko od\u0105 intensyvaus kurso metu<\/p>\n","protected":false},"featured_media":74258,"template":"","meta":[],"pwb-brand":[1263],"product_brand":[],"product_cat":[750,724],"product_tag":[],"giftcard-category":[],"class_list":{"0":"post-74267","1":"product","2":"type-product","3":"status-publish","4":"has-post-thumbnail","6":"pwb-brand-sesderma-lt","7":"product_cat-senstanti-oda","8":"product_cat-serumai","10":"first","11":"instock","12":"sale","13":"taxable","14":"shipping-taxable","15":"purchasable","16":"product-type-simple"},"acf":[],"brands":[{"id":1263,"name":"Sesderma","slug":"sesderma-lt"}],"_links":{"self":[{"href":"https:\/\/skinstudio.ee\/lt\/wp-json\/wp\/v2\/product\/74267","targetHints":{"allow":["GET"]}}],"collection":[{"href":"https:\/\/skinstudio.ee\/lt\/wp-json\/wp\/v2\/product"}],"about":[{"href":"https:\/\/skinstudio.ee\/lt\/wp-json\/wp\/v2\/types\/product"}],"version-history":[{"count":1,"href":"https:\/\/skinstudio.ee\/lt\/wp-json\/wp\/v2\/product\/74267\/revisions"}],"predecessor-version":[{"id":74268,"href":"https:\/\/skinstudio.ee\/lt\/wp-json\/wp\/v2\/product\/74267\/revisions\/74268"}],"wp:featuredmedia":[{"embeddable":true,"href":"https:\/\/skinstudio.ee\/lt\/wp-json\/wp\/v2\/media\/74258"}],"wp:attachment":[{"href":"https:\/\/skinstudio.ee\/lt\/wp-json\/wp\/v2\/media?parent=74267"}],"wp:term":[{"taxonomy":"pwb-brand","embeddable":true,"href":"https:\/\/skinstudio.ee\/lt\/wp-json\/wp\/v2\/pwb-brand?post=74267"},{"taxonomy":"product_brand","embeddable":true,"href":"https:\/\/skinstudio.ee\/lt\/wp-json\/wp\/v2\/product_brand?post=74267"},{"taxonomy":"product_cat","embeddable":true,"href":"https:\/\/skinstudio.ee\/lt\/wp-json\/wp\/v2\/product_cat?post=74267"},{"taxonomy":"product_tag","embeddable":true,"href":"https:\/\/skinstudio.ee\/lt\/wp-json\/wp\/v2\/product_tag?post=74267"},{"taxonomy":"giftcard-category","embeddable":true,"href":"https:\/\/skinstudio.ee\/lt\/wp-json\/wp\/v2\/giftcard-category?post=74267"}],"curies":[{"name":"wp","href":"https:\/\/api.w.org\/{rel}","templated":true}]}}