{"id":74283,"date":"2026-01-15T11:24:45","date_gmt":"2026-01-15T11:24:45","guid":{"rendered":"https:\/\/skinstudio.ee\/?post_type=product&#038;p=74283"},"modified":"2026-01-21T13:57:35","modified_gmt":"2026-01-21T13:57:35","slug":"factor-g-renew-chin-neck","status":"publish","type":"product","link":"https:\/\/skinstudio.ee\/lt\/catalog\/sesderma-lt\/factor-g-renew-chin-neck\/","title":{"rendered":"FACTOR G Renew Chin &#038; Neck"},"content":{"rendered":"<p data-start=\"1502\" data-end=\"1739\"><strong data-start=\"1502\" data-end=\"1545\">FACTOR G Renew Chin &amp; Neck nuo Sesderma<\/strong> \u2013 tai stangrinamasis gelinis kremas, skirtas smakro, kaklo ir dekolt\u0117 sri\u010diai. Formul\u0117 padeda pagerinti odos tank\u012f ir tonus\u0105, i\u0161ry\u0161kina kont\u016brus ir suteikia labiau pakelt\u0105, pri\u017ei\u016br\u0117t\u0105 i\u0161vaizd\u0105.<\/p>\n<p data-start=\"1741\" data-end=\"1985\">Reguliariai naudojant oda kaklo ir smakro srityje atrodo stangresn\u0117 ir kompakti\u0161kesn\u0117, o bendras siluetas tampa lygesnis ir ai\u0161kiau i\u0161reik\u0161tas. Lengva gelinio kremo tekst\u016bra lengvai pasiskirsto ir greitai susigeria, nepalikdama lipnumo poj\u016b\u010dio.<\/p>\n<p data-start=\"1987\" data-end=\"2023\"><strong data-start=\"1987\" data-end=\"2023\">Pagrindini\u0173 komponent\u0173 poveikis:<\/strong><\/p>\n<p data-start=\"2025\" data-end=\"2340\"><strong data-start=\"2025\" data-end=\"2075\">Augimo faktoriai (biotechnologinis kompleksas)<\/strong> \u2013 palaiko odos atsinaujinimo procesus ir padeda pagerinti jos stangrum\u0105 bei tank\u012f.<br data-start=\"2158\" data-end=\"2161\" \/><strong data-start=\"2161\" data-end=\"2194\">Retinoidai (Retinol, Retinal)<\/strong> \u2013 padeda pagerinti odos tekst\u016br\u0105 ir palaiko jos atsinaujinim\u0105.<br data-start=\"2257\" data-end=\"2260\" \/><strong data-start=\"2260\" data-end=\"2281\">Hialurono r\u016bg\u0161tis<\/strong> \u2013 padeda palaikyti optimal\u0173 odos dr\u0117gm\u0117s lyg\u012f ir komfort\u0105.<\/p>\n<p data-start=\"2342\" data-end=\"2473\">Tinka odai, kuriai b\u016bdingas stangrumo suma\u017e\u0117jimas, tonuso praradimas ir ma\u017eiau i\u0161reik\u0161ti kont\u016brai smakro, kaklo ir dekolt\u0117 srityje.<\/p>\n<p data-start=\"2475\" data-end=\"2495\"><strong data-start=\"2475\" data-end=\"2485\">T\u016bris:<\/strong> <strong data-start=\"2486\" data-end=\"2495\">50 ml<\/strong><\/p>\n","protected":false},"excerpt":{"rendered":"<p data-start=\"2547\" data-end=\"2594\">Stangrinamasis gelinis kremas smakrui ir kaklui<\/p>\n<h2 data-start=\"2596\" data-end=\"2645\"><strong data-start=\"2596\" data-end=\"2645\">Sesderma &#8211; FACTOR G Renew Chin &amp; Neck Savyb\u0117s<\/strong><\/h2>\n<p data-start=\"2647\" data-end=\"2854\">\u2714\ufe0f Stangrina od\u0105 smakro ir kaklo srityje<br data-start=\"2687\" data-end=\"2690\" \/>\u2714\ufe0f Padeda sustiprinti ir sutankinti audinius<br data-start=\"2734\" data-end=\"2737\" \/>\u2714\ufe0f I\u0161ry\u0161kina veido kont\u016brus<br data-start=\"2764\" data-end=\"2767\" \/>\u2714\ufe0f Gerina suglebusios odos i\u0161vaizd\u0105<br data-start=\"2802\" data-end=\"2805\" \/>\u2714\ufe0f Padeda formuoti jaunatvi\u0161kesn\u012f kaklo siluet\u0105<\/p>\n","protected":false},"featured_media":74274,"template":"","meta":[],"pwb-brand":[1263],"product_brand":[],"product_cat":[736,750,728],"product_tag":[],"giftcard-category":[],"class_list":{"0":"post-74283","1":"product","2":"type-product","3":"status-publish","4":"has-post-thumbnail","6":"pwb-brand-sesderma-lt","7":"product_cat-dekolte-sritis","8":"product_cat-senstanti-oda","9":"product_cat-vitaminas-a-retinolis","11":"first","12":"instock","13":"sale","14":"taxable","15":"shipping-taxable","16":"purchasable","17":"product-type-simple"},"acf":[],"brands":[{"id":1263,"name":"Sesderma","slug":"sesderma-lt"}],"_links":{"self":[{"href":"https:\/\/skinstudio.ee\/lt\/wp-json\/wp\/v2\/product\/74283","targetHints":{"allow":["GET"]}}],"collection":[{"href":"https:\/\/skinstudio.ee\/lt\/wp-json\/wp\/v2\/product"}],"about":[{"href":"https:\/\/skinstudio.ee\/lt\/wp-json\/wp\/v2\/types\/product"}],"version-history":[{"count":1,"href":"https:\/\/skinstudio.ee\/lt\/wp-json\/wp\/v2\/product\/74283\/revisions"}],"predecessor-version":[{"id":74284,"href":"https:\/\/skinstudio.ee\/lt\/wp-json\/wp\/v2\/product\/74283\/revisions\/74284"}],"wp:featuredmedia":[{"embeddable":true,"href":"https:\/\/skinstudio.ee\/lt\/wp-json\/wp\/v2\/media\/74274"}],"wp:attachment":[{"href":"https:\/\/skinstudio.ee\/lt\/wp-json\/wp\/v2\/media?parent=74283"}],"wp:term":[{"taxonomy":"pwb-brand","embeddable":true,"href":"https:\/\/skinstudio.ee\/lt\/wp-json\/wp\/v2\/pwb-brand?post=74283"},{"taxonomy":"product_brand","embeddable":true,"href":"https:\/\/skinstudio.ee\/lt\/wp-json\/wp\/v2\/product_brand?post=74283"},{"taxonomy":"product_cat","embeddable":true,"href":"https:\/\/skinstudio.ee\/lt\/wp-json\/wp\/v2\/product_cat?post=74283"},{"taxonomy":"product_tag","embeddable":true,"href":"https:\/\/skinstudio.ee\/lt\/wp-json\/wp\/v2\/product_tag?post=74283"},{"taxonomy":"giftcard-category","embeddable":true,"href":"https:\/\/skinstudio.ee\/lt\/wp-json\/wp\/v2\/giftcard-category?post=74283"}],"curies":[{"name":"wp","href":"https:\/\/api.w.org\/{rel}","templated":true}]}}