{"id":74299,"date":"2026-01-15T11:32:26","date_gmt":"2026-01-15T11:32:26","guid":{"rendered":"https:\/\/skinstudio.ee\/?post_type=product&#038;p=74299"},"modified":"2026-01-21T13:57:36","modified_gmt":"2026-01-21T13:57:36","slug":"factor-g-renew-eye-contour-cream-ceramic","status":"publish","type":"product","link":"https:\/\/skinstudio.ee\/lt\/catalog\/sesderma\/factor-g-renew-eye-contour-cream-ceramic\/","title":{"rendered":"FACTOR G Renew Eye Contour Cream Ceramic"},"content":{"rendered":"<p data-start=\"1732\" data-end=\"2039\"><strong data-start=\"1732\" data-end=\"1789\">FACTOR G Renew Eye Contour Cream Ceramic nuo Sesderma<\/strong> \u2013 tai stangrinamasis paaki\u0173 kremas, sukurtas pastebimai pagerinti \u0161velnios odos aplink akis kokyb\u0119 ir ma\u017einti sen\u0117jimo po\u017eymius. Formul\u0117s veiksmingumas patvirtintas klinikiniais tyrimais, skirtais ma\u017einti rauk\u0161les ir gerinti bendr\u0105 aki\u0173 zonos b\u016bkl\u0119.<\/p>\n<p data-start=\"2041\" data-end=\"2356\">Klinikinio vertinimo metu nustatyta <strong data-start=\"2077\" data-end=\"2117\">rauk\u0161li\u0173 skai\u010diaus suma\u017e\u0117jimas 16,1%<\/strong> ir <strong data-start=\"2121\" data-end=\"2158\">bendro j\u0173 ploto suma\u017e\u0117jimas 10,5%<\/strong>. Reguliariai naudojant oda aplink akis atrodo lygesn\u0117, stangresn\u0117 ir labiau pri\u017ei\u016br\u0117ta, o \u017evilgsnis \u2013 gaivesnis ir pails\u0117j\u0119s. Patogi tekst\u016bra tinka kasdieniam naudojimui, taip pat ir jautriai odai.<\/p>\n<p data-start=\"2358\" data-end=\"2394\"><strong data-start=\"2358\" data-end=\"2394\">Pagrindini\u0173 komponent\u0173 poveikis:<\/strong><\/p>\n<p data-start=\"2396\" data-end=\"2697\"><strong data-start=\"2396\" data-end=\"2433\">Augalin\u0117s kilm\u0117s augimo faktoriai<\/strong> \u2013 palaiko odos atsinaujinimo procesus ir padeda pagerinti odos tank\u012f bei stangrum\u0105.<br data-start=\"2517\" data-end=\"2520\" \/><strong data-start=\"2520\" data-end=\"2542\">Peptid\u0173 kompleksas<\/strong> \u2013 padeda gerinti odos kokyb\u0119 ir ma\u017einti smulki\u0173 linij\u0173 i\u0161vaizd\u0105.<br data-start=\"2607\" data-end=\"2610\" \/><strong data-start=\"2610\" data-end=\"2638\">Dr\u0117kinamieji komponentai<\/strong> \u2013 padeda palaikyti optimal\u0173 dr\u0117gm\u0117s lyg\u012f ir odos komfort\u0105.<\/p>\n<p data-start=\"2699\" data-end=\"2795\">Tinka odai, turin\u010diai matom\u0173 nuovargio po\u017eymi\u0173, suma\u017e\u0117jus\u012f stangrum\u0105 ir rauk\u0161les paaki\u0173 srityje.<\/p>\n<p data-start=\"2797\" data-end=\"2817\"><strong data-start=\"2797\" data-end=\"2807\">T\u016bris:<\/strong> <strong data-start=\"2808\" data-end=\"2817\">15 ml<\/strong><\/p>\n","protected":false},"excerpt":{"rendered":"<p data-start=\"2864\" data-end=\"2892\">Stangrinamasis paaki\u0173 kremas<\/p>\n<h2 data-start=\"2894\" data-end=\"2957\"><strong data-start=\"2894\" data-end=\"2957\">Sesderma &#8211; FACTOR G Renew Eye Contour Cream Ceramic Savyb\u0117s<\/strong><\/h2>\n<p data-start=\"2959\" data-end=\"3181\">\u2714\ufe0f Ma\u017eina rauk\u0161li\u0173 matomum\u0105 aplink akis<br data-start=\"2998\" data-end=\"3001\" \/>\u2714\ufe0f Suteikia \u017evilgsniui gaivesn\u0119 ir pails\u0117jusi\u0105 i\u0161vaizd\u0105<br data-start=\"3056\" data-end=\"3059\" \/>\u2714\ufe0f Gerina odos tank\u012f paaki\u0173 srityje<br data-start=\"3094\" data-end=\"3097\" \/>\u2714\ufe0f Padeda suma\u017einti matomus nuovargio po\u017eymius<br data-start=\"3143\" data-end=\"3146\" \/>\u2714\ufe0f Pagerina paaki\u0173 zonos i\u0161vaizd\u0105<\/p>\n","protected":false},"featured_media":74290,"template":"","meta":[],"pwb-brand":[1263],"product_brand":[],"product_cat":[734,750],"product_tag":[],"giftcard-category":[],"class_list":{"0":"post-74299","1":"product","2":"type-product","3":"status-publish","4":"has-post-thumbnail","6":"pwb-brand-sesderma","7":"product_cat-oda-aplink-akis","8":"product_cat-senstanti-oda","10":"first","11":"instock","12":"sale","13":"taxable","14":"shipping-taxable","15":"purchasable","16":"product-type-simple"},"acf":[],"brands":[{"id":1263,"name":"Sesderma","slug":"sesderma"}],"_links":{"self":[{"href":"https:\/\/skinstudio.ee\/lt\/wp-json\/wp\/v2\/product\/74299","targetHints":{"allow":["GET"]}}],"collection":[{"href":"https:\/\/skinstudio.ee\/lt\/wp-json\/wp\/v2\/product"}],"about":[{"href":"https:\/\/skinstudio.ee\/lt\/wp-json\/wp\/v2\/types\/product"}],"version-history":[{"count":1,"href":"https:\/\/skinstudio.ee\/lt\/wp-json\/wp\/v2\/product\/74299\/revisions"}],"predecessor-version":[{"id":74300,"href":"https:\/\/skinstudio.ee\/lt\/wp-json\/wp\/v2\/product\/74299\/revisions\/74300"}],"wp:featuredmedia":[{"embeddable":true,"href":"https:\/\/skinstudio.ee\/lt\/wp-json\/wp\/v2\/media\/74290"}],"wp:attachment":[{"href":"https:\/\/skinstudio.ee\/lt\/wp-json\/wp\/v2\/media?parent=74299"}],"wp:term":[{"taxonomy":"pwb-brand","embeddable":true,"href":"https:\/\/skinstudio.ee\/lt\/wp-json\/wp\/v2\/pwb-brand?post=74299"},{"taxonomy":"product_brand","embeddable":true,"href":"https:\/\/skinstudio.ee\/lt\/wp-json\/wp\/v2\/product_brand?post=74299"},{"taxonomy":"product_cat","embeddable":true,"href":"https:\/\/skinstudio.ee\/lt\/wp-json\/wp\/v2\/product_cat?post=74299"},{"taxonomy":"product_tag","embeddable":true,"href":"https:\/\/skinstudio.ee\/lt\/wp-json\/wp\/v2\/product_tag?post=74299"},{"taxonomy":"giftcard-category","embeddable":true,"href":"https:\/\/skinstudio.ee\/lt\/wp-json\/wp\/v2\/giftcard-category?post=74299"}],"curies":[{"name":"wp","href":"https:\/\/api.w.org\/{rel}","templated":true}]}}