{"id":74315,"date":"2026-01-15T11:39:48","date_gmt":"2026-01-15T11:39:48","guid":{"rendered":"https:\/\/skinstudio.ee\/?post_type=product&#038;p=74315"},"modified":"2026-01-21T13:57:36","modified_gmt":"2026-01-21T13:57:36","slug":"factor-g-renew-rejuvenating-serum","status":"publish","type":"product","link":"https:\/\/skinstudio.ee\/lt\/catalog\/sesderma-lt\/factor-g-renew-rejuvenating-serum\/","title":{"rendered":"FACTOR G Renew Rejuvenating Serum"},"content":{"rendered":"<p data-start=\"1725\" data-end=\"2057\"><strong data-start=\"1725\" data-end=\"1775\">FACTOR G Renew Rejuvenating Serum nuo Sesderma<\/strong> \u2013 tai intensyvus prie\u0161rauk\u0161linis serumas, skirtas matomam odos atnaujinimui ir bendros jos kokyb\u0117s pagerinimui. Formul\u0117 su biotechnologini\u0173 augimo faktori\u0173 kompleksu padeda padidinti odos tank\u012f ir stangrum\u0105, stiprina odos strukt\u016br\u0105 ir palaiko gaivesn\u0119, labiau i\u0161puosel\u0117t\u0105 i\u0161vaizd\u0105.<\/p>\n<p data-start=\"2059\" data-end=\"2352\">Reguliariai naudojant oda tampa lygesn\u0117, tankesn\u0117 ir elastingesn\u0117, atrodo pilnesn\u0117 ir geriau sudr\u0117kinta. Jau po <strong data-start=\"2171\" data-end=\"2183\">28 dien\u0173<\/strong>oda jau\u010diasi mink\u0161tesn\u0117, stangresn\u0117 ir pastebimai labiau pri\u017ei\u016br\u0117ta. Lengva tekst\u016bra tinka kasdieniam naudojimui ir visiems odos tipams, \u012fskaitant plon\u0105 ir jautri\u0105 od\u0105.<\/p>\n<p data-start=\"2354\" data-end=\"2390\"><strong data-start=\"2354\" data-end=\"2390\">Pagrindini\u0173 komponent\u0173 poveikis:<\/strong><\/p>\n<p data-start=\"2392\" data-end=\"2751\"><strong data-start=\"2392\" data-end=\"2439\">Augalin\u0117s kilm\u0117s augimo faktori\u0173 kompleksas<\/strong> \u2013 palaiko odos atsinaujinimo procesus ir padeda pagerinti odos tank\u012f bei stangrum\u0105.<br data-start=\"2523\" data-end=\"2526\" \/><strong data-start=\"2526\" data-end=\"2548\">Peptid\u0173 kompleksas<\/strong> \u2013 padeda pagerinti bendr\u0105 odos kokyb\u0119 ir i\u0161lyginti tekst\u016br\u0105.<br data-start=\"2609\" data-end=\"2612\" \/><strong data-start=\"2612\" data-end=\"2669\">Antioksidant\u0173 kompleksas (resveratrolis, kvercetinas)<\/strong> \u2013 padeda apsaugoti od\u0105 nuo i\u0161orini\u0173 streso veiksni\u0173 ir palaiko gaivesn\u0119 i\u0161vaizd\u0105.<\/p>\n<p data-start=\"2753\" data-end=\"2850\">Tinka odai, praradusiai stangrum\u0105, suma\u017e\u0117jus tankiui ir atsiradus pirmiesiems sen\u0117jimo po\u017eymiams.<\/p>\n<p data-start=\"2852\" data-end=\"2872\"><strong data-start=\"2852\" data-end=\"2862\">T\u016bris:<\/strong> <strong data-start=\"2863\" data-end=\"2872\">30 ml<\/strong><\/p>\n","protected":false},"excerpt":{"rendered":"<p data-start=\"2944\" data-end=\"2983\">Intensyviai atnaujinantis veido serumas<\/p>\n<h2 data-start=\"2985\" data-end=\"3041\"><strong data-start=\"2985\" data-end=\"3041\">Sesderma &#8211; FACTOR G Renew Rejuvenating Serum Savyb\u0117s<\/strong><\/h2>\n<p data-start=\"3043\" data-end=\"3253\">\u2714\ufe0f Pastebimai gerina odos tank\u012f ir stangrum\u0105<br data-start=\"3087\" data-end=\"3090\" \/>\u2714\ufe0f Padaro od\u0105 lygesn\u0119 ir pilnesn\u0119<br data-start=\"3123\" data-end=\"3126\" \/>\u2714\ufe0f Padeda suma\u017einti rauk\u0161li\u0173 matomum\u0105<br data-start=\"3163\" data-end=\"3166\" \/>\u2714\ufe0f Gerina bendr\u0105 odos kokyb\u0119 ir i\u0161vaizd\u0105<br data-start=\"3206\" data-end=\"3209\" \/>\u2714\ufe0f Palaiko od\u0105 aktyvaus atsinaujinimo metu<\/p>\n","protected":false},"featured_media":74306,"template":"","meta":[],"pwb-brand":[1263],"product_brand":[],"product_cat":[750,724],"product_tag":[],"giftcard-category":[],"class_list":{"0":"post-74315","1":"product","2":"type-product","3":"status-publish","4":"has-post-thumbnail","6":"pwb-brand-sesderma-lt","7":"product_cat-senstanti-oda","8":"product_cat-serumai","10":"first","11":"instock","12":"sale","13":"taxable","14":"shipping-taxable","15":"purchasable","16":"product-type-simple"},"acf":[],"brands":[{"id":1263,"name":"Sesderma","slug":"sesderma-lt"}],"_links":{"self":[{"href":"https:\/\/skinstudio.ee\/lt\/wp-json\/wp\/v2\/product\/74315","targetHints":{"allow":["GET"]}}],"collection":[{"href":"https:\/\/skinstudio.ee\/lt\/wp-json\/wp\/v2\/product"}],"about":[{"href":"https:\/\/skinstudio.ee\/lt\/wp-json\/wp\/v2\/types\/product"}],"version-history":[{"count":1,"href":"https:\/\/skinstudio.ee\/lt\/wp-json\/wp\/v2\/product\/74315\/revisions"}],"predecessor-version":[{"id":74316,"href":"https:\/\/skinstudio.ee\/lt\/wp-json\/wp\/v2\/product\/74315\/revisions\/74316"}],"wp:featuredmedia":[{"embeddable":true,"href":"https:\/\/skinstudio.ee\/lt\/wp-json\/wp\/v2\/media\/74306"}],"wp:attachment":[{"href":"https:\/\/skinstudio.ee\/lt\/wp-json\/wp\/v2\/media?parent=74315"}],"wp:term":[{"taxonomy":"pwb-brand","embeddable":true,"href":"https:\/\/skinstudio.ee\/lt\/wp-json\/wp\/v2\/pwb-brand?post=74315"},{"taxonomy":"product_brand","embeddable":true,"href":"https:\/\/skinstudio.ee\/lt\/wp-json\/wp\/v2\/product_brand?post=74315"},{"taxonomy":"product_cat","embeddable":true,"href":"https:\/\/skinstudio.ee\/lt\/wp-json\/wp\/v2\/product_cat?post=74315"},{"taxonomy":"product_tag","embeddable":true,"href":"https:\/\/skinstudio.ee\/lt\/wp-json\/wp\/v2\/product_tag?post=74315"},{"taxonomy":"giftcard-category","embeddable":true,"href":"https:\/\/skinstudio.ee\/lt\/wp-json\/wp\/v2\/giftcard-category?post=74315"}],"curies":[{"name":"wp","href":"https:\/\/api.w.org\/{rel}","templated":true}]}}