{"id":74330,"date":"2026-01-15T11:53:57","date_gmt":"2026-01-15T11:53:57","guid":{"rendered":"https:\/\/skinstudio.ee\/?post_type=product&#038;p=74330"},"modified":"2026-01-21T13:57:36","modified_gmt":"2026-01-21T13:57:36","slug":"ferulac-antioxidant-facial-cream","status":"publish","type":"product","link":"https:\/\/skinstudio.ee\/lt\/catalog\/sesderma-lt\/ferulac-antioxidant-facial-cream\/","title":{"rendered":"FERULAC Antioxidant Facial Cream"},"content":{"rendered":"<p data-start=\"1667\" data-end=\"1951\"><strong data-start=\"1667\" data-end=\"1716\">FERULAC Antioxidant Facial Cream nuo Sesderma<\/strong> \u2013 tai antioksidacinis veido kremas, sukurtas apsaugoti od\u0105 nuo fotosen\u0117jimo ir kasdieni\u0173 aplinkos veiksni\u0173 poveikio. Formul\u0117 padeda palaikyti tolygesn\u012f odos atspalv\u012f, lygesn\u0119 tekst\u016br\u0105 ir pri\u017ei\u016br\u0117tos, sveikai atrodan\u010dios odos i\u0161vaizd\u0105.<\/p>\n<p data-start=\"1953\" data-end=\"2215\">Reguliariai naudojant oda atrodo gaivesn\u0117 ir geriau sudr\u0117kinta, tampa lygesn\u0117 ir elastingesn\u0117, o fotopa\u017eeidim\u0173 po\u017eymiai laikui b\u0117gant tampa ma\u017eiau pastebimi. Kremas yra patogus naudoti, tinka kasdienei prie\u017ei\u016brai ir lengvai \u012fsilieja \u012f rytin\u0119 bei vakarin\u0119 rutin\u0105.<\/p>\n<p data-start=\"2217\" data-end=\"2253\"><strong data-start=\"2217\" data-end=\"2253\">Pagrindini\u0173 komponent\u0173 poveikis:<\/strong><\/p>\n<p data-start=\"2255\" data-end=\"2552\"><strong data-start=\"2255\" data-end=\"2271\">Ferulic Acid<\/strong> \u2013 suteikia stipri\u0105 antioksidacin\u0119 apsaug\u0105 ir padeda suma\u017einti fotostreso poveik\u012f odai.<br data-start=\"2358\" data-end=\"2361\" \/><strong data-start=\"2361\" data-end=\"2376\">Tannic Acid<\/strong> \u2013 padeda palaikyti tolygesn\u012f odos atspalv\u012f ir pri\u017ei\u016br\u0117t\u0105 i\u0161vaizd\u0105.<br data-start=\"2443\" data-end=\"2446\" \/><strong data-start=\"2446\" data-end=\"2459\">Phloretin<\/strong> \u2013 sustiprina formul\u0117s apsaugin\u012f poveik\u012f ir padeda i\u0161laikyti lygesn\u0119, gaivesn\u0119 odos i\u0161vaizd\u0105.<\/p>\n<p data-start=\"2554\" data-end=\"2651\">Tinka odai, turin\u010diai fotosen\u0117jimo po\u017eymi\u0173, netolyg\u0173 atspalv\u012f, suma\u017e\u0117jus\u012f elastingum\u0105 ir sausum\u0105.<\/p>\n<p data-start=\"2653\" data-end=\"2673\"><strong data-start=\"2653\" data-end=\"2663\">T\u016bris:<\/strong> <strong data-start=\"2664\" data-end=\"2673\">50 ml<\/strong><\/p>\n","protected":false},"excerpt":{"rendered":"<p data-start=\"2837\" data-end=\"2865\">Antioksidacinis veido kremas<\/p>\n<h2 data-start=\"2867\" data-end=\"2922\"><strong data-start=\"2867\" data-end=\"2922\">Sesderma &#8211; FERULAC Antioxidant Facial Cream Savyb\u0117s<\/strong><\/h2>\n<p data-start=\"2924\" data-end=\"3154\">\u2714\ufe0f Apsaugo od\u0105 nuo fotostreso ir oksidacijos<br data-start=\"2968\" data-end=\"2971\" \/>\u2714\ufe0f Padeda palaikyti tolygesn\u012f odos atspalv\u012f<br data-start=\"3014\" data-end=\"3017\" \/>\u2714\ufe0f Padaro od\u0105 lygesn\u0119 ir labiau pri\u017ei\u016br\u0117t\u0105<br data-start=\"3059\" data-end=\"3062\" \/>\u2714\ufe0f Palaiko odos elastingum\u0105 ir gaiv\u0173 i\u0161vaizd\u0105<br data-start=\"3107\" data-end=\"3110\" \/>\u2714\ufe0f Suteikia komfort\u0105 ir kasdien\u012f dr\u0117kinim\u0105<\/p>\n","protected":false},"featured_media":74322,"template":"","meta":[],"pwb-brand":[1263],"product_brand":[],"product_cat":[738,750],"product_tag":[],"giftcard-category":[],"class_list":{"0":"post-74330","1":"product","2":"type-product","3":"status-publish","4":"has-post-thumbnail","6":"pwb-brand-sesderma-lt","7":"product_cat-drekinimas","8":"product_cat-senstanti-oda","10":"first","11":"instock","12":"sale","13":"taxable","14":"shipping-taxable","15":"purchasable","16":"product-type-simple"},"acf":[],"brands":[{"id":1263,"name":"Sesderma","slug":"sesderma-lt"}],"_links":{"self":[{"href":"https:\/\/skinstudio.ee\/lt\/wp-json\/wp\/v2\/product\/74330","targetHints":{"allow":["GET"]}}],"collection":[{"href":"https:\/\/skinstudio.ee\/lt\/wp-json\/wp\/v2\/product"}],"about":[{"href":"https:\/\/skinstudio.ee\/lt\/wp-json\/wp\/v2\/types\/product"}],"version-history":[{"count":1,"href":"https:\/\/skinstudio.ee\/lt\/wp-json\/wp\/v2\/product\/74330\/revisions"}],"predecessor-version":[{"id":74331,"href":"https:\/\/skinstudio.ee\/lt\/wp-json\/wp\/v2\/product\/74330\/revisions\/74331"}],"wp:featuredmedia":[{"embeddable":true,"href":"https:\/\/skinstudio.ee\/lt\/wp-json\/wp\/v2\/media\/74322"}],"wp:attachment":[{"href":"https:\/\/skinstudio.ee\/lt\/wp-json\/wp\/v2\/media?parent=74330"}],"wp:term":[{"taxonomy":"pwb-brand","embeddable":true,"href":"https:\/\/skinstudio.ee\/lt\/wp-json\/wp\/v2\/pwb-brand?post=74330"},{"taxonomy":"product_brand","embeddable":true,"href":"https:\/\/skinstudio.ee\/lt\/wp-json\/wp\/v2\/product_brand?post=74330"},{"taxonomy":"product_cat","embeddable":true,"href":"https:\/\/skinstudio.ee\/lt\/wp-json\/wp\/v2\/product_cat?post=74330"},{"taxonomy":"product_tag","embeddable":true,"href":"https:\/\/skinstudio.ee\/lt\/wp-json\/wp\/v2\/product_tag?post=74330"},{"taxonomy":"giftcard-category","embeddable":true,"href":"https:\/\/skinstudio.ee\/lt\/wp-json\/wp\/v2\/giftcard-category?post=74330"}],"curies":[{"name":"wp","href":"https:\/\/api.w.org\/{rel}","templated":true}]}}