{"id":74347,"date":"2026-01-15T12:44:58","date_gmt":"2026-01-15T12:44:58","guid":{"rendered":"https:\/\/skinstudio.ee\/?post_type=product&#038;p=74347"},"modified":"2026-01-21T13:57:36","modified_gmt":"2026-01-21T13:57:36","slug":"ferulac-antioxidant-gel-cream","status":"publish","type":"product","link":"https:\/\/skinstudio.ee\/lt\/catalog\/sesderma-lt\/ferulac-antioxidant-gel-cream\/","title":{"rendered":"FERULAC Antioxidant Gel Cream"},"content":{"rendered":"<p data-start=\"1671\" data-end=\"1966\"><strong data-start=\"1671\" data-end=\"1717\">FERULAC Antioxidant Gel Cream nuo Sesderma<\/strong> \u2013 tai lengvos tekst\u016bros antioksidacinis gelinis kremas, skirtas apsaugoti od\u0105 nuo fotosen\u0117jimo ir kasdienio aplinkos poveikio. Formul\u0117 padeda palaikyti tolygesn\u012f odos atspalv\u012f, lygesn\u0119 tekst\u016br\u0105 ir gaivesn\u0119, pri\u017ei\u016br\u0117t\u0105 i\u0161vaizd\u0105, neapsunkindama odos.<\/p>\n<p data-start=\"1968\" data-end=\"2211\">Reguliariai naudojant oda atrodo labiau sudr\u0117kinta ir gaivesn\u0117, tampa lygesn\u0117 ir elastingesn\u0117, o fotopa\u017eeidimo po\u017eymiai laikui b\u0117gant tampa ma\u017eiau pastebimi. Lengva gelinio kremo tekst\u016bra greitai \u012fsigeria ir puikiai tinka kasdienei prie\u017ei\u016brai.<\/p>\n<p data-start=\"2213\" data-end=\"2249\"><strong data-start=\"2213\" data-end=\"2249\">Pagrindini\u0173 komponent\u0173 poveikis:<\/strong><\/p>\n<p data-start=\"2251\" data-end=\"2553\"><strong data-start=\"2251\" data-end=\"2269\">Ferulo r\u016bg\u0161tis<\/strong> \u2013 suteikia stipri\u0105 antioksidacin\u0119 apsaug\u0105 ir padeda suma\u017einti fotostreso poveik\u012f odai.<br data-start=\"2356\" data-end=\"2359\" \/><strong data-start=\"2359\" data-end=\"2377\">Tanino r\u016bg\u0161tis<\/strong> \u2013 padeda palaikyti tolygesn\u012f odos atspalv\u012f ir pri\u017ei\u016br\u0117tos odos i\u0161vaizd\u0105.<br data-start=\"2450\" data-end=\"2453\" \/><strong data-start=\"2453\" data-end=\"2467\">Floretinas<\/strong> \u2013 sustiprina formul\u0117s apsaugin\u012f poveik\u012f ir palaiko lygesn\u0117s, gaivesn\u0117s odos i\u0161vaizd\u0105.<\/p>\n<p data-start=\"2555\" data-end=\"2649\">Tinka odai su fotosen\u0117jimo po\u017eymiais, netolygiu atspalviu, suma\u017e\u0117jusiu elastingumu ir sausumu.<\/p>\n<p data-start=\"2651\" data-end=\"2671\"><strong data-start=\"2651\" data-end=\"2661\">T\u016bris:<\/strong> <strong data-start=\"2662\" data-end=\"2671\">50 ml<\/strong><\/p>\n","protected":false},"excerpt":{"rendered":"<p data-start=\"2841\" data-end=\"2886\">Lengvas antioksidacinis gelinis kremas veidui<\/p>\n<h2 data-start=\"2888\" data-end=\"2940\"><strong data-start=\"2888\" data-end=\"2940\">Sesderma &#8211; FERULAC Antioxidant Gel Cream Savyb\u0117s<\/strong><\/h2>\n<p data-start=\"2942\" data-end=\"3197\">\u2714\ufe0f Apsaugo od\u0105 nuo fotostreso ir oksidacinio poveikio<br data-start=\"2995\" data-end=\"2998\" \/>\u2714\ufe0f Padeda palaikyti tolygesn\u012f odos atspalv\u012f<br data-start=\"3041\" data-end=\"3044\" \/>\u2714\ufe0f Pagerina odos tekst\u016br\u0105 ir suteikia lygesn\u0119 i\u0161vaizd\u0105<br data-start=\"3098\" data-end=\"3101\" \/>\u2714\ufe0f Palaiko odos elastingum\u0105 ir gaivesn\u0119 i\u0161vaizd\u0105<br data-start=\"3149\" data-end=\"3152\" \/>\u2714\ufe0f U\u017etikrina komfort\u0105 ir kasdien\u012f dr\u0117kinim\u0105<\/p>\n","protected":false},"featured_media":74338,"template":"","meta":[],"pwb-brand":[1263],"product_brand":[],"product_cat":[738,740,750],"product_tag":[],"giftcard-category":[],"class_list":{"0":"post-74347","1":"product","2":"type-product","3":"status-publish","4":"has-post-thumbnail","6":"pwb-brand-sesderma-lt","7":"product_cat-drekinimas","8":"product_cat-sausai-odai","9":"product_cat-senstanti-oda","11":"first","12":"instock","13":"sale","14":"taxable","15":"shipping-taxable","16":"purchasable","17":"product-type-simple"},"acf":[],"brands":[{"id":1263,"name":"Sesderma","slug":"sesderma-lt"}],"_links":{"self":[{"href":"https:\/\/skinstudio.ee\/lt\/wp-json\/wp\/v2\/product\/74347","targetHints":{"allow":["GET"]}}],"collection":[{"href":"https:\/\/skinstudio.ee\/lt\/wp-json\/wp\/v2\/product"}],"about":[{"href":"https:\/\/skinstudio.ee\/lt\/wp-json\/wp\/v2\/types\/product"}],"version-history":[{"count":1,"href":"https:\/\/skinstudio.ee\/lt\/wp-json\/wp\/v2\/product\/74347\/revisions"}],"predecessor-version":[{"id":74348,"href":"https:\/\/skinstudio.ee\/lt\/wp-json\/wp\/v2\/product\/74347\/revisions\/74348"}],"wp:featuredmedia":[{"embeddable":true,"href":"https:\/\/skinstudio.ee\/lt\/wp-json\/wp\/v2\/media\/74338"}],"wp:attachment":[{"href":"https:\/\/skinstudio.ee\/lt\/wp-json\/wp\/v2\/media?parent=74347"}],"wp:term":[{"taxonomy":"pwb-brand","embeddable":true,"href":"https:\/\/skinstudio.ee\/lt\/wp-json\/wp\/v2\/pwb-brand?post=74347"},{"taxonomy":"product_brand","embeddable":true,"href":"https:\/\/skinstudio.ee\/lt\/wp-json\/wp\/v2\/product_brand?post=74347"},{"taxonomy":"product_cat","embeddable":true,"href":"https:\/\/skinstudio.ee\/lt\/wp-json\/wp\/v2\/product_cat?post=74347"},{"taxonomy":"product_tag","embeddable":true,"href":"https:\/\/skinstudio.ee\/lt\/wp-json\/wp\/v2\/product_tag?post=74347"},{"taxonomy":"giftcard-category","embeddable":true,"href":"https:\/\/skinstudio.ee\/lt\/wp-json\/wp\/v2\/giftcard-category?post=74347"}],"curies":[{"name":"wp","href":"https:\/\/api.w.org\/{rel}","templated":true}]}}