{"id":74382,"date":"2026-01-15T13:06:09","date_gmt":"2026-01-15T13:06:09","guid":{"rendered":"https:\/\/skinstudio.ee\/?post_type=product&#038;p=74382"},"modified":"2026-01-21T13:57:36","modified_gmt":"2026-01-21T13:57:36","slug":"hidraderm-hyal-facial-cream","status":"publish","type":"product","link":"https:\/\/skinstudio.ee\/lt\/catalog\/sesderma-lt\/hidraderm-hyal-facial-cream\/","title":{"rendered":"HIDRADERM HYAL Facial Cream"},"content":{"rendered":"<p data-start=\"1637\" data-end=\"1967\"><strong data-start=\"1637\" data-end=\"1690\">HIDRADERM HYAL Facial Cream nuo Sesderma<\/strong> yra intensyviai dr\u0117kinantis veido kremas, padedantis atkurti odos dr\u0117gm\u0117s balans\u0105 keliuose lygiuose. Formul\u0117 su trimis hialurono r\u016bg\u0161ties formomis u\u017etikrina visapusi\u0161k\u0105 dr\u0117kinim\u0105 skirtinguose odos sluoksniuose, pad\u0117dama odai atrodyti lygesnei, putlesnei ir labiau pri\u017ei\u016br\u0117tai.<\/p>\n<p data-start=\"1969\" data-end=\"2260\">Lengva emulsin\u0117 tekst\u016bra greitai \u012fsigeria ir neapsunkina odos, taip pat puikiai tinka kaip makia\u017eo pagrindas. <strong data-start=\"2079\" data-end=\"2123\">HIDRADERM HYAL Facial Cream<\/strong>\u00a0padeda pastebimai i\u0161lyginti odos pavir\u0161i\u0173 ir pagerinti bendr\u0105 jos i\u0161vaizd\u0105, suteikdamas veidui gaivesn\u012f, tolygesn\u012f ir pri\u017ei\u016br\u0117t\u0105 vaizd\u0105.<\/p>\n<p data-start=\"2262\" data-end=\"2298\"><strong data-start=\"2262\" data-end=\"2298\">Pagrindini\u0173 komponent\u0173 poveikis:<\/strong><\/p>\n<p data-start=\"2300\" data-end=\"2597\"><strong data-start=\"2300\" data-end=\"2332\">Hialurono r\u016bg\u0161tis (3 formos)<\/strong> &#8211; u\u017etikrina daugialyp\u012f ir ilgalaik\u012f dr\u0117kinim\u0105, gerina odos glotnum\u0105 ir putlum\u0105.<br data-start=\"2412\" data-end=\"2415\" \/><strong data-start=\"2415\" data-end=\"2428\">Lecitinas<\/strong> &#8211; padeda palaikyti odos komfort\u0105 ir optimal\u0173 dr\u0117gm\u0117s lyg\u012f.<br data-start=\"2487\" data-end=\"2490\" \/><strong data-start=\"2490\" data-end=\"2505\">Vitaminas E<\/strong> &#8211; suteikia antioksidacin\u0119 apsaug\u0105 ir padeda odai atrodyti gaivesnei bei labiau pri\u017ei\u016br\u0117tai.<\/p>\n<p data-start=\"2599\" data-end=\"2720\">Tinka vis\u0173 tip\u0173 odai ir bet kokio am\u017eiaus \u017emon\u0117ms, ypa\u010d esant dr\u0117gm\u0117s tr\u016bkumui, glotnumo suma\u017e\u0117jimui ir tempimo poj\u016b\u010diui.<\/p>\n<p data-start=\"2722\" data-end=\"2742\"><strong data-start=\"2722\" data-end=\"2732\">T\u016bris:<\/strong> <strong data-start=\"2733\" data-end=\"2742\">50 ml<\/strong><\/p>\n","protected":false},"excerpt":{"rendered":"<div class=\"flex flex-col text-sm pb-25\">\n<article class=\"text-token-text-primary w-full focus:outline-none [--shadow-height:45px] has-data-writing-block:pointer-events-none has-data-writing-block:-mt-(--shadow-height) has-data-writing-block:pt-(--shadow-height) [&amp;:has([data-writing-block])&gt;*]:pointer-events-auto scroll-mt-[calc(var(--header-height)+min(200px,max(70px,20svh)))]\" dir=\"auto\" tabindex=\"-1\" data-turn-id=\"request-696795c3-d9dc-832c-abae-c6bcbb663466-1\" data-testid=\"conversation-turn-240\" data-scroll-anchor=\"true\" data-turn=\"assistant\">\n<div class=\"text-base my-auto mx-auto pb-10 [--thread-content-margin:--spacing(4)] @w-sm\/main:[--thread-content-margin:--spacing(6)] @w-lg\/main:[--thread-content-margin:--spacing(16)] px-(--thread-content-margin)\">\n<div class=\"[--thread-content-max-width:40rem] @w-lg\/main:[--thread-content-max-width:48rem] mx-auto max-w-(--thread-content-max-width) flex-1 group\/turn-messages focus-visible:outline-hidden relative flex w-full min-w-0 flex-col agent-turn\" tabindex=\"-1\">\n<div class=\"flex max-w-full flex-col grow\">\n<div class=\"min-h-8 text-message relative flex w-full flex-col items-end gap-2 text-start break-words whitespace-normal [.text-message+&amp;]:mt-1\" dir=\"auto\" data-message-author-role=\"assistant\" data-message-id=\"75877033-f50a-4df7-a40f-3cbb62841080\" data-message-model-slug=\"gpt-5-2\">\n<div class=\"flex w-full flex-col gap-1 empty:hidden first:pt-[1px]\">\n<div class=\"markdown prose dark:prose-invert w-full break-words light markdown-new-styling\">\n<p data-start=\"2783\" data-end=\"2816\">Lengvas dr\u0117kinamasis veido kremas<\/p>\n<h2 data-start=\"2818\" data-end=\"2871\"><strong data-start=\"2821\" data-end=\"2871\">Sesderma &#8211; HIDRADERM HYAL Facial Cream savyb\u0117s<\/strong><\/h2>\n<p data-start=\"2873\" data-end=\"3086\">\u2714\ufe0f U\u017etikrina intensyv\u0173 daugialyp\u012f dr\u0117kinim\u0105<br data-start=\"2916\" data-end=\"2919\" \/>\u2714\ufe0f Oda tampa lygesn\u0117 ir putlesn\u0117<br data-start=\"2951\" data-end=\"2954\" \/>\u2714\ufe0f Pagerina odos tekst\u016br\u0105 ir i\u0161vaizd\u0105<br data-start=\"2991\" data-end=\"2994\" \/>\u2714\ufe0f Greitai \u012fsigeria nepalikdamas sunkumo poj\u016b\u010dio<br data-start=\"3042\" data-end=\"3045\" \/>\u2714\ufe0f Puikiai tinka kaip makia\u017eo pagrindas<\/p>\n<\/div>\n<\/div>\n<\/div>\n<\/div>\n<\/div>\n<\/div>\n<\/article>\n<\/div>\n","protected":false},"featured_media":74370,"template":"","meta":[],"pwb-brand":[1263],"product_brand":[],"product_cat":[738,750],"product_tag":[],"giftcard-category":[],"class_list":{"0":"post-74382","1":"product","2":"type-product","3":"status-publish","4":"has-post-thumbnail","6":"pwb-brand-sesderma-lt","7":"product_cat-drekinimas","8":"product_cat-senstanti-oda","10":"first","11":"instock","12":"sale","13":"taxable","14":"shipping-taxable","15":"purchasable","16":"product-type-simple"},"acf":[],"brands":[{"id":1263,"name":"Sesderma","slug":"sesderma-lt"}],"_links":{"self":[{"href":"https:\/\/skinstudio.ee\/lt\/wp-json\/wp\/v2\/product\/74382","targetHints":{"allow":["GET"]}}],"collection":[{"href":"https:\/\/skinstudio.ee\/lt\/wp-json\/wp\/v2\/product"}],"about":[{"href":"https:\/\/skinstudio.ee\/lt\/wp-json\/wp\/v2\/types\/product"}],"version-history":[{"count":1,"href":"https:\/\/skinstudio.ee\/lt\/wp-json\/wp\/v2\/product\/74382\/revisions"}],"predecessor-version":[{"id":74383,"href":"https:\/\/skinstudio.ee\/lt\/wp-json\/wp\/v2\/product\/74382\/revisions\/74383"}],"wp:featuredmedia":[{"embeddable":true,"href":"https:\/\/skinstudio.ee\/lt\/wp-json\/wp\/v2\/media\/74370"}],"wp:attachment":[{"href":"https:\/\/skinstudio.ee\/lt\/wp-json\/wp\/v2\/media?parent=74382"}],"wp:term":[{"taxonomy":"pwb-brand","embeddable":true,"href":"https:\/\/skinstudio.ee\/lt\/wp-json\/wp\/v2\/pwb-brand?post=74382"},{"taxonomy":"product_brand","embeddable":true,"href":"https:\/\/skinstudio.ee\/lt\/wp-json\/wp\/v2\/product_brand?post=74382"},{"taxonomy":"product_cat","embeddable":true,"href":"https:\/\/skinstudio.ee\/lt\/wp-json\/wp\/v2\/product_cat?post=74382"},{"taxonomy":"product_tag","embeddable":true,"href":"https:\/\/skinstudio.ee\/lt\/wp-json\/wp\/v2\/product_tag?post=74382"},{"taxonomy":"giftcard-category","embeddable":true,"href":"https:\/\/skinstudio.ee\/lt\/wp-json\/wp\/v2\/giftcard-category?post=74382"}],"curies":[{"name":"wp","href":"https:\/\/api.w.org\/{rel}","templated":true}]}}