{"id":74398,"date":"2026-01-15T13:16:42","date_gmt":"2026-01-15T13:16:42","guid":{"rendered":"https:\/\/skinstudio.ee\/?post_type=product&#038;p=74398"},"modified":"2026-01-21T13:57:36","modified_gmt":"2026-01-21T13:57:36","slug":"hidraderm-hyal-liposomal-serum","status":"publish","type":"product","link":"https:\/\/skinstudio.ee\/lt\/catalog\/sesderma-lt\/hidraderm-hyal-liposomal-serum\/","title":{"rendered":"HIDRADERM HYAL Liposomal Serum"},"content":{"rendered":"<p data-start=\"1737\" data-end=\"2061\"><strong data-start=\"1737\" data-end=\"1784\">HIDRADERM HYAL Liposomal Serum nuo Sesderma<\/strong> yra intensyviai dr\u0117kinantis liposominis serumas su trimis hialurono r\u016bg\u0161ties formomis, skirtas atkurti odos dr\u0117gm\u0117s balans\u0105 keliuose lygiuose. Formul\u0117 veikia tiek odos pavir\u0161iuje, tiek gilesniuose sluoksniuose, pad\u0117dama odai atrodyti lygesnei, putlesnei ir labiau pri\u017ei\u016br\u0117tai.<\/p>\n<p data-start=\"2063\" data-end=\"2326\">Serumas jau nuo pirm\u0173j\u0173 naudojim\u0173 pastebimai pagerina odos i\u0161vaizd\u0105, suteikia jai gaivumo ir stangrumo bei padeda i\u0161lyginti smulkias linijas, atsiradusias d\u0117l dehidratacijos. Lengva tekst\u016bra greitai \u012fsigeria ir lengvai \u012fsilieja \u012f bet kuri\u0105 odos prie\u017ei\u016bros rutin\u0105.<\/p>\n<p data-start=\"2328\" data-end=\"2364\"><strong data-start=\"2328\" data-end=\"2364\">Pagrindini\u0173 komponent\u0173 poveikis:<\/strong><\/p>\n<p data-start=\"2366\" data-end=\"2674\"><strong data-start=\"2366\" data-end=\"2398\">Hialurono r\u016bg\u0161tis (3 formos)<\/strong> &#8211; u\u017etikrina daugialyp\u012f ir ilgalaik\u012f dr\u0117kinim\u0105, padeda odai atrodyti lygesnei ir putlesnei.<br data-start=\"2489\" data-end=\"2492\" \/><strong data-start=\"2492\" data-end=\"2505\">Keramidai<\/strong> &#8211; palaiko odos apsaugin\u012f barjer\u0105 ir padeda suma\u017einti dr\u0117gm\u0117s praradim\u0105.<br data-start=\"2577\" data-end=\"2580\" \/><strong data-start=\"2580\" data-end=\"2595\">Vitaminas E<\/strong> &#8211; suteikia antioksidacin\u0119 apsaug\u0105 ir padeda i\u0161laikyti sveikesn\u0119 odos i\u0161vaizd\u0105.<\/p>\n<p data-start=\"2676\" data-end=\"2799\">Tinka vis\u0173 tip\u0173 odai, \u012fskaitant jautri\u0105, ir bet kokio am\u017eiaus, ypa\u010d esant dehidratacijai, tempimo poj\u016b\u010diui ir diskomfortui.<\/p>\n<p data-start=\"2801\" data-end=\"2821\"><strong data-start=\"2801\" data-end=\"2811\">T\u016bris:<\/strong> <strong data-start=\"2812\" data-end=\"2821\">30 ml<\/strong><\/p>\n","protected":false},"excerpt":{"rendered":"<p data-start=\"2892\" data-end=\"2929\">Intensyviai dr\u0117kinantis veido serumas<\/p>\n<h2 data-start=\"2931\" data-end=\"2987\"><strong data-start=\"2934\" data-end=\"2987\">Sesderma &#8211; HIDRADERM HYAL Liposomal Serum savyb\u0117s<\/strong><\/h2>\n<p data-start=\"2989\" data-end=\"3201\">\u2714\ufe0f U\u017etikrina gil\u0173 ir daugialyp\u012f dr\u0117kinim\u0105<br data-start=\"3030\" data-end=\"3033\" \/>\u2714\ufe0f Oda tampa lygesn\u0117 ir putlesn\u0117<br data-start=\"3065\" data-end=\"3068\" \/>\u2714\ufe0f Pagerina odos tekst\u016br\u0105 ir i\u0161vaizd\u0105<br data-start=\"3105\" data-end=\"3108\" \/>\u2714\ufe0f Palaiko odos apsaugin\u012f barjer\u0105 ir komfort\u0105<br data-start=\"3153\" data-end=\"3156\" \/>\u2714\ufe0f Lengvai derinamas su bet kokia prie\u017ei\u016bra<\/p>\n","protected":false},"featured_media":74389,"template":"","meta":[],"pwb-brand":[1263],"product_brand":[],"product_cat":[740,750,724],"product_tag":[],"giftcard-category":[],"class_list":{"0":"post-74398","1":"product","2":"type-product","3":"status-publish","4":"has-post-thumbnail","6":"pwb-brand-sesderma-lt","7":"product_cat-sausai-odai","8":"product_cat-senstanti-oda","9":"product_cat-serumai","11":"first","12":"instock","13":"sale","14":"taxable","15":"shipping-taxable","16":"purchasable","17":"product-type-simple"},"acf":[],"brands":[{"id":1263,"name":"Sesderma","slug":"sesderma-lt"}],"_links":{"self":[{"href":"https:\/\/skinstudio.ee\/lt\/wp-json\/wp\/v2\/product\/74398","targetHints":{"allow":["GET"]}}],"collection":[{"href":"https:\/\/skinstudio.ee\/lt\/wp-json\/wp\/v2\/product"}],"about":[{"href":"https:\/\/skinstudio.ee\/lt\/wp-json\/wp\/v2\/types\/product"}],"version-history":[{"count":1,"href":"https:\/\/skinstudio.ee\/lt\/wp-json\/wp\/v2\/product\/74398\/revisions"}],"predecessor-version":[{"id":74399,"href":"https:\/\/skinstudio.ee\/lt\/wp-json\/wp\/v2\/product\/74398\/revisions\/74399"}],"wp:featuredmedia":[{"embeddable":true,"href":"https:\/\/skinstudio.ee\/lt\/wp-json\/wp\/v2\/media\/74389"}],"wp:attachment":[{"href":"https:\/\/skinstudio.ee\/lt\/wp-json\/wp\/v2\/media?parent=74398"}],"wp:term":[{"taxonomy":"pwb-brand","embeddable":true,"href":"https:\/\/skinstudio.ee\/lt\/wp-json\/wp\/v2\/pwb-brand?post=74398"},{"taxonomy":"product_brand","embeddable":true,"href":"https:\/\/skinstudio.ee\/lt\/wp-json\/wp\/v2\/product_brand?post=74398"},{"taxonomy":"product_cat","embeddable":true,"href":"https:\/\/skinstudio.ee\/lt\/wp-json\/wp\/v2\/product_cat?post=74398"},{"taxonomy":"product_tag","embeddable":true,"href":"https:\/\/skinstudio.ee\/lt\/wp-json\/wp\/v2\/product_tag?post=74398"},{"taxonomy":"giftcard-category","embeddable":true,"href":"https:\/\/skinstudio.ee\/lt\/wp-json\/wp\/v2\/giftcard-category?post=74398"}],"curies":[{"name":"wp","href":"https:\/\/api.w.org\/{rel}","templated":true}]}}