{"id":74414,"date":"2026-01-15T13:24:18","date_gmt":"2026-01-15T13:24:18","guid":{"rendered":"https:\/\/skinstudio.ee\/?post_type=product&#038;p=74414"},"modified":"2026-01-21T13:57:36","modified_gmt":"2026-01-21T13:57:36","slug":"hidraderm-hyal-nourishing-cream","status":"publish","type":"product","link":"https:\/\/skinstudio.ee\/lt\/catalog\/sesderma-lt\/hidraderm-hyal-nourishing-cream\/","title":{"rendered":"HIDRADERM HYAL Nourishing Cream"},"content":{"rendered":"<p data-start=\"1577\" data-end=\"1903\"><strong data-start=\"1577\" data-end=\"1625\">HIDRADERM HYAL Nourishing Cream nuo Sesderma<\/strong> yra maitinantis ir intensyviai dr\u0117kinantis veido kremas, sukurtas atkurti odos komfort\u0105 ir suma\u017einti smulki\u0173 rauk\u0161leli\u0173 matomum\u0105. Formul\u0117 veikia gilesniuose odos sluoksniuose, pad\u0117dama padidinti dr\u0117gm\u0117s lyg\u012f, pagerinti elastingum\u0105 ir padaryti od\u0105 lygesn\u0119 bei labiau pri\u017ei\u016br\u0117t\u0105.<\/p>\n<p data-start=\"1905\" data-end=\"2115\">Kremas greitai nuramina saus\u0105 ir sudirgusi\u0105 od\u0105, atkuria komforto poj\u016bt\u012f ir padeda i\u0161laikyti optimal\u0173 dr\u0117kinim\u0105 bei maitinim\u0105 vis\u0105 dien\u0105. Tekst\u016bra lengvai pasiskirsto ir yra gerai toleruojama net jautrios odos.<\/p>\n<p data-start=\"2117\" data-end=\"2153\"><strong data-start=\"2117\" data-end=\"2153\">Pagrindini\u0173 komponent\u0173 poveikis:<\/strong><\/p>\n<p data-start=\"2155\" data-end=\"2445\"><strong data-start=\"2155\" data-end=\"2187\">Hialurono r\u016bg\u0161tis (3 formos)<\/strong> &#8211; u\u017etikrina daugialyp\u012f ir ilgalaik\u012f dr\u0117kinim\u0105, padeda odai atrodyti lygesnei ir putlesnei.<br data-start=\"2278\" data-end=\"2281\" \/><strong data-start=\"2281\" data-end=\"2294\">Keramidai<\/strong> &#8211; palaiko odos apsaugin\u012f barjer\u0105 ir padeda suma\u017einti dr\u0117gm\u0117s praradim\u0105.<br data-start=\"2366\" data-end=\"2369\" \/><strong data-start=\"2369\" data-end=\"2390\">Nat\u016bral\u016bs aliejai<\/strong> &#8211; maitina od\u0105 ir padeda atkurti \u0161velnum\u0105 bei komfort\u0105.<\/p>\n<p data-start=\"2447\" data-end=\"2537\">Tinka vis\u0173 tip\u0173 odai, ypa\u010d sausai, dehidratuotai, jautriai odai ir esant tempimo poj\u016b\u010diui.<\/p>\n<p data-start=\"2539\" data-end=\"2559\"><strong data-start=\"2539\" data-end=\"2549\">T\u016bris:<\/strong> <strong data-start=\"2550\" data-end=\"2559\">50 ml<\/strong><\/p>\n","protected":false},"excerpt":{"rendered":"<p data-start=\"2629\" data-end=\"2667\">Maitinamasis dr\u0117kinamasis veido kremas<\/p>\n<h2 data-start=\"2669\" data-end=\"2726\"><strong data-start=\"2672\" data-end=\"2726\">Sesderma &#8211; HIDRADERM HYAL Nourishing Cream savyb\u0117s<\/strong><\/h2>\n<p data-start=\"2728\" data-end=\"2947\">\u2714\ufe0f Intensyviai dr\u0117kina ir maitina od\u0105<br data-start=\"2765\" data-end=\"2768\" \/>\u2714\ufe0f Padeda vizualiai i\u0161lyginti smulkias rauk\u0161leles<br data-start=\"2817\" data-end=\"2820\" \/>\u2714\ufe0f Pagerina odos elastingum\u0105 ir komfort\u0105<br data-start=\"2860\" data-end=\"2863\" \/>\u2714\ufe0f Greitai nuramina saus\u0105 ir jautri\u0105 od\u0105<br data-start=\"2903\" data-end=\"2906\" \/>\u2714\ufe0f Gerai toleruojamas net jautrios odos<\/p>\n","protected":false},"featured_media":74405,"template":"","meta":[],"pwb-brand":[1263],"product_brand":[],"product_cat":[738,746,740,750],"product_tag":[],"giftcard-category":[],"class_list":{"0":"post-74414","1":"product","2":"type-product","3":"status-publish","4":"has-post-thumbnail","6":"pwb-brand-sesderma-lt","7":"product_cat-drekinimas","8":"product_cat-jautriai-odai","9":"product_cat-sausai-odai","10":"product_cat-senstanti-oda","12":"first","13":"instock","14":"sale","15":"taxable","16":"shipping-taxable","17":"purchasable","18":"product-type-simple"},"acf":[],"brands":[{"id":1263,"name":"Sesderma","slug":"sesderma-lt"}],"_links":{"self":[{"href":"https:\/\/skinstudio.ee\/lt\/wp-json\/wp\/v2\/product\/74414","targetHints":{"allow":["GET"]}}],"collection":[{"href":"https:\/\/skinstudio.ee\/lt\/wp-json\/wp\/v2\/product"}],"about":[{"href":"https:\/\/skinstudio.ee\/lt\/wp-json\/wp\/v2\/types\/product"}],"version-history":[{"count":1,"href":"https:\/\/skinstudio.ee\/lt\/wp-json\/wp\/v2\/product\/74414\/revisions"}],"predecessor-version":[{"id":74415,"href":"https:\/\/skinstudio.ee\/lt\/wp-json\/wp\/v2\/product\/74414\/revisions\/74415"}],"wp:featuredmedia":[{"embeddable":true,"href":"https:\/\/skinstudio.ee\/lt\/wp-json\/wp\/v2\/media\/74405"}],"wp:attachment":[{"href":"https:\/\/skinstudio.ee\/lt\/wp-json\/wp\/v2\/media?parent=74414"}],"wp:term":[{"taxonomy":"pwb-brand","embeddable":true,"href":"https:\/\/skinstudio.ee\/lt\/wp-json\/wp\/v2\/pwb-brand?post=74414"},{"taxonomy":"product_brand","embeddable":true,"href":"https:\/\/skinstudio.ee\/lt\/wp-json\/wp\/v2\/product_brand?post=74414"},{"taxonomy":"product_cat","embeddable":true,"href":"https:\/\/skinstudio.ee\/lt\/wp-json\/wp\/v2\/product_cat?post=74414"},{"taxonomy":"product_tag","embeddable":true,"href":"https:\/\/skinstudio.ee\/lt\/wp-json\/wp\/v2\/product_tag?post=74414"},{"taxonomy":"giftcard-category","embeddable":true,"href":"https:\/\/skinstudio.ee\/lt\/wp-json\/wp\/v2\/giftcard-category?post=74414"}],"curies":[{"name":"wp","href":"https:\/\/api.w.org\/{rel}","templated":true}]}}