{"id":74430,"date":"2026-01-15T13:29:22","date_gmt":"2026-01-15T13:29:22","guid":{"rendered":"https:\/\/skinstudio.ee\/?post_type=product&#038;p=74430"},"modified":"2026-01-21T13:57:36","modified_gmt":"2026-01-21T13:57:36","slug":"hidraven-foamy-soap-free-cream","status":"publish","type":"product","link":"https:\/\/skinstudio.ee\/lt\/catalog\/sesderma-lt\/hidraven-foamy-soap-free-cream\/","title":{"rendered":"HIDRAVEN Foamy Soap Free Cream"},"content":{"rendered":"<p data-start=\"1626\" data-end=\"1921\"><strong data-start=\"1626\" data-end=\"1673\">HIDRAVEN Foamy Soap Free Cream nuo Sesderma<\/strong> \u2013 tai \u0161velnus, be muilo sukurtas prausiklis kasdienei veido ir k\u016bno odos prie\u017ei\u016brai, ypa\u010d tinkantis jautriai, sudirgusiai ir \u012f netobulumus linkusiai odai. Formul\u0117 \u0161velniai valo, nesausina odos ir po naudojimo suteikia komforto bei \u0161velnumo poj\u016bt\u012f.<\/p>\n<p data-start=\"1923\" data-end=\"2153\">Priemon\u0117 efektyviai pa\u0161alina ne\u0161varumus bei veido ir aki\u0173 makia\u017e\u0105, kartu pad\u0117dama i\u0161laikyti odos dr\u0117gm\u0117s balans\u0105. D\u0117l raminam\u0173j\u0173 sudedam\u0173j\u0173 dali\u0173 valymas i\u0161lieka komforti\u0161kas net ir labai jautriai odai. Tinka ir intymiai higienai.<\/p>\n<p data-start=\"2155\" data-end=\"2197\"><strong data-start=\"2155\" data-end=\"2197\">Pagrindini\u0173 sudedam\u0173j\u0173 dali\u0173 poveikis:<\/strong><\/p>\n<p data-start=\"2199\" data-end=\"2441\"><strong data-start=\"2199\" data-end=\"2211\">Alavijas<\/strong> \u2013 dr\u0117kina od\u0105 ir padeda suma\u017einti diskomforto poj\u016bt\u012f.<br data-start=\"2265\" data-end=\"2268\" \/><strong data-start=\"2268\" data-end=\"2292\">Ramun\u0117li\u0173 ekstraktas<\/strong> \u2013 ramina od\u0105 ir padeda ma\u017einti sudirgim\u0105.<br data-start=\"2334\" data-end=\"2337\" \/><strong data-start=\"2337\" data-end=\"2368\">Avi\u017e\u0173 ir mimozos ekstraktai<\/strong> \u2013 padeda stiprinti odos apsaugines funkcijas ir skatina jos atsistatym\u0105.<\/p>\n<p data-start=\"2443\" data-end=\"2563\">Tinka vis\u0173 tip\u0173 odai, ypa\u010d jautriai, sudirgusiai ir \u012f netobulumus linkusiai odai, taip pat odai, kuri netoleruoja muilo.<\/p>\n<p data-start=\"2565\" data-end=\"2586\"><strong data-start=\"2565\" data-end=\"2575\">T\u016bris:<\/strong> <strong data-start=\"2576\" data-end=\"2586\">300 ml<\/strong><\/p>\n","protected":false},"excerpt":{"rendered":"<p data-start=\"2727\" data-end=\"2760\">\u0160velnus valomasis kremas be muilo<\/p>\n<h2 data-start=\"2762\" data-end=\"2818\"><strong data-start=\"2765\" data-end=\"2818\">Sesderma &#8211; HIDRAVEN Foamy Soap Free Cream Savyb\u0117s<\/strong><\/h2>\n<p data-start=\"2820\" data-end=\"3034\">\u2714\ufe0f \u0160velniai valo, nepa\u017eeisdamas odos komforto<br data-start=\"2865\" data-end=\"2868\" \/>\u2714\ufe0f Tinka jautriai ir reaktyviai odai<br data-start=\"2904\" data-end=\"2907\" \/>\u2714\ufe0f Efektyviai pa\u0161alina ne\u0161varumus ir makia\u017e\u0105<br data-start=\"2951\" data-end=\"2954\" \/>\u2714\ufe0f Padeda i\u0161laikyti odos \u0161velnum\u0105 ir komfort\u0105<br data-start=\"2999\" data-end=\"3002\" \/>\u2714\ufe0f Tinka kasdieniam naudojimui<\/p>\n","protected":false},"featured_media":74421,"template":"","meta":[],"pwb-brand":[1263],"product_brand":[],"product_cat":[746,718],"product_tag":[],"giftcard-category":[],"class_list":{"0":"post-74430","1":"product","2":"type-product","3":"status-publish","4":"has-post-thumbnail","6":"pwb-brand-sesderma-lt","7":"product_cat-jautriai-odai","8":"product_cat-valymas","10":"first","11":"instock","12":"taxable","13":"shipping-taxable","14":"purchasable","15":"product-type-simple"},"acf":[],"brands":[{"id":1263,"name":"Sesderma","slug":"sesderma-lt"}],"_links":{"self":[{"href":"https:\/\/skinstudio.ee\/lt\/wp-json\/wp\/v2\/product\/74430","targetHints":{"allow":["GET"]}}],"collection":[{"href":"https:\/\/skinstudio.ee\/lt\/wp-json\/wp\/v2\/product"}],"about":[{"href":"https:\/\/skinstudio.ee\/lt\/wp-json\/wp\/v2\/types\/product"}],"version-history":[{"count":1,"href":"https:\/\/skinstudio.ee\/lt\/wp-json\/wp\/v2\/product\/74430\/revisions"}],"predecessor-version":[{"id":74431,"href":"https:\/\/skinstudio.ee\/lt\/wp-json\/wp\/v2\/product\/74430\/revisions\/74431"}],"wp:featuredmedia":[{"embeddable":true,"href":"https:\/\/skinstudio.ee\/lt\/wp-json\/wp\/v2\/media\/74421"}],"wp:attachment":[{"href":"https:\/\/skinstudio.ee\/lt\/wp-json\/wp\/v2\/media?parent=74430"}],"wp:term":[{"taxonomy":"pwb-brand","embeddable":true,"href":"https:\/\/skinstudio.ee\/lt\/wp-json\/wp\/v2\/pwb-brand?post=74430"},{"taxonomy":"product_brand","embeddable":true,"href":"https:\/\/skinstudio.ee\/lt\/wp-json\/wp\/v2\/product_brand?post=74430"},{"taxonomy":"product_cat","embeddable":true,"href":"https:\/\/skinstudio.ee\/lt\/wp-json\/wp\/v2\/product_cat?post=74430"},{"taxonomy":"product_tag","embeddable":true,"href":"https:\/\/skinstudio.ee\/lt\/wp-json\/wp\/v2\/product_tag?post=74430"},{"taxonomy":"giftcard-category","embeddable":true,"href":"https:\/\/skinstudio.ee\/lt\/wp-json\/wp\/v2\/giftcard-category?post=74430"}],"curies":[{"name":"wp","href":"https:\/\/api.w.org\/{rel}","templated":true}]}}