{"id":74463,"date":"2026-01-15T13:53:05","date_gmt":"2026-01-15T13:53:05","guid":{"rendered":"https:\/\/skinstudio.ee\/?post_type=product&#038;p=74463"},"modified":"2026-01-21T13:57:36","modified_gmt":"2026-01-21T13:57:36","slug":"mandelac-moisturizing-gel","status":"publish","type":"product","link":"https:\/\/skinstudio.ee\/lt\/catalog\/sesderma-lt\/mandelac-moisturizing-gel\/","title":{"rendered":"MANDELAC Moisturizing Gel"},"content":{"rendered":"<p data-start=\"1605\" data-end=\"1899\"><strong data-start=\"1605\" data-end=\"1647\">MANDELAC Moisturizing Gel nuo Sesderma<\/strong> yra lengvas dr\u0117kinamasis gelis kasdienei odos prie\u017ei\u016brai, padedantis palaikyti tvarking\u0105 ir pri\u017ei\u016br\u0117t\u0105 odos i\u0161vaizd\u0105 be sunkumo poj\u016b\u010dio. Produktas greitai \u012fsigeria ir nepalieka lipnumo ar riebumo poj\u016b\u010dio, tod\u0117l j\u012f patogu naudoti bet kuriuo paros metu.<\/p>\n<p data-start=\"1901\" data-end=\"2219\">Formul\u0117 skirta palaipsniam odos pavir\u0161iaus atnaujinimui ir \u0161varios i\u0161vaizdos palaikymui. Reguliariai naudojant, oda atrodo gaivesn\u0117, lie\u010diant tampa \u0161velnesn\u0117 ir geriau i\u0161laiko dr\u0117gm\u0119 visos dienos metu. MANDELAC Moisturizing Gel nuo Sesderma lengvai \u012fsilieja \u012f kasdien\u0119 prie\u017ei\u016bros rutin\u0105 ir dera su kitomis priemon\u0117mis.<\/p>\n<p data-start=\"2221\" data-end=\"2317\">Gelis padeda palaikyti tvarking\u0105 odos i\u0161vaizd\u0105 ir palieka od\u0105 maloni\u0105 poj\u016b\u010diu be sunkumo jausmo.<\/p>\n<h3 data-start=\"2319\" data-end=\"2354\">Pagrindini\u0173 komponent\u0173 poveikis<\/h3>\n<ul data-start=\"2355\" data-end=\"2533\">\n<li data-start=\"2355\" data-end=\"2416\">\n<p data-start=\"2357\" data-end=\"2416\"><strong data-start=\"2357\" data-end=\"2378\">Migdolin\u0117 r\u016bg\u0161tis<\/strong> &#8211; palaiko \u0161veln\u0173 odos atsinaujinim\u0105<\/p>\n<\/li>\n<li data-start=\"2417\" data-end=\"2468\">\n<p data-start=\"2419\" data-end=\"2468\"><strong data-start=\"2419\" data-end=\"2431\">Alavijas<\/strong> &#8211; padeda palaikyti komforto poj\u016bt\u012f<\/p>\n<\/li>\n<li data-start=\"2469\" data-end=\"2533\">\n<p data-start=\"2471\" data-end=\"2533\"><strong data-start=\"2471\" data-end=\"2494\">Natrio hialuronatas<\/strong> &#8211; padeda palaikyti odos dr\u0117gm\u0117s lyg\u012f<\/p>\n<\/li>\n<\/ul>\n<p data-start=\"2535\" data-end=\"2677\">Lengva gelin\u0117 tekst\u016bra leid\u017eia patogiai naudoti priemon\u0119 kasdien, taip pat tada, kai oda linkusi blizg\u0117ti ar jau\u010diamas dehidratacijos poj\u016btis.<\/p>\n<p data-start=\"2679\" data-end=\"2695\"><strong data-start=\"2679\" data-end=\"2689\">T\u016bris:<\/strong> 50 ml<\/p>\n","protected":false},"excerpt":{"rendered":"<p data-start=\"2766\" data-end=\"2792\">Lengvas dr\u0117kinamasis gelis<\/p>\n<h2 data-start=\"2794\" data-end=\"2842\"><strong data-start=\"2794\" data-end=\"2842\">Sesderma &#8211; MANDELAC Moisturizing Gel Savyb\u0117s<\/strong><\/h2>\n<p data-start=\"2844\" data-end=\"3062\">\u2714\ufe0f Padeda palaikyti pri\u017ei\u016br\u0117t\u0105 odos i\u0161vaizd\u0105<br data-start=\"2888\" data-end=\"2891\" \/>\u2714\ufe0f Prisideda prie \u0161velnumo ir komforto poj\u016b\u010dio<br data-start=\"2937\" data-end=\"2940\" \/>\u2714\ufe0f Padeda palaikyti optimal\u0173 dr\u0117gm\u0117s lyg\u012f<br data-start=\"2981\" data-end=\"2984\" \/>\u2714\ufe0f Nepaliek\u0430 lipnumo ar riebumo poj\u016b\u010dio<br data-start=\"3023\" data-end=\"3026\" \/>\u2714\ufe0f Tinka kasdienei odos prie\u017ei\u016brai<\/p>\n","protected":false},"featured_media":74454,"template":"","meta":[],"pwb-brand":[1263],"product_brand":[],"product_cat":[738,750],"product_tag":[],"giftcard-category":[],"class_list":{"0":"post-74463","1":"product","2":"type-product","3":"status-publish","4":"has-post-thumbnail","6":"pwb-brand-sesderma-lt","7":"product_cat-drekinimas","8":"product_cat-senstanti-oda","10":"first","11":"instock","12":"taxable","13":"shipping-taxable","14":"purchasable","15":"product-type-simple"},"acf":[],"brands":[{"id":1263,"name":"Sesderma","slug":"sesderma-lt"}],"_links":{"self":[{"href":"https:\/\/skinstudio.ee\/lt\/wp-json\/wp\/v2\/product\/74463","targetHints":{"allow":["GET"]}}],"collection":[{"href":"https:\/\/skinstudio.ee\/lt\/wp-json\/wp\/v2\/product"}],"about":[{"href":"https:\/\/skinstudio.ee\/lt\/wp-json\/wp\/v2\/types\/product"}],"version-history":[{"count":1,"href":"https:\/\/skinstudio.ee\/lt\/wp-json\/wp\/v2\/product\/74463\/revisions"}],"predecessor-version":[{"id":74464,"href":"https:\/\/skinstudio.ee\/lt\/wp-json\/wp\/v2\/product\/74463\/revisions\/74464"}],"wp:featuredmedia":[{"embeddable":true,"href":"https:\/\/skinstudio.ee\/lt\/wp-json\/wp\/v2\/media\/74454"}],"wp:attachment":[{"href":"https:\/\/skinstudio.ee\/lt\/wp-json\/wp\/v2\/media?parent=74463"}],"wp:term":[{"taxonomy":"pwb-brand","embeddable":true,"href":"https:\/\/skinstudio.ee\/lt\/wp-json\/wp\/v2\/pwb-brand?post=74463"},{"taxonomy":"product_brand","embeddable":true,"href":"https:\/\/skinstudio.ee\/lt\/wp-json\/wp\/v2\/product_brand?post=74463"},{"taxonomy":"product_cat","embeddable":true,"href":"https:\/\/skinstudio.ee\/lt\/wp-json\/wp\/v2\/product_cat?post=74463"},{"taxonomy":"product_tag","embeddable":true,"href":"https:\/\/skinstudio.ee\/lt\/wp-json\/wp\/v2\/product_tag?post=74463"},{"taxonomy":"giftcard-category","embeddable":true,"href":"https:\/\/skinstudio.ee\/lt\/wp-json\/wp\/v2\/giftcard-category?post=74463"}],"curies":[{"name":"wp","href":"https:\/\/api.w.org\/{rel}","templated":true}]}}