{"id":74479,"date":"2026-01-15T14:01:49","date_gmt":"2026-01-15T14:01:49","guid":{"rendered":"https:\/\/skinstudio.ee\/?post_type=product&#038;p=74479"},"modified":"2026-01-21T13:57:36","modified_gmt":"2026-01-21T13:57:36","slug":"mandelac-liposomal-serum","status":"publish","type":"product","link":"https:\/\/skinstudio.ee\/lt\/catalog\/sesderma-lt\/mandelac-liposomal-serum\/","title":{"rendered":"MANDELAC Liposomal Serum"},"content":{"rendered":"<p data-start=\"1380\" data-end=\"1606\"><strong data-start=\"1380\" data-end=\"1421\">MANDELAC Liposomal Serum nuo Sesderma<\/strong> yra atkuriamasis serumas, skirtas pagerinti bendr\u0105 odos i\u0161vaizd\u0105 ir palaikyti lygesn\u012f bei ramesn\u012f atspalv\u012f. Formul\u0117 lengvai pasiskirsto, greitai \u012fsigeria ir nepalieka pl\u0117vel\u0117s poj\u016b\u010dio.<\/p>\n<p data-start=\"1608\" data-end=\"1803\">Formul\u0117 padeda vizualiai suvienodinti odos pavir\u0161i\u0173 ir suteikti jam tvarkingesn\u0119 i\u0161vaizd\u0105. Laikui b\u0117gant oda atrodo labiau subalansuota, pri\u017ei\u016br\u0117ta ir lie\u010diant tampa malonesn\u0117 be sunkumo poj\u016b\u010dio.<\/p>\n<h3 data-start=\"1805\" data-end=\"1840\">Pagrindini\u0173 komponent\u0173 poveikis<\/h3>\n<ul data-start=\"1841\" data-end=\"2040\">\n<li data-start=\"1841\" data-end=\"1917\">\n<p data-start=\"1843\" data-end=\"1917\"><strong data-start=\"1843\" data-end=\"1864\">Migdolin\u0117 r\u016bg\u0161tis<\/strong> &#8211; palaiko laipsni\u0161k\u0105 odos pavir\u0161iaus atsinaujinim\u0105<\/p>\n<\/li>\n<li data-start=\"1918\" data-end=\"1975\">\n<p data-start=\"1920\" data-end=\"1975\"><strong data-start=\"1920\" data-end=\"1940\">Glikolio r\u016bg\u0161tis<\/strong> &#8211; padeda pagerinti odos i\u0161vaizd\u0105<\/p>\n<\/li>\n<li data-start=\"1976\" data-end=\"2040\">\n<p data-start=\"1978\" data-end=\"2040\"><strong data-start=\"1978\" data-end=\"2001\">Natrio hialuronatas<\/strong> &#8211; padeda palaikyti odos dr\u0117gm\u0117s lyg\u012f<\/p>\n<\/li>\n<\/ul>\n<p data-start=\"2042\" data-end=\"2163\">Serumas puikiai \u012fsilieja \u012f odos prie\u017ei\u016bros rutin\u0105, kai oda atrodo netolygi, papilk\u0117jusi ar jau\u010diamas pavir\u0161inis sausumas.<\/p>\n<p data-start=\"2165\" data-end=\"2181\"><strong data-start=\"2165\" data-end=\"2175\">T\u016bris:<\/strong> 30 ml<\/p>\n","protected":false},"excerpt":{"rendered":"<p data-start=\"2284\" data-end=\"2304\">Atkuriamasis serumas<\/p>\n<h2 data-start=\"2306\" data-end=\"2353\"><strong data-start=\"2306\" data-end=\"2353\">Sesderma &#8211; MANDELAC Liposomal Serum Savyb\u0117s<\/strong><\/h2>\n<p data-start=\"2355\" data-end=\"2597\">\u2714\ufe0f Padeda pagerinti netolygaus odos pavir\u0161iaus i\u0161vaizd\u0105<br data-start=\"2410\" data-end=\"2413\" \/>\u2714\ufe0f Vizualiai suvienodina odos pavir\u0161i\u0173<br data-start=\"2451\" data-end=\"2454\" \/>\u2714\ufe0f Palaiko tvarkingesn\u0119 ir labiau pri\u017ei\u016br\u0117t\u0105 i\u0161vaizd\u0105<br data-start=\"2507\" data-end=\"2510\" \/>\u2714\ufe0f Padeda palaikyti komforti\u0161k\u0105 dr\u0117gm\u0117s lyg\u012f<br data-start=\"2554\" data-end=\"2557\" \/>\u2714\ufe0f Pagerina bendr\u0105 odos kokyb\u0117s poj\u016bt\u012f<\/p>\n","protected":false},"featured_media":74470,"template":"","meta":[],"pwb-brand":[1263],"product_brand":[],"product_cat":[740,750,724],"product_tag":[],"giftcard-category":[],"class_list":{"0":"post-74479","1":"product","2":"type-product","3":"status-publish","4":"has-post-thumbnail","6":"pwb-brand-sesderma-lt","7":"product_cat-sausai-odai","8":"product_cat-senstanti-oda","9":"product_cat-serumai","11":"first","12":"instock","13":"taxable","14":"shipping-taxable","15":"purchasable","16":"product-type-simple"},"acf":[],"brands":[{"id":1263,"name":"Sesderma","slug":"sesderma-lt"}],"_links":{"self":[{"href":"https:\/\/skinstudio.ee\/lt\/wp-json\/wp\/v2\/product\/74479","targetHints":{"allow":["GET"]}}],"collection":[{"href":"https:\/\/skinstudio.ee\/lt\/wp-json\/wp\/v2\/product"}],"about":[{"href":"https:\/\/skinstudio.ee\/lt\/wp-json\/wp\/v2\/types\/product"}],"version-history":[{"count":1,"href":"https:\/\/skinstudio.ee\/lt\/wp-json\/wp\/v2\/product\/74479\/revisions"}],"predecessor-version":[{"id":74480,"href":"https:\/\/skinstudio.ee\/lt\/wp-json\/wp\/v2\/product\/74479\/revisions\/74480"}],"wp:featuredmedia":[{"embeddable":true,"href":"https:\/\/skinstudio.ee\/lt\/wp-json\/wp\/v2\/media\/74470"}],"wp:attachment":[{"href":"https:\/\/skinstudio.ee\/lt\/wp-json\/wp\/v2\/media?parent=74479"}],"wp:term":[{"taxonomy":"pwb-brand","embeddable":true,"href":"https:\/\/skinstudio.ee\/lt\/wp-json\/wp\/v2\/pwb-brand?post=74479"},{"taxonomy":"product_brand","embeddable":true,"href":"https:\/\/skinstudio.ee\/lt\/wp-json\/wp\/v2\/product_brand?post=74479"},{"taxonomy":"product_cat","embeddable":true,"href":"https:\/\/skinstudio.ee\/lt\/wp-json\/wp\/v2\/product_cat?post=74479"},{"taxonomy":"product_tag","embeddable":true,"href":"https:\/\/skinstudio.ee\/lt\/wp-json\/wp\/v2\/product_tag?post=74479"},{"taxonomy":"giftcard-category","embeddable":true,"href":"https:\/\/skinstudio.ee\/lt\/wp-json\/wp\/v2\/giftcard-category?post=74479"}],"curies":[{"name":"wp","href":"https:\/\/api.w.org\/{rel}","templated":true}]}}