{"id":74514,"date":"2026-01-15T14:20:52","date_gmt":"2026-01-15T14:20:52","guid":{"rendered":"https:\/\/skinstudio.ee\/?post_type=product&#038;p=74514"},"modified":"2026-01-21T13:57:37","modified_gmt":"2026-01-21T13:57:37","slug":"mesoses-supreme-antiaging-serum","status":"publish","type":"product","link":"https:\/\/skinstudio.ee\/lt\/catalog\/sesderma-lt\/mesoses-supreme-antiaging-serum\/","title":{"rendered":"MESOSES Supreme Antiaging Serum"},"content":{"rendered":"<p data-start=\"1913\" data-end=\"2226\"><strong data-start=\"1913\" data-end=\"1961\">MESOSES Supreme Antiaging Serum nuo Sesderma<\/strong> yra koncentruotas prie\u0161rauk\u0161linis serumas, sukurtas intensyviam darbui su pagrindiniais odos sen\u0117jimo po\u017eymiais. Formul\u0117 orientuota \u012f bendros odos kokyb\u0117s gerinim\u0105, tankesn\u0117s ir labiau strukt\u016bruotos i\u0161vaizdos atk\u016brim\u0105 bei veido kont\u016br\u0173 vizualinio ai\u0161kumo didinim\u0105.<\/p>\n<p data-start=\"2228\" data-end=\"2561\">Serumas veikia odos \u201ekokyb\u0117s\u201c lygmeniu: padeda odai atrodyti stangresnei, tvirtesnei ir vizualiai jaunatvi\u0161kesnei, taip pat prisideda prie tolygesn\u0117s, labiau i\u0161tobulintos ir energingesn\u0117s i\u0161vaizdos. Jis naudojamas intensyvi\u0173 prie\u017ei\u016bros program\u0173 sud\u0117tyje, kai reikalingas kompleksinis poveikis sen\u0117jimo po\u017eymiams ir tonuso praradimui.<\/p>\n<h3 data-start=\"2563\" data-end=\"2598\">Pagrindini\u0173 komponent\u0173 poveikis<\/h3>\n<ul data-start=\"2599\" data-end=\"3019\">\n<li data-start=\"2599\" data-end=\"2669\">\n<p data-start=\"2601\" data-end=\"2669\"><strong data-start=\"2601\" data-end=\"2629\">Aminor\u016bg\u0161\u010di\u0173 kompleksas:<\/strong> palaiko odos elastingum\u0105 ir stangrum\u0105<\/p>\n<\/li>\n<li data-start=\"2670\" data-end=\"2779\">\n<p data-start=\"2672\" data-end=\"2779\"><strong data-start=\"2672\" data-end=\"2693\">Vitaminai C ir E:<\/strong> suteikia antioksidacin\u0119 apsaug\u0105 ir padeda palaikyti tolygesn\u012f bei \u0161vytint\u012f atspalv\u012f<\/p>\n<\/li>\n<li data-start=\"2780\" data-end=\"2852\">\n<p data-start=\"2782\" data-end=\"2852\"><strong data-start=\"2782\" data-end=\"2804\">Hialurono r\u016bg\u0161tis:<\/strong> gerina odos dr\u0117gm\u0117s lyg\u012f ir vizualin\u012f putlum\u0105<\/p>\n<\/li>\n<li data-start=\"2853\" data-end=\"2931\">\n<p data-start=\"2855\" data-end=\"2931\"><strong data-start=\"2855\" data-end=\"2880\">Edelveiso ekstraktas:<\/strong> palaiko atsinaujinimo procesus ir odos atsparum\u0105<\/p>\n<\/li>\n<li data-start=\"2932\" data-end=\"3019\">\n<p data-start=\"2934\" data-end=\"3019\"><strong data-start=\"2934\" data-end=\"2965\">Nanoperdavimo technologija:<\/strong> didina aktyvi\u0173j\u0173 med\u017eiag\u0173 prasiskverbimo efektyvum\u0105<\/p>\n<\/li>\n<\/ul>\n<p data-start=\"3021\" data-end=\"3169\">Serumas naudojamas odos prie\u017ei\u016broje, kai pastebimas tankio ma\u017e\u0117jimas, stangrumo praradimas, silpnesnis kont\u016br\u0173 ai\u0161kumas ir bendri sen\u0117jimo po\u017eymiai.<\/p>\n<p data-start=\"3171\" data-end=\"3187\"><strong data-start=\"3171\" data-end=\"3181\">T\u016bris:<\/strong> 30 ml<\/p>\n","protected":false},"excerpt":{"rendered":"<p data-start=\"3255\" data-end=\"3278\">Prie\u0161rauk\u0161linis serumas<\/p>\n<h2 data-start=\"3280\" data-end=\"3334\"><strong data-start=\"3280\" data-end=\"3334\">Sesderma &#8211; MESOSES Supreme Antiaging Serum Savyb\u0117s<\/strong><\/h2>\n<p data-start=\"3336\" data-end=\"3575\">\u2714\ufe0f Didina vizualin\u012f odos tank\u012f ir stangrum\u0105<br data-start=\"3379\" data-end=\"3382\" \/>\u2714\ufe0f Gerina veido kont\u016br\u0173 ai\u0161kum\u0105 ir \u201earchitekt\u016br\u0105\u201c<br data-start=\"3431\" data-end=\"3434\" \/>\u2714\ufe0f Glotnina ir tobulina odos tekst\u016br\u0105<br data-start=\"3471\" data-end=\"3474\" \/>\u2714\ufe0f Suteikia gaivesn\u0119 ir energingesn\u0119 i\u0161vaizd\u0105<br data-start=\"3519\" data-end=\"3522\" \/>\u2714\ufe0f Veikia bendr\u0105 odos kokyb\u0119 prie\u0161sen\u0117jimo lygmeniu<\/p>\n","protected":false},"featured_media":74503,"template":"","meta":[],"pwb-brand":[1263],"product_brand":[],"product_cat":[750,724],"product_tag":[],"giftcard-category":[],"class_list":{"0":"post-74514","1":"product","2":"type-product","3":"status-publish","4":"has-post-thumbnail","6":"pwb-brand-sesderma-lt","7":"product_cat-senstanti-oda","8":"product_cat-serumai","10":"first","11":"instock","12":"sale","13":"taxable","14":"shipping-taxable","15":"purchasable","16":"product-type-simple"},"acf":[],"brands":[{"id":1263,"name":"Sesderma","slug":"sesderma-lt"}],"_links":{"self":[{"href":"https:\/\/skinstudio.ee\/lt\/wp-json\/wp\/v2\/product\/74514","targetHints":{"allow":["GET"]}}],"collection":[{"href":"https:\/\/skinstudio.ee\/lt\/wp-json\/wp\/v2\/product"}],"about":[{"href":"https:\/\/skinstudio.ee\/lt\/wp-json\/wp\/v2\/types\/product"}],"version-history":[{"count":1,"href":"https:\/\/skinstudio.ee\/lt\/wp-json\/wp\/v2\/product\/74514\/revisions"}],"predecessor-version":[{"id":74515,"href":"https:\/\/skinstudio.ee\/lt\/wp-json\/wp\/v2\/product\/74514\/revisions\/74515"}],"wp:featuredmedia":[{"embeddable":true,"href":"https:\/\/skinstudio.ee\/lt\/wp-json\/wp\/v2\/media\/74503"}],"wp:attachment":[{"href":"https:\/\/skinstudio.ee\/lt\/wp-json\/wp\/v2\/media?parent=74514"}],"wp:term":[{"taxonomy":"pwb-brand","embeddable":true,"href":"https:\/\/skinstudio.ee\/lt\/wp-json\/wp\/v2\/pwb-brand?post=74514"},{"taxonomy":"product_brand","embeddable":true,"href":"https:\/\/skinstudio.ee\/lt\/wp-json\/wp\/v2\/product_brand?post=74514"},{"taxonomy":"product_cat","embeddable":true,"href":"https:\/\/skinstudio.ee\/lt\/wp-json\/wp\/v2\/product_cat?post=74514"},{"taxonomy":"product_tag","embeddable":true,"href":"https:\/\/skinstudio.ee\/lt\/wp-json\/wp\/v2\/product_tag?post=74514"},{"taxonomy":"giftcard-category","embeddable":true,"href":"https:\/\/skinstudio.ee\/lt\/wp-json\/wp\/v2\/giftcard-category?post=74514"}],"curies":[{"name":"wp","href":"https:\/\/api.w.org\/{rel}","templated":true}]}}