{"id":74530,"date":"2026-01-15T14:26:38","date_gmt":"2026-01-15T14:26:38","guid":{"rendered":"https:\/\/skinstudio.ee\/?post_type=product&#038;p=74530"},"modified":"2026-01-21T13:57:37","modified_gmt":"2026-01-21T13:57:37","slug":"mesoses-supreme-antiaging-mask","status":"publish","type":"product","link":"https:\/\/skinstudio.ee\/lt\/catalog\/sesderma\/mesoses-supreme-antiaging-mask\/","title":{"rendered":"MESOSES Supreme Antiaging Mask"},"content":{"rendered":"<p data-start=\"2016\" data-end=\"2360\"><strong data-start=\"2016\" data-end=\"2063\">MESOSES Supreme Antiaging Mask nuo Sesderma<\/strong> yra intensyvi prie\u0161rauk\u0161lin\u0117 kauk\u0117, sukurta gerinti bendr\u0105 odos kokyb\u0119 tankio, elastingumo ir vizualinio tonuso lygmenyje. Formul\u0117 skirta atkurti ai\u0161kesn\u0119, labiau strukt\u016bruot\u0105 ir labiau pri\u017ei\u016br\u0117t\u0105 odos pavir\u0161iaus i\u0161vaizd\u0105 bei pagerinti bendr\u0105 odos b\u016bkl\u0119 po streso ir su am\u017eiumi susijusi\u0173 poky\u010di\u0173.<\/p>\n<p data-start=\"2362\" data-end=\"2648\">Kauk\u0117 veikia tiek kaip greito poveikio proced\u016bra, tiek kaip intensyvi\u0173 prie\u017ei\u016bros program\u0173 dalis, pad\u0117dama odai atrodyti gaivesnei, atsigavusiai ir vizualiai jaunesnei. D\u0117mesys sutelktas \u012f bendros odos \u201ekokyb\u0117s\u201c gerinim\u0105, atkuriant tolygesn\u0119, labiau pri\u017ei\u016br\u0117t\u0105 ir energingesn\u0119 i\u0161vaizd\u0105.<\/p>\n<h3 data-start=\"2650\" data-end=\"2685\">Pagrindini\u0173 komponent\u0173 poveikis<\/h3>\n<ul data-start=\"2686\" data-end=\"3160\">\n<li data-start=\"2686\" data-end=\"2769\">\n<p data-start=\"2688\" data-end=\"2769\"><strong data-start=\"2688\" data-end=\"2713\">Edelveiso ekstraktas:<\/strong> palaiko odos apsauginius ir atsinaujinimo mechanizmus<\/p>\n<\/li>\n<li data-start=\"2770\" data-end=\"2863\">\n<p data-start=\"2772\" data-end=\"2863\"><strong data-start=\"2772\" data-end=\"2807\">Hidrolizuota hialurono r\u016bg\u0161tis:<\/strong> padeda gerinti dr\u0117gm\u0117s lyg\u012f ir vizualin\u012f odos putlum\u0105<\/p>\n<\/li>\n<li data-start=\"2864\" data-end=\"2939\">\n<p data-start=\"2866\" data-end=\"2939\"><strong data-start=\"2866\" data-end=\"2894\">Aminor\u016bg\u0161\u010di\u0173 kompleksas:<\/strong> palaiko odos tank\u012f, stangrum\u0105 ir strukt\u016br\u0105<\/p>\n<\/li>\n<li data-start=\"2940\" data-end=\"3060\">\n<p data-start=\"2942\" data-end=\"3060\"><strong data-start=\"2942\" data-end=\"2983\">Glutationas ir superoksido dismutaz\u0117:<\/strong> suteikia antioksidacin\u0119 apsaug\u0105 ir padeda i\u0161laikyti gaivesn\u0119 odos i\u0161vaizd\u0105<\/p>\n<\/li>\n<li data-start=\"3061\" data-end=\"3160\">\n<p data-start=\"3063\" data-end=\"3160\"><strong data-start=\"3063\" data-end=\"3093\">Kofeinas ir trokserutinas:<\/strong> padeda ma\u017einti nuovargio po\u017eymius ir gerina bendr\u0105 odos i\u0161vaizd\u0105<\/p>\n<\/li>\n<\/ul>\n<p data-start=\"3162\" data-end=\"3315\">Kauk\u0117 naudojama odos prie\u017ei\u016broje, kai pastebimas elastingumo ir tankio suma\u017e\u0117jimas, nuovargio po\u017eymiai, papilk\u0117j\u0119s atspalvis ir bendri sen\u0117jimo po\u017eymiai.<\/p>\n<p data-start=\"3317\" data-end=\"3333\"><strong data-start=\"3317\" data-end=\"3327\">T\u016bris:<\/strong> 50 ml<\/p>\n","protected":false},"excerpt":{"rendered":"<p data-start=\"3464\" data-end=\"3484\">Prie\u0161rauk\u0161lin\u0117 kauk\u0117<\/p>\n<h2 data-start=\"3486\" data-end=\"3539\"><strong data-start=\"3486\" data-end=\"3539\">Sesderma &#8211; MESOSES Supreme Antiaging Mask Savyb\u0117s<\/strong><\/h2>\n<p data-start=\"3541\" data-end=\"3811\">\u2714\ufe0f Akimirksniu suteikia gaivesn\u0119 ir labiau pri\u017ei\u016br\u0117t\u0105 i\u0161vaizd\u0105<br data-start=\"3603\" data-end=\"3606\" \/>\u2714\ufe0f Padidina odos tankio ir komforto poj\u016bt\u012f<br data-start=\"3648\" data-end=\"3651\" \/>\u2714\ufe0f Suteikia tolygesn\u012f ir \u0161vytint\u012f atspalv\u012f<br data-start=\"3693\" data-end=\"3696\" \/>\u2714\ufe0f Padeda suma\u017einti nuovargio ir streso po\u017eymius<br data-start=\"3744\" data-end=\"3747\" \/>\u2714\ufe0f Palieka od\u0105 atrodan\u010di\u0105 labiau pails\u0117jusi\u0105 ir atsinaujinusi\u0105<\/p>\n","protected":false},"featured_media":74521,"template":"","meta":[],"pwb-brand":[1263],"product_brand":[],"product_cat":[726,750],"product_tag":[],"giftcard-category":[],"class_list":{"0":"post-74530","1":"product","2":"type-product","3":"status-publish","4":"has-post-thumbnail","6":"pwb-brand-sesderma","7":"product_cat-maskas-lt","8":"product_cat-senstanti-oda","10":"first","11":"instock","12":"sale","13":"taxable","14":"shipping-taxable","15":"purchasable","16":"product-type-simple"},"acf":[],"brands":[{"id":1263,"name":"Sesderma","slug":"sesderma"}],"_links":{"self":[{"href":"https:\/\/skinstudio.ee\/lt\/wp-json\/wp\/v2\/product\/74530","targetHints":{"allow":["GET"]}}],"collection":[{"href":"https:\/\/skinstudio.ee\/lt\/wp-json\/wp\/v2\/product"}],"about":[{"href":"https:\/\/skinstudio.ee\/lt\/wp-json\/wp\/v2\/types\/product"}],"version-history":[{"count":1,"href":"https:\/\/skinstudio.ee\/lt\/wp-json\/wp\/v2\/product\/74530\/revisions"}],"predecessor-version":[{"id":74531,"href":"https:\/\/skinstudio.ee\/lt\/wp-json\/wp\/v2\/product\/74530\/revisions\/74531"}],"wp:featuredmedia":[{"embeddable":true,"href":"https:\/\/skinstudio.ee\/lt\/wp-json\/wp\/v2\/media\/74521"}],"wp:attachment":[{"href":"https:\/\/skinstudio.ee\/lt\/wp-json\/wp\/v2\/media?parent=74530"}],"wp:term":[{"taxonomy":"pwb-brand","embeddable":true,"href":"https:\/\/skinstudio.ee\/lt\/wp-json\/wp\/v2\/pwb-brand?post=74530"},{"taxonomy":"product_brand","embeddable":true,"href":"https:\/\/skinstudio.ee\/lt\/wp-json\/wp\/v2\/product_brand?post=74530"},{"taxonomy":"product_cat","embeddable":true,"href":"https:\/\/skinstudio.ee\/lt\/wp-json\/wp\/v2\/product_cat?post=74530"},{"taxonomy":"product_tag","embeddable":true,"href":"https:\/\/skinstudio.ee\/lt\/wp-json\/wp\/v2\/product_tag?post=74530"},{"taxonomy":"giftcard-category","embeddable":true,"href":"https:\/\/skinstudio.ee\/lt\/wp-json\/wp\/v2\/giftcard-category?post=74530"}],"curies":[{"name":"wp","href":"https:\/\/api.w.org\/{rel}","templated":true}]}}