{"id":74547,"date":"2026-01-15T14:32:14","date_gmt":"2026-01-15T14:32:14","guid":{"rendered":"https:\/\/skinstudio.ee\/?post_type=product&#038;p=74547"},"modified":"2026-01-21T13:57:36","modified_gmt":"2026-01-21T13:57:36","slug":"mesoses-supreme-antiaging-cream","status":"publish","type":"product","link":"https:\/\/skinstudio.ee\/lt\/catalog\/sesderma-lt\/mesoses-supreme-antiaging-cream\/","title":{"rendered":"MESOSES Supreme Antiaging Cream"},"content":{"rendered":"<p data-start=\"1975\" data-end=\"2321\"><strong data-start=\"1975\" data-end=\"2023\">MESOSES Supreme Antiaging Cream nuo Sesderma<\/strong> yra auk\u0161tos veiksmingumo klas\u0117s prie\u0161rauk\u0161linis kremas, sukurtas visapusi\u0161kam darbui su odos kokybe, tankiu, stangrumu ir veido architekt\u016bra. Formul\u0117 skirta atkurti ai\u0161kesn\u0119, labiau strukt\u016bruot\u0105 ir vizualiai jaunesn\u0119 odos pavir\u0161iaus i\u0161vaizd\u0105, kartu palaikant bendr\u0105 tonus\u0105 ir i\u0161puosel\u0117t\u0105 i\u0161vaizd\u0105.<\/p>\n<p data-start=\"2323\" data-end=\"2577\">Kremas veikia kaip paskutinis prie\u0161sen\u0117jimo prie\u017ei\u016bros rutinos \u017eingsnis, sustiprindamas ir u\u017efiksuodamas serumo rezultatus. Jis padeda formuoti tolygesn\u012f, tankesn\u012f ir vizualiai glotnesn\u012f odos reljef\u0105, gerindamas tiek i\u0161vaizd\u0105, tiek \u201eodos kokyb\u0117s\u201c poj\u016bt\u012f.<\/p>\n<h3 data-start=\"2579\" data-end=\"2614\">Pagrindini\u0173 komponent\u0173 poveikis<\/h3>\n<ul data-start=\"2615\" data-end=\"3062\">\n<li data-start=\"2615\" data-end=\"2692\">\n<p data-start=\"2617\" data-end=\"2692\"><strong data-start=\"2617\" data-end=\"2645\">Aminor\u016bg\u0161\u010di\u0173 kompleksas:<\/strong> palaiko odos elastingum\u0105, tank\u012f ir strukt\u016br\u0105<\/p>\n<\/li>\n<li data-start=\"2693\" data-end=\"2802\">\n<p data-start=\"2695\" data-end=\"2802\"><strong data-start=\"2695\" data-end=\"2716\">Vitaminai C ir E:<\/strong> suteikia antioksidacin\u0119 apsaug\u0105 ir padeda palaikyti tolygesn\u012f bei \u0161vytint\u012f atspalv\u012f<\/p>\n<\/li>\n<li data-start=\"2803\" data-end=\"2883\">\n<p data-start=\"2805\" data-end=\"2883\"><strong data-start=\"2805\" data-end=\"2827\">Hialurono r\u016bg\u0161tis:<\/strong> padeda gerinti dr\u0117gm\u0117s lyg\u012f ir vizualin\u012f odos putlum\u0105<\/p>\n<\/li>\n<li data-start=\"2884\" data-end=\"2962\">\n<p data-start=\"2886\" data-end=\"2962\"><strong data-start=\"2886\" data-end=\"2911\">Edelveiso ekstraktas:<\/strong> palaiko atsinaujinimo procesus ir odos atsparum\u0105<\/p>\n<\/li>\n<li data-start=\"2963\" data-end=\"3062\">\n<p data-start=\"2965\" data-end=\"3062\"><strong data-start=\"2965\" data-end=\"2996\">Nanoperdavimo technologija:<\/strong> didina aktyvi\u0173j\u0173 med\u017eiag\u0173 prasiskverbimo tikslum\u0105 ir efektyvum\u0105<\/p>\n<\/li>\n<\/ul>\n<p data-start=\"3064\" data-end=\"3228\">Kremas naudojamas odos prie\u017ei\u016broje, kai pastebimas tankio ir stangrumo ma\u017e\u0117jimas, kont\u016br\u0173 ai\u0161kumo silpn\u0117jimas, netolygus odos pavir\u0161ius ir bendri sen\u0117jimo po\u017eymiai.<\/p>\n<p data-start=\"3230\" data-end=\"3246\"><strong data-start=\"3230\" data-end=\"3240\">T\u016bris:<\/strong> 50 ml<\/p>\n","protected":false},"excerpt":{"rendered":"<p data-start=\"3353\" data-end=\"3375\">Prie\u0161rauk\u0161linis kremas<\/p>\n<h2 data-start=\"3377\" data-end=\"3431\"><strong data-start=\"3377\" data-end=\"3431\">Sesderma &#8211; MESOSES Supreme Antiaging Cream Savyb\u0117s<\/strong><\/h2>\n<p data-start=\"3433\" data-end=\"3694\">\u2714\ufe0f Sukuria lygesn\u0119 ir satinin\u0119 odos i\u0161vaizd\u0105<br data-start=\"3477\" data-end=\"3480\" \/>\u2714\ufe0f Sustiprina putlumo ir i\u0161puosel\u0117tumo poj\u016bt\u012f<br data-start=\"3525\" data-end=\"3528\" \/>\u2714\ufe0f Su\u0161velnina linij\u0173 ir pavir\u0161iaus nelygum\u0173 matomum\u0105<br data-start=\"3580\" data-end=\"3583\" \/>\u2714\ufe0f Suteikia veido odai tolygesn\u012f ir eleganti\u0161kesn\u012f atspalv\u012f<br data-start=\"3642\" data-end=\"3645\" \/>\u2714\ufe0f Palaiko ilgalaik\u012f komfort\u0105 ir odos stangrum\u0105<\/p>\n","protected":false},"featured_media":74537,"template":"","meta":[],"pwb-brand":[1263],"product_brand":[],"product_cat":[738,750],"product_tag":[],"giftcard-category":[],"class_list":{"0":"post-74547","1":"product","2":"type-product","3":"status-publish","4":"has-post-thumbnail","6":"pwb-brand-sesderma-lt","7":"product_cat-drekinimas","8":"product_cat-senstanti-oda","10":"first","11":"instock","12":"sale","13":"taxable","14":"shipping-taxable","15":"purchasable","16":"product-type-simple"},"acf":[],"brands":[{"id":1263,"name":"Sesderma","slug":"sesderma-lt"}],"_links":{"self":[{"href":"https:\/\/skinstudio.ee\/lt\/wp-json\/wp\/v2\/product\/74547","targetHints":{"allow":["GET"]}}],"collection":[{"href":"https:\/\/skinstudio.ee\/lt\/wp-json\/wp\/v2\/product"}],"about":[{"href":"https:\/\/skinstudio.ee\/lt\/wp-json\/wp\/v2\/types\/product"}],"version-history":[{"count":1,"href":"https:\/\/skinstudio.ee\/lt\/wp-json\/wp\/v2\/product\/74547\/revisions"}],"predecessor-version":[{"id":74548,"href":"https:\/\/skinstudio.ee\/lt\/wp-json\/wp\/v2\/product\/74547\/revisions\/74548"}],"wp:featuredmedia":[{"embeddable":true,"href":"https:\/\/skinstudio.ee\/lt\/wp-json\/wp\/v2\/media\/74537"}],"wp:attachment":[{"href":"https:\/\/skinstudio.ee\/lt\/wp-json\/wp\/v2\/media?parent=74547"}],"wp:term":[{"taxonomy":"pwb-brand","embeddable":true,"href":"https:\/\/skinstudio.ee\/lt\/wp-json\/wp\/v2\/pwb-brand?post=74547"},{"taxonomy":"product_brand","embeddable":true,"href":"https:\/\/skinstudio.ee\/lt\/wp-json\/wp\/v2\/product_brand?post=74547"},{"taxonomy":"product_cat","embeddable":true,"href":"https:\/\/skinstudio.ee\/lt\/wp-json\/wp\/v2\/product_cat?post=74547"},{"taxonomy":"product_tag","embeddable":true,"href":"https:\/\/skinstudio.ee\/lt\/wp-json\/wp\/v2\/product_tag?post=74547"},{"taxonomy":"giftcard-category","embeddable":true,"href":"https:\/\/skinstudio.ee\/lt\/wp-json\/wp\/v2\/giftcard-category?post=74547"}],"curies":[{"name":"wp","href":"https:\/\/api.w.org\/{rel}","templated":true}]}}