{"id":74563,"date":"2026-01-15T15:41:26","date_gmt":"2026-01-15T15:41:26","guid":{"rendered":"https:\/\/skinstudio.ee\/?post_type=product&#038;p=74563"},"modified":"2026-01-21T13:57:37","modified_gmt":"2026-01-21T13:57:37","slug":"oceanskin-cleansing-gel","status":"publish","type":"product","link":"https:\/\/skinstudio.ee\/lt\/catalog\/sesderma-lt\/oceanskin-cleansing-gel\/","title":{"rendered":"OCEANSKIN Cleansing Gel"},"content":{"rendered":"<p data-start=\"1970\" data-end=\"2283\"><strong data-start=\"1970\" data-end=\"2010\">OCEANSKIN Cleansing Gel nuo Sesderma<\/strong> yra naujos kartos premium klas\u0117s prausiklis, sukurtas kaip visavertis pirmasis odos prie\u017ei\u016bros \u017eingsnis. Formul\u0117 remiasi \u201eprie\u017ei\u016bra per valym\u0105\u201c koncepcija ir skirta ne tik makia\u017eo bei ne\u0161varum\u0173 \u0161alinimui, bet ir odos komforto, balanso bei pri\u017ei\u016br\u0117tos i\u0161vaizdos palaikymui.<\/p>\n<p data-start=\"2285\" data-end=\"2580\">Prausiklis veikia kaip i\u0161manioji valymo sistema, padedanti i\u0161saugoti odos kokyb\u0119 jau valymo etape, nepa\u017eeid\u017eiant odos apsaugini\u0173 mechanizm\u0173 ir nesukeliant tempimo poj\u016b\u010dio. Valymas tampa pilnaver\u010dio prie\u017ei\u016bros ritualo dalimi, paruo\u0161ian\u010dia od\u0105 tolimesniems etapams ir sustiprinan\u010dia j\u0173 efektyvum\u0105.<\/p>\n<h3 data-start=\"2582\" data-end=\"2617\">Pagrindini\u0173 komponent\u0173 poveikis<\/h3>\n<ul data-start=\"2618\" data-end=\"2999\">\n<li data-start=\"2618\" data-end=\"2678\">\n<p data-start=\"2620\" data-end=\"2678\"><strong data-start=\"2620\" data-end=\"2634\">Spirulina:<\/strong> palaiko gaivi\u0105 ir energing\u0105 odos i\u0161vaizd\u0105<\/p>\n<\/li>\n<li data-start=\"2679\" data-end=\"2764\">\n<p data-start=\"2681\" data-end=\"2764\"><strong data-start=\"2681\" data-end=\"2716\">J\u016brinis kolagenas ir elastinas:<\/strong> padeda i\u0161laikyti stangrumo ir glotnumo poj\u016bt\u012f<\/p>\n<\/li>\n<li data-start=\"2765\" data-end=\"2840\">\n<p data-start=\"2767\" data-end=\"2840\"><strong data-start=\"2767\" data-end=\"2796\">J\u016bros dumbli\u0173 ekstraktas:<\/strong> padeda palaikyti odos balans\u0105 ir komfort\u0105<\/p>\n<\/li>\n<li data-start=\"2841\" data-end=\"2924\">\n<p data-start=\"2843\" data-end=\"2924\"><strong data-start=\"2843\" data-end=\"2863\">Ikro ekstraktas:<\/strong> padeda i\u0161laikyti labiau pri\u017ei\u016br\u0117t\u0105 ir i\u0161puosel\u0117t\u0105 i\u0161vaizd\u0105<\/p>\n<\/li>\n<li data-start=\"2925\" data-end=\"2999\">\n<p data-start=\"2927\" data-end=\"2999\"><strong data-start=\"2927\" data-end=\"2954\">Keramidai ir skvalenas:<\/strong> palaiko odos apsaugin\u012f barjer\u0105 ir komfort\u0105<\/p>\n<\/li>\n<\/ul>\n<p data-start=\"3001\" data-end=\"3229\">Priemon\u0117 naudojama odos prie\u017ei\u016broje, kai svarbu ne tik kruop\u0161\u010diai nuvalyti ir pa\u0161alinti makia\u017e\u0105, bet ir i\u0161saugoti odos \u0161velnum\u0105, komfort\u0105 bei pri\u017ei\u016br\u0117t\u0105 i\u0161vaizd\u0105, kartu palaikant odos balans\u0105 ir paruo\u0161tum\u0105 tolimesnei prie\u017ei\u016brai.<\/p>\n<p data-start=\"3231\" data-end=\"3248\"><strong data-start=\"3231\" data-end=\"3241\">T\u016bris:<\/strong> 200 ml<\/p>\n","protected":false},"excerpt":{"rendered":"<p data-start=\"3414\" data-end=\"3429\">Valomasis gelis<\/p>\n<h2 data-start=\"3431\" data-end=\"3477\"><strong data-start=\"3431\" data-end=\"3477\">Sesderma &#8211; OCEANSKIN Cleansing Gel Savyb\u0117s<\/strong><\/h2>\n<p data-start=\"3479\" data-end=\"3738\">\u2714\ufe0f Efektyviai pa\u0161alina makia\u017e\u0105 ir apsaugos nuo saul\u0117s priemones<br data-start=\"3542\" data-end=\"3545\" \/>\u2714\ufe0f Giliai valo od\u0105 nesukeldamas tempimo poj\u016b\u010dio<br data-start=\"3592\" data-end=\"3595\" \/>\u2714\ufe0f Palaiko odos apsaugin\u012f barjer\u0105 ir balans\u0105<br data-start=\"3639\" data-end=\"3642\" \/>\u2714\ufe0f Palieka od\u0105 \u0161velnesn\u0119 ir glotnesn\u0119 lie\u010diant<br data-start=\"3688\" data-end=\"3691\" \/>\u2714\ufe0f Palieka od\u0105 vizualiai gaivi\u0105 ir pri\u017ei\u016br\u0117t\u0105<\/p>\n","protected":false},"featured_media":74555,"template":"","meta":[],"pwb-brand":[1263],"product_brand":[],"product_cat":[718],"product_tag":[],"giftcard-category":[],"class_list":{"0":"post-74563","1":"product","2":"type-product","3":"status-publish","4":"has-post-thumbnail","6":"pwb-brand-sesderma-lt","7":"product_cat-valymas","9":"first","10":"instock","11":"taxable","12":"shipping-taxable","13":"purchasable","14":"product-type-simple"},"acf":[],"brands":[{"id":1263,"name":"Sesderma","slug":"sesderma-lt"}],"_links":{"self":[{"href":"https:\/\/skinstudio.ee\/lt\/wp-json\/wp\/v2\/product\/74563","targetHints":{"allow":["GET"]}}],"collection":[{"href":"https:\/\/skinstudio.ee\/lt\/wp-json\/wp\/v2\/product"}],"about":[{"href":"https:\/\/skinstudio.ee\/lt\/wp-json\/wp\/v2\/types\/product"}],"version-history":[{"count":1,"href":"https:\/\/skinstudio.ee\/lt\/wp-json\/wp\/v2\/product\/74563\/revisions"}],"predecessor-version":[{"id":74564,"href":"https:\/\/skinstudio.ee\/lt\/wp-json\/wp\/v2\/product\/74563\/revisions\/74564"}],"wp:featuredmedia":[{"embeddable":true,"href":"https:\/\/skinstudio.ee\/lt\/wp-json\/wp\/v2\/media\/74555"}],"wp:attachment":[{"href":"https:\/\/skinstudio.ee\/lt\/wp-json\/wp\/v2\/media?parent=74563"}],"wp:term":[{"taxonomy":"pwb-brand","embeddable":true,"href":"https:\/\/skinstudio.ee\/lt\/wp-json\/wp\/v2\/pwb-brand?post=74563"},{"taxonomy":"product_brand","embeddable":true,"href":"https:\/\/skinstudio.ee\/lt\/wp-json\/wp\/v2\/product_brand?post=74563"},{"taxonomy":"product_cat","embeddable":true,"href":"https:\/\/skinstudio.ee\/lt\/wp-json\/wp\/v2\/product_cat?post=74563"},{"taxonomy":"product_tag","embeddable":true,"href":"https:\/\/skinstudio.ee\/lt\/wp-json\/wp\/v2\/product_tag?post=74563"},{"taxonomy":"giftcard-category","embeddable":true,"href":"https:\/\/skinstudio.ee\/lt\/wp-json\/wp\/v2\/giftcard-category?post=74563"}],"curies":[{"name":"wp","href":"https:\/\/api.w.org\/{rel}","templated":true}]}}