{"id":74578,"date":"2026-01-15T15:46:37","date_gmt":"2026-01-15T15:46:37","guid":{"rendered":"https:\/\/skinstudio.ee\/?post_type=product&#038;p=74578"},"modified":"2026-01-21T13:57:37","modified_gmt":"2026-01-21T13:57:37","slug":"oceanskin-moisturizing-serum","status":"publish","type":"product","link":"https:\/\/skinstudio.ee\/lt\/catalog\/sesderma-lt\/oceanskin-moisturizing-serum\/","title":{"rendered":"OCEANSKIN Moisturizing Serum"},"content":{"rendered":"<p data-start=\"1898\" data-end=\"2285\"><strong data-start=\"1898\" data-end=\"1943\">OCEANSKIN Moisturizing Serum nuo Sesderma<\/strong> yra auk\u0161tos veiksmingumo klas\u0117s dr\u0117kinamasis serumas, sukurtas atkurti odos dr\u0117gm\u0117s balans\u0105, pagerinti bendr\u0105 odos kokyb\u0119 ir palaikyti jos stangrum\u0105 bei elastingum\u0105. Formul\u0117 pagr\u012fsta j\u016brin\u0117s kilm\u0117s biokomponentais ir veikia kaip gilaus, daugiasluoksnio dr\u0117kinimo \u0161altinis, pad\u0117damas odai atrodyti tankesnei, glotnesnei ir labiau pri\u017ei\u016br\u0117tai.<\/p>\n<p data-start=\"2287\" data-end=\"2561\">Serumas veikia ne tik sausumo poj\u016bt\u012f, bet ir bendr\u0105 odos kokyb\u0119: padeda gerinti elastingum\u0105, lyginti odos pavir\u0161i\u0173 ir palaikyti gaivesn\u0119, tolygesn\u0119 bei labiau i\u0161puosel\u0117t\u0105 i\u0161vaizd\u0105. Produkto koncepcija orientuota \u012f odos stiprinim\u0105 ir ilgalaikio komforto palaikym\u0105 vis\u0105 dien\u0105.<\/p>\n<h3 data-start=\"2563\" data-end=\"2598\">Pagrindini\u0173 komponent\u0173 poveikis<\/h3>\n<ul data-start=\"2599\" data-end=\"2946\">\n<li data-start=\"2599\" data-end=\"2659\">\n<p data-start=\"2601\" data-end=\"2659\"><strong data-start=\"2601\" data-end=\"2615\">Spirulina:<\/strong> palaiko gaivi\u0105 ir energing\u0105 odos i\u0161vaizd\u0105<\/p>\n<\/li>\n<li data-start=\"2660\" data-end=\"2724\">\n<p data-start=\"2662\" data-end=\"2724\"><strong data-start=\"2662\" data-end=\"2684\">J\u016brinis kolagenas:<\/strong> padeda gerinti odos tank\u012f ir glotnum\u0105<\/p>\n<\/li>\n<li data-start=\"2725\" data-end=\"2789\">\n<p data-start=\"2727\" data-end=\"2789\"><strong data-start=\"2727\" data-end=\"2749\">J\u016brinis elastinas:<\/strong> palaiko odos stangrum\u0105 ir elastingum\u0105<\/p>\n<\/li>\n<li data-start=\"2790\" data-end=\"2865\">\n<p data-start=\"2792\" data-end=\"2865\"><strong data-start=\"2792\" data-end=\"2821\">J\u016bros dumbli\u0173 ekstraktas:<\/strong> padeda palaikyti odos balans\u0105 ir komfort\u0105<\/p>\n<\/li>\n<li data-start=\"2866\" data-end=\"2946\">\n<p data-start=\"2868\" data-end=\"2946\"><strong data-start=\"2868\" data-end=\"2888\">Ikro ekstraktas:<\/strong> padeda i\u0161laikyti labiau pri\u017ei\u016br\u0117t\u0105 ir pilnesn\u0119 i\u0161vaizd\u0105<\/p>\n<\/li>\n<\/ul>\n<p data-start=\"2948\" data-end=\"3164\">Serumas naudojamas odos prie\u017ei\u016broje, kai pastebimi dehidratacijos po\u017eymiai, suma\u017e\u0117j\u0119s stangrumas, prarastas glotnumas ir komfortas, taip pat kai reikia palaikyti tankesn\u0119, gaivesn\u0119 ir labiau pri\u017ei\u016br\u0117t\u0105 odos i\u0161vaizd\u0105.<\/p>\n<p data-start=\"3166\" data-end=\"3182\"><strong data-start=\"3166\" data-end=\"3176\">T\u016bris:<\/strong> 30 ml<\/p>\n","protected":false},"excerpt":{"rendered":"<p data-start=\"3290\" data-end=\"3310\">Dr\u0117kinamasis serumas<\/p>\n<h2 data-start=\"3312\" data-end=\"3363\"><strong data-start=\"3312\" data-end=\"3363\">Sesderma &#8211; OCEANSKIN Moisturizing Serum Savyb\u0117s<\/strong><\/h2>\n<p data-start=\"3365\" data-end=\"3599\">\u2714\ufe0f Intensyviai dr\u0117kina ir padeda palaikyti dr\u0117gm\u0117s balans\u0105<br data-start=\"3423\" data-end=\"3426\" \/>\u2714\ufe0f Didina odos tankio ir stangrumo poj\u016bt\u012f<br data-start=\"3467\" data-end=\"3470\" \/>\u2714\ufe0f Gerina glotnum\u0105 ir pri\u017ei\u016br\u0117t\u0105 i\u0161vaizd\u0105<br data-start=\"3511\" data-end=\"3514\" \/>\u2714\ufe0f Palaiko ilgalaik\u012f odos komfort\u0105<br data-start=\"3548\" data-end=\"3551\" \/>\u2714\ufe0f Suteikia odai gaivesn\u0119 ir pilnesn\u0119 i\u0161vaizd\u0105<\/p>\n","protected":false},"featured_media":74570,"template":"","meta":[],"pwb-brand":[1263],"product_brand":[],"product_cat":[740,724],"product_tag":[],"giftcard-category":[],"class_list":{"0":"post-74578","1":"product","2":"type-product","3":"status-publish","4":"has-post-thumbnail","6":"pwb-brand-sesderma-lt","7":"product_cat-sausai-odai","8":"product_cat-serumai","10":"first","11":"instock","12":"taxable","13":"shipping-taxable","14":"purchasable","15":"product-type-simple"},"acf":[],"brands":[{"id":1263,"name":"Sesderma","slug":"sesderma-lt"}],"_links":{"self":[{"href":"https:\/\/skinstudio.ee\/lt\/wp-json\/wp\/v2\/product\/74578","targetHints":{"allow":["GET"]}}],"collection":[{"href":"https:\/\/skinstudio.ee\/lt\/wp-json\/wp\/v2\/product"}],"about":[{"href":"https:\/\/skinstudio.ee\/lt\/wp-json\/wp\/v2\/types\/product"}],"version-history":[{"count":1,"href":"https:\/\/skinstudio.ee\/lt\/wp-json\/wp\/v2\/product\/74578\/revisions"}],"predecessor-version":[{"id":74579,"href":"https:\/\/skinstudio.ee\/lt\/wp-json\/wp\/v2\/product\/74578\/revisions\/74579"}],"wp:featuredmedia":[{"embeddable":true,"href":"https:\/\/skinstudio.ee\/lt\/wp-json\/wp\/v2\/media\/74570"}],"wp:attachment":[{"href":"https:\/\/skinstudio.ee\/lt\/wp-json\/wp\/v2\/media?parent=74578"}],"wp:term":[{"taxonomy":"pwb-brand","embeddable":true,"href":"https:\/\/skinstudio.ee\/lt\/wp-json\/wp\/v2\/pwb-brand?post=74578"},{"taxonomy":"product_brand","embeddable":true,"href":"https:\/\/skinstudio.ee\/lt\/wp-json\/wp\/v2\/product_brand?post=74578"},{"taxonomy":"product_cat","embeddable":true,"href":"https:\/\/skinstudio.ee\/lt\/wp-json\/wp\/v2\/product_cat?post=74578"},{"taxonomy":"product_tag","embeddable":true,"href":"https:\/\/skinstudio.ee\/lt\/wp-json\/wp\/v2\/product_tag?post=74578"},{"taxonomy":"giftcard-category","embeddable":true,"href":"https:\/\/skinstudio.ee\/lt\/wp-json\/wp\/v2\/giftcard-category?post=74578"}],"curies":[{"name":"wp","href":"https:\/\/api.w.org\/{rel}","templated":true}]}}