{"id":74594,"date":"2026-01-15T15:51:02","date_gmt":"2026-01-15T15:51:02","guid":{"rendered":"https:\/\/skinstudio.ee\/?post_type=product&#038;p=74594"},"modified":"2026-01-21T13:57:37","modified_gmt":"2026-01-21T13:57:37","slug":"oceanskin-nourishing-facial-cream","status":"publish","type":"product","link":"https:\/\/skinstudio.ee\/lt\/catalog\/sesderma-lt\/oceanskin-nourishing-facial-cream\/","title":{"rendered":"OCEANSKIN Nourishing Facial Cream"},"content":{"rendered":"<p data-start=\"2007\" data-end=\"2359\"><strong data-start=\"2007\" data-end=\"2057\">OCEANSKIN Nourishing Facial Cream nuo Sesderma<\/strong> yra premium klas\u0117s maitinamasis ir dr\u0117kinamasis veido kremas, sukurtas atkurti odos komfort\u0105, tank\u012f ir pri\u017ei\u016br\u0117t\u0105 i\u0161vaizd\u0105. Formul\u0117 pagr\u012fsta j\u016brin\u0117s kilm\u0117s biokomponentais kartu su puosel\u0117jan\u010di\u0173 lipid\u0173 kompleksu ir skirta palaikyti optimal\u0173 dr\u0117gm\u0117s lyg\u012f, gerinti odos kokyb\u0119 bei i\u0161saugoti elastingum\u0105.<\/p>\n<p data-start=\"2361\" data-end=\"2689\">Kremas veikia kaip paskutinis odos prie\u017ei\u016bros rutinos \u017eingsnis, pad\u0117damas odai atrodyti pilnesnei, glotnesnei ir vizualiai tolygesnei. Produkto koncepcija orientuota \u012f odos apsauginio barjero stiprinim\u0105, balanso palaikym\u0105 ir \u201eodos kokyb\u0117s\u201c poj\u016b\u010dio k\u016brim\u0105 &#8211; i\u0161puosel\u0117tos, komforti\u0161kos ir apsaugotos nuo kasdienio streso veiksni\u0173.<\/p>\n<h3 data-start=\"2691\" data-end=\"2726\">Pagrindini\u0173 komponent\u0173 poveikis<\/h3>\n<ul data-start=\"2727\" data-end=\"3074\">\n<li data-start=\"2727\" data-end=\"2787\">\n<p data-start=\"2729\" data-end=\"2787\"><strong data-start=\"2729\" data-end=\"2743\">Spirulina:<\/strong> palaiko gaivi\u0105 ir energing\u0105 odos i\u0161vaizd\u0105<\/p>\n<\/li>\n<li data-start=\"2788\" data-end=\"2852\">\n<p data-start=\"2790\" data-end=\"2852\"><strong data-start=\"2790\" data-end=\"2812\">J\u016brinis kolagenas:<\/strong> padeda gerinti odos tank\u012f ir glotnum\u0105<\/p>\n<\/li>\n<li data-start=\"2853\" data-end=\"2917\">\n<p data-start=\"2855\" data-end=\"2917\"><strong data-start=\"2855\" data-end=\"2877\">J\u016brinis elastinas:<\/strong> palaiko odos stangrum\u0105 ir elastingum\u0105<\/p>\n<\/li>\n<li data-start=\"2918\" data-end=\"2993\">\n<p data-start=\"2920\" data-end=\"2993\"><strong data-start=\"2920\" data-end=\"2949\">J\u016bros dumbli\u0173 ekstraktas:<\/strong> padeda palaikyti odos balans\u0105 ir komfort\u0105<\/p>\n<\/li>\n<li data-start=\"2994\" data-end=\"3074\">\n<p data-start=\"2996\" data-end=\"3074\"><strong data-start=\"2996\" data-end=\"3016\">Ikro ekstraktas:<\/strong> padeda i\u0161laikyti labiau pri\u017ei\u016br\u0117t\u0105 ir pilnesn\u0119 i\u0161vaizd\u0105<\/p>\n<\/li>\n<\/ul>\n<p data-start=\"3076\" data-end=\"3311\">Kremas naudojamas odos prie\u017ei\u016broje, kai jau\u010diamas sausumas ar tempimo poj\u016btis, suma\u017e\u0117j\u0119s elastingumas ir komfortas, taip pat kai reikia palaikyti tankesn\u0119, glotnesn\u0119 ir labiau pri\u017ei\u016br\u0117t\u0105 odos i\u0161vaizd\u0105 bei sustiprinti apsaugin\u012f barjer\u0105.<\/p>\n<p data-start=\"3313\" data-end=\"3329\"><strong data-start=\"3313\" data-end=\"3323\">T\u016bris:<\/strong> 50 ml<\/p>\n","protected":false},"excerpt":{"rendered":"<p data-start=\"3436\" data-end=\"3461\">Maitinamasis veido kremas<\/p>\n<h2 data-start=\"3463\" data-end=\"3519\"><strong data-start=\"3463\" data-end=\"3519\">Sesderma &#8211; OCEANSKIN Nourishing Facial Cream Savyb\u0117s<\/strong><\/h2>\n<p data-start=\"3521\" data-end=\"3785\">\u2714\ufe0f Giliai maitina ir padeda palaikyti optimal\u0173 dr\u0117gm\u0117s lyg\u012f<br data-start=\"3580\" data-end=\"3583\" \/>\u2714\ufe0f Suteikia odai \u0161velnesn\u012f, glotnesn\u012f ir pilnesn\u012f poj\u016bt\u012f<br data-start=\"3639\" data-end=\"3642\" \/>\u2714\ufe0f Palaiko ilgalaik\u012f komfort\u0105 ir apsaugos poj\u016bt\u012f<br data-start=\"3690\" data-end=\"3693\" \/>\u2714\ufe0f Gerina bendr\u0105 odos i\u0161vaizd\u0105 ir tolygum\u0105<br data-start=\"3735\" data-end=\"3738\" \/>\u2714\ufe0f Padeda i\u0161saugoti odos elastingum\u0105 ir tank\u012f<\/p>\n","protected":false},"featured_media":74585,"template":"","meta":[],"pwb-brand":[1263],"product_brand":[],"product_cat":[738,740],"product_tag":[],"giftcard-category":[],"class_list":{"0":"post-74594","1":"product","2":"type-product","3":"status-publish","4":"has-post-thumbnail","6":"pwb-brand-sesderma-lt","7":"product_cat-drekinimas","8":"product_cat-sausai-odai","10":"first","11":"instock","12":"taxable","13":"shipping-taxable","14":"purchasable","15":"product-type-simple"},"acf":[],"brands":[{"id":1263,"name":"Sesderma","slug":"sesderma-lt"}],"_links":{"self":[{"href":"https:\/\/skinstudio.ee\/lt\/wp-json\/wp\/v2\/product\/74594","targetHints":{"allow":["GET"]}}],"collection":[{"href":"https:\/\/skinstudio.ee\/lt\/wp-json\/wp\/v2\/product"}],"about":[{"href":"https:\/\/skinstudio.ee\/lt\/wp-json\/wp\/v2\/types\/product"}],"version-history":[{"count":1,"href":"https:\/\/skinstudio.ee\/lt\/wp-json\/wp\/v2\/product\/74594\/revisions"}],"predecessor-version":[{"id":74595,"href":"https:\/\/skinstudio.ee\/lt\/wp-json\/wp\/v2\/product\/74594\/revisions\/74595"}],"wp:featuredmedia":[{"embeddable":true,"href":"https:\/\/skinstudio.ee\/lt\/wp-json\/wp\/v2\/media\/74585"}],"wp:attachment":[{"href":"https:\/\/skinstudio.ee\/lt\/wp-json\/wp\/v2\/media?parent=74594"}],"wp:term":[{"taxonomy":"pwb-brand","embeddable":true,"href":"https:\/\/skinstudio.ee\/lt\/wp-json\/wp\/v2\/pwb-brand?post=74594"},{"taxonomy":"product_brand","embeddable":true,"href":"https:\/\/skinstudio.ee\/lt\/wp-json\/wp\/v2\/product_brand?post=74594"},{"taxonomy":"product_cat","embeddable":true,"href":"https:\/\/skinstudio.ee\/lt\/wp-json\/wp\/v2\/product_cat?post=74594"},{"taxonomy":"product_tag","embeddable":true,"href":"https:\/\/skinstudio.ee\/lt\/wp-json\/wp\/v2\/product_tag?post=74594"},{"taxonomy":"giftcard-category","embeddable":true,"href":"https:\/\/skinstudio.ee\/lt\/wp-json\/wp\/v2\/giftcard-category?post=74594"}],"curies":[{"name":"wp","href":"https:\/\/api.w.org\/{rel}","templated":true}]}}