{"id":74642,"date":"2026-01-15T16:09:04","date_gmt":"2026-01-15T16:09:04","guid":{"rendered":"https:\/\/skinstudio.ee\/?post_type=product&#038;p=74642"},"modified":"2026-01-21T13:57:37","modified_gmt":"2026-01-21T13:57:37","slug":"resveraderm-gel-cream","status":"publish","type":"product","link":"https:\/\/skinstudio.ee\/lt\/catalog\/sesderma-lt\/resveraderm-gel-cream\/","title":{"rendered":"RESVERADERM Gel Cream"},"content":{"rendered":"<p data-start=\"1813\" data-end=\"2191\"><strong data-start=\"1813\" data-end=\"1851\">RESVERADERM Gel Cream nuo Sesderma<\/strong> yra auk\u0161tos veiksmingumo klas\u0117s sen\u0117jim\u0105 stabdantis kremas, jungiantis intensyv\u0173 dr\u0117kinim\u0105, antioksidacin\u0119 apsaug\u0105 ir palaikym\u0105 jaunatvi\u0161kai odos i\u0161vaizdai. Formul\u0117 sukurta stiprinti nat\u016bralius odos apsaugos mechanizmus, didinti jos atsparum\u0105 i\u0161oriniams \u017ealingiems veiksniams ir i\u0161saugoti tankesn\u0119, gaivesn\u0119 bei labiau pri\u017ei\u016br\u0117t\u0105 i\u0161vaizd\u0105.<\/p>\n<p data-start=\"2193\" data-end=\"2506\">Kremas atitinka kasdien\u0117s apsaugos nuo oksidacinio streso koncepcij\u0105: padeda odai atrodyti labiau tonizuotai, tolygesnei ir pilnesnei, palaiko jos gyvybingum\u0105 ir bendr\u0105 odos kokyb\u0119. Produktas skirtas su am\u017eiumi susijusi\u0173 poky\u010di\u0173 prevencijai ir korekcijai bei odos palaikymui stabilioje ir subalansuotoje b\u016bsenoje.<\/p>\n<p data-start=\"2535\" data-end=\"2561\"><strong data-start=\"2535\" data-end=\"2561\">Po 28 dien\u0173 naudojimo:<\/strong><\/p>\n<ul data-start=\"2562\" data-end=\"2749\">\n<li data-start=\"2562\" data-end=\"2591\">\n<p data-start=\"2564\" data-end=\"2591\"><strong data-start=\"2564\" data-end=\"2589\">Rauk\u0161l\u0117s suma\u017e\u0117jo 12%<\/strong><\/p>\n<\/li>\n<li data-start=\"2592\" data-end=\"2630\">\n<p data-start=\"2594\" data-end=\"2630\"><strong data-start=\"2594\" data-end=\"2628\">Odos gyvybingumas padid\u0117jo 74%<\/strong><\/p>\n<\/li>\n<li data-start=\"2631\" data-end=\"2670\">\n<p data-start=\"2633\" data-end=\"2670\"><strong data-start=\"2633\" data-end=\"2668\">Odos dr\u0117gm\u0117s lygis padid\u0117jo 84%<\/strong><\/p>\n<\/li>\n<li data-start=\"2671\" data-end=\"2717\">\n<p data-start=\"2673\" data-end=\"2717\"><strong data-start=\"2673\" data-end=\"2715\">Odos stangrumas ir tankis padid\u0117jo 84%<\/strong><\/p>\n<\/li>\n<li data-start=\"2718\" data-end=\"2749\">\n<p data-start=\"2720\" data-end=\"2749\"><strong data-start=\"2720\" data-end=\"2747\">Oda atrodo 79% jaunesn\u0117<\/strong><\/p>\n<\/li>\n<\/ul>\n<p data-start=\"2751\" data-end=\"2960\">Kremas naudojamas odos prie\u017ei\u016broje, kai reikia sustiprinti antioksidacin\u0119 apsaug\u0105, padidinti dr\u0117kinim\u0105 ir stangrum\u0105, suma\u017einti rauk\u0161li\u0173 matomum\u0105 bei palaikyti gaivesn\u0119, lygesn\u0119 ir jaunatvi\u0161kesn\u0119 odos i\u0161vaizd\u0105.<\/p>\n<p data-start=\"2962\" data-end=\"2978\"><strong data-start=\"2962\" data-end=\"2972\">T\u016bris:<\/strong> 50 ml<\/p>\n","protected":false},"excerpt":{"rendered":"<p data-start=\"3045\" data-end=\"3079\">Sen\u0117jim\u0105 stabdantis gelinis kremas<\/p>\n<h2 data-start=\"3081\" data-end=\"3125\"><strong data-start=\"3081\" data-end=\"3125\">Sesderma &#8211; RESVERADERM Gel Cream Savyb\u0117s<\/strong><\/h2>\n<p data-start=\"3127\" data-end=\"3391\">\u2714\ufe0f Suteikia stipri\u0105 antioksidacin\u0119 apsaug\u0105 odai<br data-start=\"3174\" data-end=\"3177\" \/>\u2714\ufe0f Padeda suma\u017einti rauk\u0161li\u0173 ir smulki\u0173 linij\u0173 matomum\u0105<br data-start=\"3232\" data-end=\"3235\" \/>\u2714\ufe0f Didina odos dr\u0117kinim\u0105 ir stangrum\u0105<br data-start=\"3272\" data-end=\"3275\" \/>\u2714\ufe0f Palaiko tolygesn\u012f ir \u0161vytint\u012f odos atspalv\u012f<br data-start=\"3321\" data-end=\"3324\" \/>\u2714\ufe0f Suteikia odai vizualiai tankesn\u0119 ir labiau pri\u017ei\u016br\u0117t\u0105 i\u0161vaizd\u0105<\/p>\n","protected":false},"featured_media":74634,"template":"","meta":[],"pwb-brand":[1263],"product_brand":[],"product_cat":[738,752,740,750],"product_tag":[],"giftcard-category":[],"class_list":{"0":"post-74642","1":"product","2":"type-product","3":"status-publish","4":"has-post-thumbnail","6":"pwb-brand-sesderma-lt","7":"product_cat-drekinimas","8":"product_cat-pigmentacija-lt","9":"product_cat-sausai-odai","10":"product_cat-senstanti-oda","12":"first","13":"instock","14":"sale","15":"taxable","16":"shipping-taxable","17":"purchasable","18":"product-type-simple"},"acf":[],"brands":[{"id":1263,"name":"Sesderma","slug":"sesderma-lt"}],"_links":{"self":[{"href":"https:\/\/skinstudio.ee\/lt\/wp-json\/wp\/v2\/product\/74642","targetHints":{"allow":["GET"]}}],"collection":[{"href":"https:\/\/skinstudio.ee\/lt\/wp-json\/wp\/v2\/product"}],"about":[{"href":"https:\/\/skinstudio.ee\/lt\/wp-json\/wp\/v2\/types\/product"}],"version-history":[{"count":1,"href":"https:\/\/skinstudio.ee\/lt\/wp-json\/wp\/v2\/product\/74642\/revisions"}],"predecessor-version":[{"id":74643,"href":"https:\/\/skinstudio.ee\/lt\/wp-json\/wp\/v2\/product\/74642\/revisions\/74643"}],"wp:featuredmedia":[{"embeddable":true,"href":"https:\/\/skinstudio.ee\/lt\/wp-json\/wp\/v2\/media\/74634"}],"wp:attachment":[{"href":"https:\/\/skinstudio.ee\/lt\/wp-json\/wp\/v2\/media?parent=74642"}],"wp:term":[{"taxonomy":"pwb-brand","embeddable":true,"href":"https:\/\/skinstudio.ee\/lt\/wp-json\/wp\/v2\/pwb-brand?post=74642"},{"taxonomy":"product_brand","embeddable":true,"href":"https:\/\/skinstudio.ee\/lt\/wp-json\/wp\/v2\/product_brand?post=74642"},{"taxonomy":"product_cat","embeddable":true,"href":"https:\/\/skinstudio.ee\/lt\/wp-json\/wp\/v2\/product_cat?post=74642"},{"taxonomy":"product_tag","embeddable":true,"href":"https:\/\/skinstudio.ee\/lt\/wp-json\/wp\/v2\/product_tag?post=74642"},{"taxonomy":"giftcard-category","embeddable":true,"href":"https:\/\/skinstudio.ee\/lt\/wp-json\/wp\/v2\/giftcard-category?post=74642"}],"curies":[{"name":"wp","href":"https:\/\/api.w.org\/{rel}","templated":true}]}}