{"id":74657,"date":"2026-01-15T16:15:56","date_gmt":"2026-01-15T16:15:56","guid":{"rendered":"https:\/\/skinstudio.ee\/?post_type=product&#038;p=74657"},"modified":"2026-01-21T13:57:37","modified_gmt":"2026-01-21T13:57:37","slug":"retiage-anti-aging-cream","status":"publish","type":"product","link":"https:\/\/skinstudio.ee\/lt\/catalog\/sesderma-lt\/retiage-anti-aging-cream\/","title":{"rendered":"RETIAGE Anti-Aging Cream"},"content":{"rendered":"<p data-start=\"1983\" data-end=\"2333\"><strong data-start=\"1983\" data-end=\"2024\">RETIAGE Anti-Aging Cream nuo Sesderma<\/strong> yra auk\u0161tos veiksmingumo klas\u0117s sen\u0117jim\u0105 stabdantis kremas, sukurtas rauk\u0161li\u0173 korekcijai, odos tankio gerinimui ir bendros odos kokyb\u0117s tobulinimui. Formul\u0117 pagr\u012fsta unikalia triguba retinoid\u0173 sistema su palaipsniu atpalaidavimu, leid\u017eian\u010dia efektyviai veikti sen\u0117jimo po\u017eymius ir kartu i\u0161likti \u0161velnia odai.<\/p>\n<p data-start=\"2335\" data-end=\"2653\">Kremas skirtas visapusi\u0161kam odos atnaujinimui: jis padeda pagerinti odos tekst\u016br\u0105, palaiko tolygesn\u012f atspalv\u012f, didina stangrum\u0105 ir vizualin\u012f tank\u012f. Produkto koncepcija leid\u017eia naudoti retinoidus odos prie\u017ei\u016broje patogiau, neperkraunant odos, tod\u0117l formul\u0117 tinkama reguliariam naudojimui sen\u0117jim\u0105 stabdan\u010dioje rutinoje.<\/p>\n<h3 data-start=\"2655\" data-end=\"2690\">Pagrindini\u0173 komponent\u0173 poveikis<\/h3>\n<ul data-start=\"2691\" data-end=\"3013\">\n<li data-start=\"2691\" data-end=\"2850\">\n<p data-start=\"2693\" data-end=\"2850\"><strong data-start=\"2693\" data-end=\"2768\">Triguba retinoid\u0173 sistema (retinolis, retinalis, retinilo propionatas):<\/strong> u\u017etikrina daugialyp\u012f odos atsinaujinim\u0105 ir ry\u0161ki\u0105 sen\u0117jim\u0105 stabdan\u010di\u0105 korekcij\u0105<\/p>\n<\/li>\n<li data-start=\"2851\" data-end=\"2930\">\n<p data-start=\"2853\" data-end=\"2930\"><strong data-start=\"2853\" data-end=\"2876\">Peptid\u0173 kompleksas:<\/strong> palaiko odos tank\u012f ir padeda gerinti odos strukt\u016br\u0105<\/p>\n<\/li>\n<li data-start=\"2931\" data-end=\"3013\">\n<p data-start=\"2933\" data-end=\"3013\"><strong data-start=\"2933\" data-end=\"2955\">Hialurono r\u016bg\u0161tis:<\/strong> padeda palaikyti optimal\u0173 dr\u0117gm\u0117s lyg\u012f ir odos komfort\u0105<\/p>\n<\/li>\n<\/ul>\n<p data-start=\"3015\" data-end=\"3266\">Kremas naudojamas odos prie\u017ei\u016broje, kai matomos rauk\u0161l\u0117s, suma\u017e\u0117j\u0119s stangrumas, netolygus atspalvis ir suma\u017e\u0117j\u0119s odos tankis, taip pat kai reikia aktyvinti odos atsinaujinimo procesus ir palaikyti lygesn\u0119, labiau pri\u017ei\u016br\u0117t\u0105 ir tolygesn\u0119 odos i\u0161vaizd\u0105.<\/p>\n<p data-start=\"3268\" data-end=\"3284\"><strong data-start=\"3268\" data-end=\"3278\">T\u016bris:<\/strong> 50 ml<\/p>\n","protected":false},"excerpt":{"rendered":"<p data-start=\"3459\" data-end=\"3500\">Sen\u0117jim\u0105 stabdantis kremas su retinoidais<\/p>\n<h2 data-start=\"3502\" data-end=\"3549\"><strong data-start=\"3502\" data-end=\"3549\">Sesderma &#8211; RETIAGE Anti-Aging Cream Savyb\u0117s<\/strong><\/h2>\n<p data-start=\"3551\" data-end=\"3782\">\u2714\ufe0f Matomai ma\u017eina rauk\u0161li\u0173 i\u0161vaizd\u0105<br data-start=\"3586\" data-end=\"3589\" \/>\u2714\ufe0f Gerina odos stangrum\u0105 ir tank\u012f<br data-start=\"3622\" data-end=\"3625\" \/>\u2714\ufe0f Padeda sulyginti odos atspalv\u012f ir pagerinti tekst\u016br\u0105<br data-start=\"3680\" data-end=\"3683\" \/>\u2714\ufe0f Palaiko odos atsinaujinimo procesus<br data-start=\"3721\" data-end=\"3724\" \/>\u2714\ufe0f Suteikia odai glotnesn\u0119 ir labiau pri\u017ei\u016br\u0117t\u0105 i\u0161vaizd\u0105<\/p>\n","protected":false},"featured_media":74649,"template":"","meta":[],"pwb-brand":[1263],"product_brand":[],"product_cat":[738,750,728],"product_tag":[],"giftcard-category":[],"class_list":{"0":"post-74657","1":"product","2":"type-product","3":"status-publish","4":"has-post-thumbnail","6":"pwb-brand-sesderma-lt","7":"product_cat-drekinimas","8":"product_cat-senstanti-oda","9":"product_cat-vitaminas-a-retinolis","11":"first","12":"instock","13":"sale","14":"taxable","15":"shipping-taxable","16":"purchasable","17":"product-type-simple"},"acf":[],"brands":[{"id":1263,"name":"Sesderma","slug":"sesderma-lt"}],"_links":{"self":[{"href":"https:\/\/skinstudio.ee\/lt\/wp-json\/wp\/v2\/product\/74657","targetHints":{"allow":["GET"]}}],"collection":[{"href":"https:\/\/skinstudio.ee\/lt\/wp-json\/wp\/v2\/product"}],"about":[{"href":"https:\/\/skinstudio.ee\/lt\/wp-json\/wp\/v2\/types\/product"}],"version-history":[{"count":1,"href":"https:\/\/skinstudio.ee\/lt\/wp-json\/wp\/v2\/product\/74657\/revisions"}],"predecessor-version":[{"id":74658,"href":"https:\/\/skinstudio.ee\/lt\/wp-json\/wp\/v2\/product\/74657\/revisions\/74658"}],"wp:featuredmedia":[{"embeddable":true,"href":"https:\/\/skinstudio.ee\/lt\/wp-json\/wp\/v2\/media\/74649"}],"wp:attachment":[{"href":"https:\/\/skinstudio.ee\/lt\/wp-json\/wp\/v2\/media?parent=74657"}],"wp:term":[{"taxonomy":"pwb-brand","embeddable":true,"href":"https:\/\/skinstudio.ee\/lt\/wp-json\/wp\/v2\/pwb-brand?post=74657"},{"taxonomy":"product_brand","embeddable":true,"href":"https:\/\/skinstudio.ee\/lt\/wp-json\/wp\/v2\/product_brand?post=74657"},{"taxonomy":"product_cat","embeddable":true,"href":"https:\/\/skinstudio.ee\/lt\/wp-json\/wp\/v2\/product_cat?post=74657"},{"taxonomy":"product_tag","embeddable":true,"href":"https:\/\/skinstudio.ee\/lt\/wp-json\/wp\/v2\/product_tag?post=74657"},{"taxonomy":"giftcard-category","embeddable":true,"href":"https:\/\/skinstudio.ee\/lt\/wp-json\/wp\/v2\/giftcard-category?post=74657"}],"curies":[{"name":"wp","href":"https:\/\/api.w.org\/{rel}","templated":true}]}}