{"id":74675,"date":"2026-01-16T08:32:11","date_gmt":"2026-01-16T08:32:11","guid":{"rendered":"https:\/\/skinstudio.ee\/?post_type=product&#038;p=74675"},"modified":"2026-01-21T13:57:37","modified_gmt":"2026-01-21T13:57:37","slug":"retiage-anti-aging-serum","status":"publish","type":"product","link":"https:\/\/skinstudio.ee\/lt\/catalog\/sesderma-lt\/retiage-anti-aging-serum\/","title":{"rendered":"RETIAGE Anti-Aging Serum"},"content":{"rendered":"<p data-start=\"2022\" data-end=\"2391\"><strong data-start=\"2022\" data-end=\"2063\">RETIAGE Anti-Aging Serum nuo Sesderma<\/strong> yra auk\u0161tos veiksmingumo klas\u0117s sen\u0117jim\u0105 stabdantis serumas, sukurtas visapusi\u0161kam odos atnaujinimui, rauk\u0161li\u0173 korekcijai ir odos tankio bei bendros kokyb\u0117s gerinimui. Formul\u0117 pagr\u012fsta unikalia triguba retinoid\u0173 sistema su palaipsniu atpalaidavimu, leid\u017eian\u010dia efektyviai atnaujinti od\u0105 ir kartu i\u0161likti \u0161velniai jos at\u017evilgiu.<\/p>\n<p data-start=\"2393\" data-end=\"2722\">Serumas veikia bendros odos \u201ekokyb\u0117s\u201c lygmeniu: padeda pagerinti odos tekst\u016br\u0105, palaiko tolygesn\u012f atspalv\u012f ir prisideda prie stangrumo bei vizualinio tankio didinimo. Produkto koncepcija leid\u017eia integruoti retinoidus \u012f odos prie\u017ei\u016br\u0105 neapkraunant odos, tod\u0117l formul\u0117 tinkama reguliariam naudojimui sen\u0117jim\u0105 stabdan\u010dioje rutinoje.<\/p>\n<h3 data-start=\"2724\" data-end=\"2759\">Pagrindini\u0173 komponent\u0173 poveikis<\/h3>\n<ul data-start=\"2760\" data-end=\"3127\">\n<li data-start=\"2760\" data-end=\"2919\">\n<p data-start=\"2762\" data-end=\"2919\"><strong data-start=\"2762\" data-end=\"2837\">Triguba retinoid\u0173 sistema (retinolis, retinalis, retinilo propionatas):<\/strong> u\u017etikrina daugialyp\u012f odos atsinaujinim\u0105 ir ry\u0161ki\u0105 sen\u0117jim\u0105 stabdan\u010di\u0105 korekcij\u0105<\/p>\n<\/li>\n<li data-start=\"2920\" data-end=\"3002\">\n<p data-start=\"2922\" data-end=\"3002\"><strong data-start=\"2922\" data-end=\"2944\">Hialurono r\u016bg\u0161tis:<\/strong> padeda palaikyti optimal\u0173 dr\u0117gm\u0117s lyg\u012f ir odos komfort\u0105<\/p>\n<\/li>\n<li data-start=\"3003\" data-end=\"3127\">\n<p data-start=\"3005\" data-end=\"3127\"><strong data-start=\"3005\" data-end=\"3039\">Resveratrolis ir ergotioninas:<\/strong> suteikia antioksidacin\u0119 apsaug\u0105 ir didina odos atsparum\u0105 i\u0161oriniams streso veiksniams<\/p>\n<\/li>\n<\/ul>\n<p data-start=\"3129\" data-end=\"3379\">Serumas naudojamas odos prie\u017ei\u016broje, kai matomos rauk\u0161l\u0117s, suma\u017e\u0117j\u0119s stangrumas, netolygi tekst\u016bra ir suma\u017e\u0117j\u0119s odos tankis, taip pat kai reikia aktyvinti odos atsinaujinimo procesus ir palaikyti lygesn\u0119, labiau pri\u017ei\u016br\u0117t\u0105 ir tolygesn\u0119 odos i\u0161vaizd\u0105.<\/p>\n<p data-start=\"3381\" data-end=\"3397\"><strong data-start=\"3381\" data-end=\"3391\">T\u016bris:<\/strong> 30 ml<\/p>\n","protected":false},"excerpt":{"rendered":"<p data-start=\"3547\" data-end=\"3589\">Sen\u0117jim\u0105 stabdantis serumas su retinoidais<\/p>\n<h2 data-start=\"3591\" data-end=\"3638\"><strong data-start=\"3591\" data-end=\"3638\">Sesderma &#8211; RETIAGE Anti-Aging Serum Savyb\u0117s<\/strong><\/h2>\n<p data-start=\"3640\" data-end=\"3860\">\u2714\ufe0f Matomai ma\u017eina rauk\u0161li\u0173 i\u0161vaizd\u0105<br data-start=\"3675\" data-end=\"3678\" \/>\u2714\ufe0f Gerina odos stangrum\u0105 ir tank\u012f<br data-start=\"3711\" data-end=\"3714\" \/>\u2714\ufe0f Gerina odos tekst\u016br\u0105 ir sulygina atspalv\u012f<br data-start=\"3758\" data-end=\"3761\" \/>\u2714\ufe0f Palaiko odos atsinaujinimo procesus<br data-start=\"3799\" data-end=\"3802\" \/>\u2714\ufe0f Suteikia odai glotnesn\u0119 ir labiau pri\u017ei\u016br\u0117t\u0105 i\u0161vaizd\u0105<\/p>\n","protected":false},"featured_media":74667,"template":"","meta":[],"pwb-brand":[1263],"product_brand":[],"product_cat":[750,724,728],"product_tag":[],"giftcard-category":[],"class_list":{"0":"post-74675","1":"product","2":"type-product","3":"status-publish","4":"has-post-thumbnail","6":"pwb-brand-sesderma-lt","7":"product_cat-senstanti-oda","8":"product_cat-serumai","9":"product_cat-vitaminas-a-retinolis","11":"first","12":"instock","13":"sale","14":"taxable","15":"shipping-taxable","16":"purchasable","17":"product-type-simple"},"acf":[],"brands":[{"id":1263,"name":"Sesderma","slug":"sesderma-lt"}],"_links":{"self":[{"href":"https:\/\/skinstudio.ee\/lt\/wp-json\/wp\/v2\/product\/74675","targetHints":{"allow":["GET"]}}],"collection":[{"href":"https:\/\/skinstudio.ee\/lt\/wp-json\/wp\/v2\/product"}],"about":[{"href":"https:\/\/skinstudio.ee\/lt\/wp-json\/wp\/v2\/types\/product"}],"version-history":[{"count":1,"href":"https:\/\/skinstudio.ee\/lt\/wp-json\/wp\/v2\/product\/74675\/revisions"}],"predecessor-version":[{"id":74676,"href":"https:\/\/skinstudio.ee\/lt\/wp-json\/wp\/v2\/product\/74675\/revisions\/74676"}],"wp:featuredmedia":[{"embeddable":true,"href":"https:\/\/skinstudio.ee\/lt\/wp-json\/wp\/v2\/media\/74667"}],"wp:attachment":[{"href":"https:\/\/skinstudio.ee\/lt\/wp-json\/wp\/v2\/media?parent=74675"}],"wp:term":[{"taxonomy":"pwb-brand","embeddable":true,"href":"https:\/\/skinstudio.ee\/lt\/wp-json\/wp\/v2\/pwb-brand?post=74675"},{"taxonomy":"product_brand","embeddable":true,"href":"https:\/\/skinstudio.ee\/lt\/wp-json\/wp\/v2\/product_brand?post=74675"},{"taxonomy":"product_cat","embeddable":true,"href":"https:\/\/skinstudio.ee\/lt\/wp-json\/wp\/v2\/product_cat?post=74675"},{"taxonomy":"product_tag","embeddable":true,"href":"https:\/\/skinstudio.ee\/lt\/wp-json\/wp\/v2\/product_tag?post=74675"},{"taxonomy":"giftcard-category","embeddable":true,"href":"https:\/\/skinstudio.ee\/lt\/wp-json\/wp\/v2\/giftcard-category?post=74675"}],"curies":[{"name":"wp","href":"https:\/\/api.w.org\/{rel}","templated":true}]}}