{"id":74691,"date":"2026-01-16T08:41:23","date_gmt":"2026-01-16T08:41:23","guid":{"rendered":"https:\/\/skinstudio.ee\/?post_type=product&#038;p=74691"},"modified":"2026-01-21T13:57:37","modified_gmt":"2026-01-21T13:57:37","slug":"retiage-eye-contour-ceramic","status":"publish","type":"product","link":"https:\/\/skinstudio.ee\/lt\/catalog\/sesderma-lt\/retiage-eye-contour-ceramic\/","title":{"rendered":"RETIAGE Eye Contour Ceramic"},"content":{"rendered":"<p data-start=\"1996\" data-end=\"2375\"><strong data-start=\"1996\" data-end=\"2040\">RETIAGE Eye Contour Ceramic nuo Sesderma<\/strong> yra auk\u0161tos veiksmingumo klas\u0117s sen\u0117jim\u0105 stabdanti priemon\u0117 aki\u0173 kont\u016brui, sukurta rauk\u0161li\u0173 korekcijai, odos tankio gerinimui ir \u0161ios jautrios zonos bendros kokyb\u0117s tobulinimui. Formul\u0117 pagr\u012fsta i\u0161skirtine triguba retinoid\u0173 sistema su palaipsniu atpalaidavimu, leid\u017eian\u010dia veiksmingai, bet kartu \u0161velniai kovoti su sen\u0117jimo po\u017eymiais.<\/p>\n<p data-start=\"2377\" data-end=\"2592\">Produktas skirtas visapusi\u0161kam aki\u0173 kont\u016bro zonos gerinimui: padeda odai tapti lygesnei, stangresnei ir vizualiai tankesnei, ma\u017eina nuovargio po\u017eymius ir suteikia \u017evilgsniui gaivesn\u0119 bei labiau pails\u0117jusi\u0105 i\u0161vaizd\u0105.<\/p>\n<h3 data-start=\"2594\" data-end=\"2629\">Pagrindini\u0173 komponent\u0173 poveikis<\/h3>\n<ul data-start=\"2630\" data-end=\"2979\">\n<li data-start=\"2630\" data-end=\"2790\">\n<p data-start=\"2632\" data-end=\"2790\"><strong data-start=\"2632\" data-end=\"2708\">Triguba retinoid\u0173 sistema (retinolis, retinalis, liposominis retinilas):<\/strong> u\u017etikrina daugialyp\u012f odos atsinaujinim\u0105 ir ry\u0161ki\u0105 sen\u0117jim\u0105 stabdan\u010di\u0105 korekcij\u0105<\/p>\n<\/li>\n<li data-start=\"2791\" data-end=\"2896\">\n<p data-start=\"2793\" data-end=\"2896\"><strong data-start=\"2793\" data-end=\"2821\">Augimo faktorius TGF-\u03b22:<\/strong> palaiko odos atsinaujinim\u0105 ir padeda i\u0161laikyti stangrum\u0105 bei elastingum\u0105<\/p>\n<\/li>\n<li data-start=\"2897\" data-end=\"2979\">\n<p data-start=\"2899\" data-end=\"2979\"><strong data-start=\"2899\" data-end=\"2921\">Hialurono r\u016bg\u0161tis:<\/strong> padeda palaikyti optimal\u0173 dr\u0117gm\u0117s lyg\u012f ir odos komfort\u0105<\/p>\n<\/li>\n<\/ul>\n<p data-start=\"2981\" data-end=\"3250\">Produktas naudojamas aki\u0173 kont\u016bro prie\u017ei\u016broje, kai matomos rauk\u0161l\u0117s ir smulkios linijos, suma\u017e\u0117j\u0119s stangrumas, nuovargio po\u017eymiai, tams\u016bs ratilai ar paburkimas, taip pat kai reikia pagerinti bendr\u0105 odos kokyb\u0119 ir atkurti gaivesn\u0119, labiau pri\u017ei\u016br\u0117t\u0105 aki\u0173 zonos i\u0161vaizd\u0105.<\/p>\n<p data-start=\"3252\" data-end=\"3268\"><strong data-start=\"3252\" data-end=\"3262\">T\u016bris:<\/strong> 15 ml<\/p>\n","protected":false},"excerpt":{"rendered":"<p data-start=\"3421\" data-end=\"3461\">Sen\u0117jim\u0105 stabdantis kremas aki\u0173 kont\u016brui<\/p>\n<h2 data-start=\"3463\" data-end=\"3513\"><strong data-start=\"3463\" data-end=\"3513\">Sesderma &#8211; RETIAGE Eye Contour Ceramic Savyb\u0117s<\/strong><\/h2>\n<p data-start=\"3515\" data-end=\"3800\">\u2714\ufe0f Matomai ma\u017eina rauk\u0161li\u0173 ir smulki\u0173 linij\u0173 i\u0161vaizd\u0105 aplink akis<br data-start=\"3580\" data-end=\"3583\" \/>\u2714\ufe0f Gerina odos stangrum\u0105 ir tank\u012f<br data-start=\"3616\" data-end=\"3619\" \/>\u2714\ufe0f Padeda suma\u017einti tamsius ratilus ir nuovargio po\u017eymius<br data-start=\"3676\" data-end=\"3679\" \/>\u2714\ufe0f Suteikia odai lygesn\u0119 ir labiau pri\u017ei\u016br\u0117t\u0105 i\u0161vaizd\u0105<br data-start=\"3733\" data-end=\"3736\" \/>\u2714\ufe0f Suteikia \u017evilgsniui gaivesn\u0119 ir labiau pails\u0117jusi\u0105 i\u0161vaizd\u0105<\/p>\n","protected":false},"featured_media":74682,"template":"","meta":[],"pwb-brand":[1263],"product_brand":[],"product_cat":[734,728],"product_tag":[],"giftcard-category":[],"class_list":{"0":"post-74691","1":"product","2":"type-product","3":"status-publish","4":"has-post-thumbnail","6":"pwb-brand-sesderma-lt","7":"product_cat-oda-aplink-akis","8":"product_cat-vitaminas-a-retinolis","10":"first","11":"instock","12":"sale","13":"taxable","14":"shipping-taxable","15":"purchasable","16":"product-type-simple"},"acf":[],"brands":[{"id":1263,"name":"Sesderma","slug":"sesderma-lt"}],"_links":{"self":[{"href":"https:\/\/skinstudio.ee\/lt\/wp-json\/wp\/v2\/product\/74691","targetHints":{"allow":["GET"]}}],"collection":[{"href":"https:\/\/skinstudio.ee\/lt\/wp-json\/wp\/v2\/product"}],"about":[{"href":"https:\/\/skinstudio.ee\/lt\/wp-json\/wp\/v2\/types\/product"}],"version-history":[{"count":1,"href":"https:\/\/skinstudio.ee\/lt\/wp-json\/wp\/v2\/product\/74691\/revisions"}],"predecessor-version":[{"id":74692,"href":"https:\/\/skinstudio.ee\/lt\/wp-json\/wp\/v2\/product\/74691\/revisions\/74692"}],"wp:featuredmedia":[{"embeddable":true,"href":"https:\/\/skinstudio.ee\/lt\/wp-json\/wp\/v2\/media\/74682"}],"wp:attachment":[{"href":"https:\/\/skinstudio.ee\/lt\/wp-json\/wp\/v2\/media?parent=74691"}],"wp:term":[{"taxonomy":"pwb-brand","embeddable":true,"href":"https:\/\/skinstudio.ee\/lt\/wp-json\/wp\/v2\/pwb-brand?post=74691"},{"taxonomy":"product_brand","embeddable":true,"href":"https:\/\/skinstudio.ee\/lt\/wp-json\/wp\/v2\/product_brand?post=74691"},{"taxonomy":"product_cat","embeddable":true,"href":"https:\/\/skinstudio.ee\/lt\/wp-json\/wp\/v2\/product_cat?post=74691"},{"taxonomy":"product_tag","embeddable":true,"href":"https:\/\/skinstudio.ee\/lt\/wp-json\/wp\/v2\/product_tag?post=74691"},{"taxonomy":"giftcard-category","embeddable":true,"href":"https:\/\/skinstudio.ee\/lt\/wp-json\/wp\/v2\/giftcard-category?post=74691"}],"curies":[{"name":"wp","href":"https:\/\/api.w.org\/{rel}","templated":true}]}}