{"id":74707,"date":"2026-01-16T08:48:14","date_gmt":"2026-01-16T08:48:14","guid":{"rendered":"https:\/\/skinstudio.ee\/?post_type=product&#038;p=74707"},"modified":"2026-01-21T13:57:37","modified_gmt":"2026-01-21T13:57:37","slug":"retises-antiwrinkle-cream-forte-05","status":"publish","type":"product","link":"https:\/\/skinstudio.ee\/lt\/catalog\/sesderma-lt\/retises-antiwrinkle-cream-forte-05\/","title":{"rendered":"RETISES Antiwrinkle Cream Forte 0,5"},"content":{"rendered":"<p data-start=\"2173\" data-end=\"2548\"><strong data-start=\"2173\" data-end=\"2221\">RETISES Antiwrinkle Cream Forte nuo Sesderma<\/strong> yra intensyvus sen\u0117jim\u0105 stabdantis kremas su didele retinoid\u0173 ir vitamino C koncentracija, sukurtas giliam odos atnaujinimui, rauk\u0161li\u0173 korekcijai ir bendrai odos kokybei pagerinti. Formul\u0117 skirta aktyviai skatinti odos atsinaujinimo procesus, gerinti odos tekst\u016br\u0105 ir atkurti lygesn\u0119, gaivesn\u0119 bei vizualiai tankesn\u0119 i\u0161vaizd\u0105.<\/p>\n<p data-start=\"2550\" data-end=\"2883\">Kremas veikia kaip giliai atnaujinanti prie\u017ei\u016bra: padeda paspartinti odos atsinaujinim\u0105, matomai suma\u017eina rauk\u0161li\u0173 i\u0161vaizd\u0105, ma\u017eina sausumo po\u017eymius ir suteikia odai lygesn\u0119 bei labiau pri\u017ei\u016br\u0117t\u0105 i\u0161vaizd\u0105. Produkto koncepcija numato laipsni\u0161k\u0105 \u012fvedim\u0105 \u012f prie\u017ei\u016bros rutin\u0105, leid\u017eiant odai patogiai prisitaikyti prie aktyvios formul\u0117s.<\/p>\n<h3 data-start=\"2885\" data-end=\"2920\">Pagrindini\u0173 komponent\u0173 poveikis<\/h3>\n<ul data-start=\"2921\" data-end=\"3278\">\n<li data-start=\"2921\" data-end=\"3079\">\n<p data-start=\"2923\" data-end=\"3079\"><strong data-start=\"2923\" data-end=\"3008\">Retinoid\u0173 sistema (retinolis, retinilpropionatas, hidroksipinakolono retinoatas):<\/strong> u\u017etikrina daugialyp\u012f odos atsinaujinim\u0105 ir ry\u0161ki\u0105 rauk\u0161li\u0173 korekcij\u0105<\/p>\n<\/li>\n<li data-start=\"3080\" data-end=\"3192\">\n<p data-start=\"3082\" data-end=\"3192\"><strong data-start=\"3082\" data-end=\"3122\">Vitaminas C (askorbilo gliukozidas):<\/strong> padeda pagerinti odos ton\u0105 ir palaiko gaivesn\u0119, skaistesn\u0119 i\u0161vaizd\u0105<\/p>\n<\/li>\n<li data-start=\"3193\" data-end=\"3278\">\n<p data-start=\"3195\" data-end=\"3278\"><strong data-start=\"3195\" data-end=\"3222\">Palmitoyl Tripeptide-1:<\/strong> palaiko odos tank\u012f ir padeda pagerinti odos strukt\u016br\u0105<\/p>\n<\/li>\n<\/ul>\n<p data-start=\"3280\" data-end=\"3482\">Kremas naudojamas, kai yra ry\u0161kios rauk\u0161l\u0117s, nelygi tekst\u016bra, papilk\u0117j\u0119s tonas ir suma\u017e\u0117j\u0119s odos tankis, taip pat kai reikia aktyvinti intensyvius atsinaujinimo procesus ir pagerinti bendr\u0105 odos kokyb\u0119.<\/p>\n<p data-start=\"3484\" data-end=\"3500\"><strong data-start=\"3484\" data-end=\"3494\">T\u016bris:<\/strong> 30 ml<\/p>\n","protected":false},"excerpt":{"rendered":"<p data-start=\"3787\" data-end=\"3839\">Intensyvus sen\u0117jim\u0105 stabdantis kremas su retinoidais<\/p>\n<h2 data-start=\"3841\" data-end=\"3895\"><strong data-start=\"3841\" data-end=\"3895\">Sesderma &#8211; RETISES Antiwrinkle Cream Forte Savyb\u0117s<\/strong><\/h2>\n<p data-start=\"3897\" data-end=\"4127\">\u2714\ufe0f Intensyviai skatina odos atsinaujinim\u0105<br data-start=\"3938\" data-end=\"3941\" \/>\u2714\ufe0f Matomai ma\u017eina rauk\u0161li\u0173 i\u0161vaizd\u0105<br data-start=\"3976\" data-end=\"3979\" \/>\u2714\ufe0f Gerina odos tekst\u016br\u0105 ir tank\u012f<br data-start=\"4011\" data-end=\"4014\" \/>\u2714\ufe0f Padeda i\u0161lyginti odos ton\u0105 ir suteikti odai glotnumo<br data-start=\"4069\" data-end=\"4072\" \/>\u2714\ufe0f Pagerina bendr\u0105 odos kokyb\u0119 ir pri\u017ei\u016br\u0117t\u0105 i\u0161vaizd\u0105<\/p>\n","protected":false},"featured_media":74698,"template":"","meta":[],"pwb-brand":[1263],"product_brand":[],"product_cat":[738,750,728],"product_tag":[],"giftcard-category":[],"class_list":{"0":"post-74707","1":"product","2":"type-product","3":"status-publish","4":"has-post-thumbnail","6":"pwb-brand-sesderma-lt","7":"product_cat-drekinimas","8":"product_cat-senstanti-oda","9":"product_cat-vitaminas-a-retinolis","11":"first","12":"instock","13":"sale","14":"taxable","15":"shipping-taxable","16":"purchasable","17":"product-type-simple"},"acf":[],"brands":[{"id":1263,"name":"Sesderma","slug":"sesderma-lt"}],"_links":{"self":[{"href":"https:\/\/skinstudio.ee\/lt\/wp-json\/wp\/v2\/product\/74707","targetHints":{"allow":["GET"]}}],"collection":[{"href":"https:\/\/skinstudio.ee\/lt\/wp-json\/wp\/v2\/product"}],"about":[{"href":"https:\/\/skinstudio.ee\/lt\/wp-json\/wp\/v2\/types\/product"}],"version-history":[{"count":1,"href":"https:\/\/skinstudio.ee\/lt\/wp-json\/wp\/v2\/product\/74707\/revisions"}],"predecessor-version":[{"id":74708,"href":"https:\/\/skinstudio.ee\/lt\/wp-json\/wp\/v2\/product\/74707\/revisions\/74708"}],"wp:featuredmedia":[{"embeddable":true,"href":"https:\/\/skinstudio.ee\/lt\/wp-json\/wp\/v2\/media\/74698"}],"wp:attachment":[{"href":"https:\/\/skinstudio.ee\/lt\/wp-json\/wp\/v2\/media?parent=74707"}],"wp:term":[{"taxonomy":"pwb-brand","embeddable":true,"href":"https:\/\/skinstudio.ee\/lt\/wp-json\/wp\/v2\/pwb-brand?post=74707"},{"taxonomy":"product_brand","embeddable":true,"href":"https:\/\/skinstudio.ee\/lt\/wp-json\/wp\/v2\/product_brand?post=74707"},{"taxonomy":"product_cat","embeddable":true,"href":"https:\/\/skinstudio.ee\/lt\/wp-json\/wp\/v2\/product_cat?post=74707"},{"taxonomy":"product_tag","embeddable":true,"href":"https:\/\/skinstudio.ee\/lt\/wp-json\/wp\/v2\/product_tag?post=74707"},{"taxonomy":"giftcard-category","embeddable":true,"href":"https:\/\/skinstudio.ee\/lt\/wp-json\/wp\/v2\/giftcard-category?post=74707"}],"curies":[{"name":"wp","href":"https:\/\/api.w.org\/{rel}","templated":true}]}}