{"id":74723,"date":"2026-01-16T09:12:16","date_gmt":"2026-01-16T09:12:16","guid":{"rendered":"https:\/\/skinstudio.ee\/?post_type=product&#038;p=74723"},"modified":"2026-01-21T13:57:38","modified_gmt":"2026-01-21T13:57:38","slug":"retisil-pro-ageing-oil","status":"publish","type":"product","link":"https:\/\/skinstudio.ee\/lt\/catalog\/sesderma-lt\/retisil-pro-ageing-oil\/","title":{"rendered":"RETISIL Pro Ageing Oil"},"content":{"rendered":"<p data-start=\"1842\" data-end=\"2176\"><strong data-start=\"1842\" data-end=\"1881\">RETISIL Pro Ageing Oil nuo Sesderma<\/strong> yra intensyvus pro-age veido aliejus, sukurtas odos stiprinimui, jos tankio gerinimui ir matomam rauk\u0161li\u0173 i\u0161vaizdos ma\u017einimui. Formul\u0117 skirta visapusi\u0161kam odos kokyb\u0117s gerinimui: padeda padaryti od\u0105 lygesn\u0119, stangresn\u0119 ir vizualiai jaunatvi\u0161kesn\u0119, kartu gerina bendr\u0105 odos ton\u0105 ir dr\u0117gm\u0117s lyg\u012f.<\/p>\n<p data-start=\"2178\" data-end=\"2409\">Produktas veikia kaip stiprinamoji ir atkuriamoji prie\u017ei\u016bra, palaikanti od\u0105 su am\u017eiumi susijusi\u0173 poky\u010di\u0173 metu, padedanti atkurti labiau pri\u017ei\u016br\u0117t\u0105, tolygesn\u0119 ir \u0161vytin\u010di\u0105 i\u0161vaizd\u0105 bei suteikianti odai \u0161velnesn\u0119 ir lygesn\u0119 tekst\u016br\u0105.<\/p>\n<p data-start=\"2438\" data-end=\"2485\"><strong data-start=\"2438\" data-end=\"2485\">Po 28 dien\u0173 naudojimo vartotojai pasteb\u0117jo:<\/strong><\/p>\n<ul data-start=\"2486\" data-end=\"2765\">\n<li data-start=\"2486\" data-end=\"2531\">\n<p data-start=\"2488\" data-end=\"2531\"><strong data-start=\"2488\" data-end=\"2495\">90%<\/strong> \u2014 oda tapo tvirtesn\u0117 ir stipresn\u0117<\/p>\n<\/li>\n<li data-start=\"2532\" data-end=\"2572\">\n<p data-start=\"2534\" data-end=\"2572\"><strong data-start=\"2534\" data-end=\"2541\">97%<\/strong> \u2014 pager\u0117jo odos elastingumas<\/p>\n<\/li>\n<li data-start=\"2573\" data-end=\"2610\">\n<p data-start=\"2575\" data-end=\"2610\"><strong data-start=\"2575\" data-end=\"2582\">82%<\/strong> \u2014 suma\u017e\u0117jo rauk\u0161li\u0173 gylis<\/p>\n<\/li>\n<li data-start=\"2611\" data-end=\"2644\">\n<p data-start=\"2613\" data-end=\"2644\"><strong data-start=\"2613\" data-end=\"2620\">92%<\/strong> \u2014 oda atrod\u0117 gaivesn\u0117<\/p>\n<\/li>\n<li data-start=\"2645\" data-end=\"2687\">\n<p data-start=\"2647\" data-end=\"2687\"><strong data-start=\"2647\" data-end=\"2655\">100%<\/strong> \u2014 padid\u0117jo odos dr\u0117gm\u0117s lygis<\/p>\n<\/li>\n<li data-start=\"2688\" data-end=\"2765\">\n<p data-start=\"2690\" data-end=\"2765\"><strong data-start=\"2690\" data-end=\"2698\">100%<\/strong> vartotoj\u0173 produkt\u0105 toleravo gerai ir rekomenduot\u0173 RETISIL linij\u0105<\/p>\n<\/li>\n<\/ul>\n<p data-start=\"2767\" data-end=\"2862\">* Subjektyvus 38 vyr\u0173 ir moter\u0173, naudojusi\u0173 RETISIL produktus du kartus per dien\u0105, vertinimas.<\/p>\n<p data-start=\"2864\" data-end=\"3070\">Produktas naudojamas, kai suma\u017e\u0117j\u0119s odos stangrumas, matomos rauk\u0161l\u0117s, papilk\u0117j\u0119s tonas ir dehidratacija, taip pat kai reikia pagerinti bendr\u0105 odos kokyb\u0119 ir atkurti labiau pri\u017ei\u016br\u0117t\u0105 bei gaivesn\u0119 i\u0161vaizd\u0105.<\/p>\n<p data-start=\"3072\" data-end=\"3088\"><strong data-start=\"3072\" data-end=\"3082\">T\u016bris:<\/strong> 30 ml<\/p>\n","protected":false},"excerpt":{"rendered":"<p data-start=\"3200\" data-end=\"3232\">Intensyvus pro-age veido aliejus<\/p>\n<h2 data-start=\"3234\" data-end=\"3279\"><strong data-start=\"3234\" data-end=\"3279\">Sesderma &#8211; RETISIL Pro Ageing Oil Savyb\u0117s<\/strong><\/h2>\n<p data-start=\"3281\" data-end=\"3507\">\u2714\ufe0f Stiprina ir gerina odos tank\u012f<br data-start=\"3313\" data-end=\"3316\" \/>\u2714\ufe0f Matomai ma\u017eina rauk\u0161li\u0173 i\u0161vaizd\u0105<br data-start=\"3351\" data-end=\"3354\" \/>\u2714\ufe0f Gerina odos stangrum\u0105 ir elastingum\u0105<br data-start=\"3393\" data-end=\"3396\" \/>\u2714\ufe0f Padeda i\u0161lyginti odos ton\u0105 ir pagerinti bendr\u0105 i\u0161vaizd\u0105<br data-start=\"3454\" data-end=\"3457\" \/>\u2714\ufe0f Intensyviai dr\u0117kina ir suteikia odai glotnumo<\/p>\n","protected":false},"featured_media":74714,"template":"","meta":[],"pwb-brand":[1263],"product_brand":[],"product_cat":[738,750,728],"product_tag":[],"giftcard-category":[],"class_list":{"0":"post-74723","1":"product","2":"type-product","3":"status-publish","4":"has-post-thumbnail","6":"pwb-brand-sesderma-lt","7":"product_cat-drekinimas","8":"product_cat-senstanti-oda","9":"product_cat-vitaminas-a-retinolis","11":"first","12":"instock","13":"taxable","14":"shipping-taxable","15":"purchasable","16":"product-type-simple"},"acf":[],"brands":[{"id":1263,"name":"Sesderma","slug":"sesderma-lt"}],"_links":{"self":[{"href":"https:\/\/skinstudio.ee\/lt\/wp-json\/wp\/v2\/product\/74723","targetHints":{"allow":["GET"]}}],"collection":[{"href":"https:\/\/skinstudio.ee\/lt\/wp-json\/wp\/v2\/product"}],"about":[{"href":"https:\/\/skinstudio.ee\/lt\/wp-json\/wp\/v2\/types\/product"}],"version-history":[{"count":1,"href":"https:\/\/skinstudio.ee\/lt\/wp-json\/wp\/v2\/product\/74723\/revisions"}],"predecessor-version":[{"id":74724,"href":"https:\/\/skinstudio.ee\/lt\/wp-json\/wp\/v2\/product\/74723\/revisions\/74724"}],"wp:featuredmedia":[{"embeddable":true,"href":"https:\/\/skinstudio.ee\/lt\/wp-json\/wp\/v2\/media\/74714"}],"wp:attachment":[{"href":"https:\/\/skinstudio.ee\/lt\/wp-json\/wp\/v2\/media?parent=74723"}],"wp:term":[{"taxonomy":"pwb-brand","embeddable":true,"href":"https:\/\/skinstudio.ee\/lt\/wp-json\/wp\/v2\/pwb-brand?post=74723"},{"taxonomy":"product_brand","embeddable":true,"href":"https:\/\/skinstudio.ee\/lt\/wp-json\/wp\/v2\/product_brand?post=74723"},{"taxonomy":"product_cat","embeddable":true,"href":"https:\/\/skinstudio.ee\/lt\/wp-json\/wp\/v2\/product_cat?post=74723"},{"taxonomy":"product_tag","embeddable":true,"href":"https:\/\/skinstudio.ee\/lt\/wp-json\/wp\/v2\/product_tag?post=74723"},{"taxonomy":"giftcard-category","embeddable":true,"href":"https:\/\/skinstudio.ee\/lt\/wp-json\/wp\/v2\/giftcard-category?post=74723"}],"curies":[{"name":"wp","href":"https:\/\/api.w.org\/{rel}","templated":true}]}}