{"id":74739,"date":"2026-01-16T09:22:53","date_gmt":"2026-01-16T09:22:53","guid":{"rendered":"https:\/\/skinstudio.ee\/?post_type=product&#038;p=74739"},"modified":"2026-01-21T13:57:38","modified_gmt":"2026-01-21T13:57:38","slug":"retisil-pro-aging-cream","status":"publish","type":"product","link":"https:\/\/skinstudio.ee\/lt\/catalog\/sesderma-lt\/retisil-pro-aging-cream\/","title":{"rendered":"RETISIL Pro Aging Cream"},"content":{"rendered":"<p data-start=\"1855\" data-end=\"2227\"><strong data-start=\"1855\" data-end=\"1895\">RETISIL Pro Aging Cream nuo Sesderma<\/strong> yra intensyvus pro-age veido kremas, sukurtas odos stiprinimui, jos tankio gerinimui ir matomam rauk\u0161li\u0173 i\u0161vaizdos ma\u017einimui. Formul\u0117 skirta visapusi\u0161kam odos kokyb\u0117s gerinimui: padeda padaryti od\u0105 lygesn\u0119, stangresn\u0119 ir labiau pri\u017ei\u016br\u0117t\u0105, gerina bendr\u0105 odos ton\u0105 ir dr\u0117gm\u0117s lyg\u012f bei atkuria skaistesn\u0119, labiau pri\u017ei\u016br\u0117t\u0105 i\u0161vaizd\u0105.<\/p>\n<p data-start=\"2229\" data-end=\"2400\">Kremas veikia kaip stiprinamoji ir atkuriamoji prie\u017ei\u016bra, palaikanti od\u0105 su am\u017eiumi susijusi\u0173 poky\u010di\u0173 metu ir padedanti pagerinti odos tekst\u016br\u0105, tank\u012f bei bendr\u0105 i\u0161vaizd\u0105.<\/p>\n<p data-start=\"2429\" data-end=\"2476\"><strong data-start=\"2429\" data-end=\"2476\">Po 28 dien\u0173 naudojimo vartotojai pasteb\u0117jo:<\/strong><\/p>\n<ul data-start=\"2477\" data-end=\"2761\">\n<li data-start=\"2477\" data-end=\"2515\">\n<p data-start=\"2479\" data-end=\"2515\"><strong data-start=\"2479\" data-end=\"2486\">90%<\/strong> \u2014 pager\u0117jo odos stangrumas<\/p>\n<\/li>\n<li data-start=\"2516\" data-end=\"2556\">\n<p data-start=\"2518\" data-end=\"2556\"><strong data-start=\"2518\" data-end=\"2525\">97%<\/strong> \u2014 pager\u0117jo odos elastingumas<\/p>\n<\/li>\n<li data-start=\"2557\" data-end=\"2594\">\n<p data-start=\"2559\" data-end=\"2594\"><strong data-start=\"2559\" data-end=\"2566\">82%<\/strong> \u2014 suma\u017e\u0117jo rauk\u0161li\u0173 gylis<\/p>\n<\/li>\n<li data-start=\"2595\" data-end=\"2641\">\n<p data-start=\"2597\" data-end=\"2641\"><strong data-start=\"2597\" data-end=\"2604\">92%<\/strong> \u2014 oda atrod\u0117 \u0161viesesn\u0117 ir gaivesn\u0117<\/p>\n<\/li>\n<li data-start=\"2642\" data-end=\"2684\">\n<p data-start=\"2644\" data-end=\"2684\"><strong data-start=\"2644\" data-end=\"2652\">100%<\/strong> \u2014 padid\u0117jo odos dr\u0117gm\u0117s lygis<\/p>\n<\/li>\n<li data-start=\"2685\" data-end=\"2761\">\n<p data-start=\"2687\" data-end=\"2761\"><strong data-start=\"2687\" data-end=\"2695\">100%<\/strong> vartotoj\u0173 produkt\u0105 toleravo gerai ir rekomenduot\u0173 RETISIL krem\u0105<\/p>\n<\/li>\n<\/ul>\n<p data-start=\"2763\" data-end=\"2864\">* Subjektyvus 38 vyr\u0173 ir moter\u0173, naudojusi\u0173 RETISIL Pro Aging Cream du kartus per dien\u0105, vertinimas.<\/p>\n<p data-start=\"2866\" data-end=\"3072\">Produktas naudojamas, kai suma\u017e\u0117j\u0119s odos stangrumas, matomos rauk\u0161l\u0117s, papilk\u0117j\u0119s tonas ir dehidratacija, taip pat kai reikia pagerinti bendr\u0105 odos kokyb\u0119 ir atkurti labiau pri\u017ei\u016br\u0117t\u0105 bei gaivesn\u0119 i\u0161vaizd\u0105.<\/p>\n<p data-start=\"3074\" data-end=\"3090\"><strong data-start=\"3074\" data-end=\"3084\">T\u016bris:<\/strong> 50 ml<\/p>\n","protected":false},"excerpt":{"rendered":"<p data-start=\"3201\" data-end=\"3232\">Intensyvus pro-age veido kremas<\/p>\n<h2 data-start=\"3234\" data-end=\"3280\"><strong data-start=\"3234\" data-end=\"3280\">Sesderma &#8211; RETISIL Pro Aging Cream Savyb\u0117s<\/strong><\/h2>\n<p data-start=\"3282\" data-end=\"3494\">\u2714\ufe0f I\u0161lygina odos ton\u0105 ir pagerina bendr\u0105 i\u0161vaizd\u0105<br data-start=\"3331\" data-end=\"3334\" \/>\u2714\ufe0f Matomai ma\u017eina rauk\u0161li\u0173 i\u0161vaizd\u0105<br data-start=\"3369\" data-end=\"3372\" \/>\u2714\ufe0f Gerina odos stangrum\u0105 ir tank\u012f<br data-start=\"3405\" data-end=\"3408\" \/>\u2714\ufe0f Gerina odos tekst\u016br\u0105 ir glotnum\u0105<br data-start=\"3443\" data-end=\"3446\" \/>\u2714\ufe0f Padeda palaikyti optimal\u0173 odos dr\u0117gm\u0117s lyg\u012f<\/p>\n","protected":false},"featured_media":74730,"template":"","meta":[],"pwb-brand":[1263],"product_brand":[],"product_cat":[738,750,728],"product_tag":[],"giftcard-category":[],"class_list":{"0":"post-74739","1":"product","2":"type-product","3":"status-publish","4":"has-post-thumbnail","6":"pwb-brand-sesderma-lt","7":"product_cat-drekinimas","8":"product_cat-senstanti-oda","9":"product_cat-vitaminas-a-retinolis","11":"first","12":"instock","13":"sale","14":"taxable","15":"shipping-taxable","16":"purchasable","17":"product-type-simple"},"acf":[],"brands":[{"id":1263,"name":"Sesderma","slug":"sesderma-lt"}],"_links":{"self":[{"href":"https:\/\/skinstudio.ee\/lt\/wp-json\/wp\/v2\/product\/74739","targetHints":{"allow":["GET"]}}],"collection":[{"href":"https:\/\/skinstudio.ee\/lt\/wp-json\/wp\/v2\/product"}],"about":[{"href":"https:\/\/skinstudio.ee\/lt\/wp-json\/wp\/v2\/types\/product"}],"version-history":[{"count":1,"href":"https:\/\/skinstudio.ee\/lt\/wp-json\/wp\/v2\/product\/74739\/revisions"}],"predecessor-version":[{"id":74740,"href":"https:\/\/skinstudio.ee\/lt\/wp-json\/wp\/v2\/product\/74739\/revisions\/74740"}],"wp:featuredmedia":[{"embeddable":true,"href":"https:\/\/skinstudio.ee\/lt\/wp-json\/wp\/v2\/media\/74730"}],"wp:attachment":[{"href":"https:\/\/skinstudio.ee\/lt\/wp-json\/wp\/v2\/media?parent=74739"}],"wp:term":[{"taxonomy":"pwb-brand","embeddable":true,"href":"https:\/\/skinstudio.ee\/lt\/wp-json\/wp\/v2\/pwb-brand?post=74739"},{"taxonomy":"product_brand","embeddable":true,"href":"https:\/\/skinstudio.ee\/lt\/wp-json\/wp\/v2\/product_brand?post=74739"},{"taxonomy":"product_cat","embeddable":true,"href":"https:\/\/skinstudio.ee\/lt\/wp-json\/wp\/v2\/product_cat?post=74739"},{"taxonomy":"product_tag","embeddable":true,"href":"https:\/\/skinstudio.ee\/lt\/wp-json\/wp\/v2\/product_tag?post=74739"},{"taxonomy":"giftcard-category","embeddable":true,"href":"https:\/\/skinstudio.ee\/lt\/wp-json\/wp\/v2\/giftcard-category?post=74739"}],"curies":[{"name":"wp","href":"https:\/\/api.w.org\/{rel}","templated":true}]}}