{"id":74754,"date":"2026-01-16T09:31:50","date_gmt":"2026-01-16T09:31:50","guid":{"rendered":"https:\/\/skinstudio.ee\/?post_type=product&#038;p=74754"},"modified":"2026-01-21T13:57:38","modified_gmt":"2026-01-21T13:57:38","slug":"retisil-pro-aging-eye-and-lip-contour","status":"publish","type":"product","link":"https:\/\/skinstudio.ee\/lt\/catalog\/sesderma-lt\/retisil-pro-aging-eye-and-lip-contour\/","title":{"rendered":"RETISIL Pro Aging Eye and Lip Contour"},"content":{"rendered":"<p data-start=\"1873\" data-end=\"2198\"><strong data-start=\"1873\" data-end=\"1927\">RETISIL Pro Aging Eye and Lip Contour nuo Sesderma<\/strong> yra intensyvus pro-age kremas aki\u0173 ir l\u016bp\u0173 kont\u016brui, sukurtas ma\u017einti rauk\u0161li\u0173 matomum\u0105, gerinti odos stangrum\u0105 ir koreguoti nuovargio po\u017eymius. Formul\u0117 skirta visapusi\u0161kam odos kokyb\u0117s gerinimui jautriausiose veido zonose, kur sen\u0117jimo po\u017eymiai pasirei\u0161kia ypa\u010d anksti.<\/p>\n<p data-start=\"2200\" data-end=\"2403\">Produktas padeda pagerinti odos i\u0161vaizd\u0105 aplink akis ir l\u016bpas, suteikdamas jai glotnesn\u0119, geriau sudr\u0117kint\u0105 ir labiau pri\u017ei\u016br\u0117t\u0105 i\u0161vaizd\u0105, taip pat padeda suma\u017einti tamsius ratilus ir nuovargio po\u017eymius.<\/p>\n<p data-start=\"2405\" data-end=\"2452\"><strong data-start=\"2405\" data-end=\"2452\">Po 28 dien\u0173 naudojimo vartotojai pasteb\u0117jo:<\/strong><\/p>\n<ul data-start=\"2454\" data-end=\"2801\">\n<li data-start=\"2454\" data-end=\"2517\">\n<p data-start=\"2456\" data-end=\"2517\"><strong data-start=\"2456\" data-end=\"2463\">78%<\/strong> \u2014 pager\u0117jo \u201e\u017e\u0105s\u0173 kojeli\u0173\u201c i\u0161vaizda aki\u0173 kampu\u010diuose<\/p>\n<\/li>\n<li data-start=\"2518\" data-end=\"2563\">\n<p data-start=\"2520\" data-end=\"2563\"><strong data-start=\"2520\" data-end=\"2527\">76%<\/strong> \u2014 pager\u0117jo tamsi\u0173 ratil\u0173 i\u0161vaizda<\/p>\n<\/li>\n<li data-start=\"2564\" data-end=\"2605\">\n<p data-start=\"2566\" data-end=\"2605\"><strong data-start=\"2566\" data-end=\"2573\">74%<\/strong> \u2014 suma\u017e\u0117jo nuovargio po\u017eymiai<\/p>\n<\/li>\n<li data-start=\"2606\" data-end=\"2658\">\n<p data-start=\"2608\" data-end=\"2658\"><strong data-start=\"2608\" data-end=\"2615\">71%<\/strong> \u2014 suma\u017e\u0117jo rauk\u0161li\u0173 i\u0161vaizda aplink akis<\/p>\n<\/li>\n<li data-start=\"2659\" data-end=\"2710\">\n<p data-start=\"2661\" data-end=\"2710\"><strong data-start=\"2661\" data-end=\"2668\">95%<\/strong> \u2014 padid\u0117jo aki\u0173 srities odos dr\u0117kinimas<\/p>\n<\/li>\n<li data-start=\"2711\" data-end=\"2801\">\n<p data-start=\"2713\" data-end=\"2801\"><strong data-start=\"2713\" data-end=\"2721\">100%<\/strong> vartotoj\u0173 produkt\u0105 toleravo gerai ir rekomenduot\u0173 RETISIL Eye and Lip Contour<\/p>\n<\/li>\n<\/ul>\n<p data-start=\"2803\" data-end=\"2918\">* Subjektyvus 38 vyr\u0173 ir moter\u0173, naudojusi\u0173 RETISIL Pro Aging Eye and Lip Contour du kartus per dien\u0105, vertinimas.<\/p>\n<p data-start=\"2920\" data-end=\"3129\">Produktas naudojamas aki\u0173 ir l\u016bp\u0173 kont\u016bro prie\u017ei\u016broje, kai matomos rauk\u0161l\u0117s, mimikos linijos, tams\u016bs ratilai, nuovargio po\u017eymiai ir dehidratacija, taip pat kai reikia pagerinti bendr\u0105 odos kokyb\u0119 \u0161iose zonose.<\/p>\n<p data-start=\"3131\" data-end=\"3147\"><strong data-start=\"3131\" data-end=\"3141\">T\u016bris:<\/strong> 30 ml<\/p>\n","protected":false},"excerpt":{"rendered":"<p data-start=\"3292\" data-end=\"3339\">Intensyvus pro-age kremas aki\u0173 ir l\u016bp\u0173 kont\u016brui<\/p>\n<h2 data-start=\"3341\" data-end=\"3401\"><strong data-start=\"3341\" data-end=\"3401\">Sesderma &#8211; RETISIL Pro Aging Eye and Lip Contour Savyb\u0117s<\/strong><\/h2>\n<p data-start=\"3403\" data-end=\"3619\">\u2714\ufe0f Matomai ma\u017eina rauk\u0161li\u0173 ir mimikos linij\u0173 i\u0161vaizd\u0105<br data-start=\"3456\" data-end=\"3459\" \/>\u2714\ufe0f Gerina tamsi\u0173 ratil\u0173 i\u0161vaizd\u0105<br data-start=\"3491\" data-end=\"3494\" \/>\u2714\ufe0f Gerina odos stangrum\u0105<br data-start=\"3518\" data-end=\"3521\" \/>\u2714\ufe0f Intensyviai dr\u0117kina jautrias zonas<br data-start=\"3558\" data-end=\"3561\" \/>\u2714\ufe0f Suteikia odai glotnesn\u0119 ir labiau pri\u017ei\u016br\u0117t\u0105 i\u0161vaizd\u0105<\/p>\n","protected":false},"featured_media":74746,"template":"","meta":[],"pwb-brand":[1263],"product_brand":[],"product_cat":[738,750,728],"product_tag":[],"giftcard-category":[],"class_list":{"0":"post-74754","1":"product","2":"type-product","3":"status-publish","4":"has-post-thumbnail","6":"pwb-brand-sesderma-lt","7":"product_cat-drekinimas","8":"product_cat-senstanti-oda","9":"product_cat-vitaminas-a-retinolis","11":"first","12":"instock","13":"sale","14":"taxable","15":"shipping-taxable","16":"purchasable","17":"product-type-simple"},"acf":[],"brands":[{"id":1263,"name":"Sesderma","slug":"sesderma-lt"}],"_links":{"self":[{"href":"https:\/\/skinstudio.ee\/lt\/wp-json\/wp\/v2\/product\/74754","targetHints":{"allow":["GET"]}}],"collection":[{"href":"https:\/\/skinstudio.ee\/lt\/wp-json\/wp\/v2\/product"}],"about":[{"href":"https:\/\/skinstudio.ee\/lt\/wp-json\/wp\/v2\/types\/product"}],"version-history":[{"count":1,"href":"https:\/\/skinstudio.ee\/lt\/wp-json\/wp\/v2\/product\/74754\/revisions"}],"predecessor-version":[{"id":74755,"href":"https:\/\/skinstudio.ee\/lt\/wp-json\/wp\/v2\/product\/74754\/revisions\/74755"}],"wp:featuredmedia":[{"embeddable":true,"href":"https:\/\/skinstudio.ee\/lt\/wp-json\/wp\/v2\/media\/74746"}],"wp:attachment":[{"href":"https:\/\/skinstudio.ee\/lt\/wp-json\/wp\/v2\/media?parent=74754"}],"wp:term":[{"taxonomy":"pwb-brand","embeddable":true,"href":"https:\/\/skinstudio.ee\/lt\/wp-json\/wp\/v2\/pwb-brand?post=74754"},{"taxonomy":"product_brand","embeddable":true,"href":"https:\/\/skinstudio.ee\/lt\/wp-json\/wp\/v2\/product_brand?post=74754"},{"taxonomy":"product_cat","embeddable":true,"href":"https:\/\/skinstudio.ee\/lt\/wp-json\/wp\/v2\/product_cat?post=74754"},{"taxonomy":"product_tag","embeddable":true,"href":"https:\/\/skinstudio.ee\/lt\/wp-json\/wp\/v2\/product_tag?post=74754"},{"taxonomy":"giftcard-category","embeddable":true,"href":"https:\/\/skinstudio.ee\/lt\/wp-json\/wp\/v2\/giftcard-category?post=74754"}],"curies":[{"name":"wp","href":"https:\/\/api.w.org\/{rel}","templated":true}]}}