{"id":74774,"date":"2026-01-16T09:42:14","date_gmt":"2026-01-16T09:42:14","guid":{"rendered":"https:\/\/skinstudio.ee\/?post_type=product&#038;p=74774"},"modified":"2026-01-21T13:57:38","modified_gmt":"2026-01-21T13:57:38","slug":"retisil-pro-aging-intensive-serum","status":"publish","type":"product","link":"https:\/\/skinstudio.ee\/lt\/catalog\/sesderma-lt\/retisil-pro-aging-intensive-serum\/","title":{"rendered":"RETISIL Pro Aging Intensive Serum"},"content":{"rendered":"<p data-start=\"1846\" data-end=\"2210\"><strong data-start=\"1846\" data-end=\"1896\">RETISIL Pro Aging Intensive Serum nuo Sesderma<\/strong> yra intensyvus pro-age veido serumas, sukurtas odos stiprinimui, jos tankio gerinimui ir matomam rauk\u0161li\u0173 i\u0161vaizdos ma\u017einimui. Formul\u0117 skirta visapusi\u0161kam odos kokyb\u0117s gerinimui: padeda padaryti od\u0105 lygesn\u0119, stangresn\u0119 ir vizualiai jaunatvi\u0161kesn\u0119, gerina odos ton\u0105 ir atkuria gaivesn\u0119, labiau pri\u017ei\u016br\u0117t\u0105 i\u0161vaizd\u0105.<\/p>\n<p data-start=\"2212\" data-end=\"2384\">Produktas veikia kaip koncentruota stiprinamoji prie\u017ei\u016bra, palaikanti od\u0105 su am\u017eiumi susijusi\u0173 poky\u010di\u0173 metu ir padedanti pagerinti odos tekst\u016br\u0105, tank\u012f bei bendr\u0105 i\u0161vaizd\u0105.<\/p>\n<p data-start=\"2386\" data-end=\"2433\"><strong data-start=\"2386\" data-end=\"2433\">Po 28 dien\u0173 naudojimo vartotojai pasteb\u0117jo:<\/strong><\/p>\n<ul data-start=\"2435\" data-end=\"2647\">\n<li data-start=\"2435\" data-end=\"2517\">\n<p data-start=\"2437\" data-end=\"2517\"><strong data-start=\"2437\" data-end=\"2444\">91%<\/strong> \u2014 oda tapo \u0161velnesn\u0117 ir lygesn\u0117, o mimikos linijos buvo ma\u017eiau matomos<\/p>\n<\/li>\n<li data-start=\"2518\" data-end=\"2555\">\n<p data-start=\"2520\" data-end=\"2555\"><strong data-start=\"2520\" data-end=\"2527\">81%<\/strong> \u2014 suma\u017e\u0117jo rauk\u0161li\u0173 gylis<\/p>\n<\/li>\n<li data-start=\"2556\" data-end=\"2596\">\n<p data-start=\"2558\" data-end=\"2596\"><strong data-start=\"2558\" data-end=\"2565\">88%<\/strong> \u2014 pager\u0117jo odos elastingumas<\/p>\n<\/li>\n<li data-start=\"2597\" data-end=\"2647\">\n<p data-start=\"2599\" data-end=\"2647\"><strong data-start=\"2599\" data-end=\"2606\">94%<\/strong> \u2014 atsirado momentinis komforto poj\u016btis<\/p>\n<\/li>\n<\/ul>\n<p data-start=\"2649\" data-end=\"2760\">* Subjektyvus 32 savanori\u0173, naudojusi\u0173 RETISIL Pro Aging Intensive Serum ryte ir vakare 28 dienas, vertinimas.<\/p>\n<p data-start=\"2762\" data-end=\"2985\">Produktas naudojamas, kai suma\u017e\u0117j\u0119s odos stangrumas, matomos rauk\u0161l\u0117s, nelygi tekst\u016bra, papilk\u0117j\u0119s tonas ir dehidratacija, taip pat kai reikia pagerinti bendr\u0105 odos kokyb\u0119 ir atkurti labiau pri\u017ei\u016br\u0117t\u0105 bei gaivesn\u0119 i\u0161vaizd\u0105.<\/p>\n<p data-start=\"2987\" data-end=\"3003\"><strong data-start=\"2987\" data-end=\"2997\">T\u016bris:<\/strong> 30 ml<\/p>\n","protected":false},"excerpt":{"rendered":"<p data-start=\"3103\" data-end=\"3135\">Intensyvus pro-age veido serumas<\/p>\n<h2 data-start=\"3137\" data-end=\"3193\"><strong data-start=\"3137\" data-end=\"3193\">Sesderma &#8211; RETISIL Pro Aging Intensive Serum Savyb\u0117s<\/strong><\/h2>\n<p data-start=\"3195\" data-end=\"3427\">\u2714\ufe0f Matomai ma\u017eina rauk\u0161li\u0173 ir mimikos linij\u0173 i\u0161vaizd\u0105<br data-start=\"3248\" data-end=\"3251\" \/>\u2714\ufe0f Gerina odos stangrum\u0105 ir tank\u012f<br data-start=\"3284\" data-end=\"3287\" \/>\u2714\ufe0f Gerina odos tekst\u016br\u0105 ir glotnum\u0105<br data-start=\"3322\" data-end=\"3325\" \/>\u2714\ufe0f I\u0161lygina odos ton\u0105 ir suteikia gaivesn\u0119 i\u0161vaizd\u0105<br data-start=\"3376\" data-end=\"3379\" \/>\u2714\ufe0f Intensyviai dr\u0117kina ir gerina odos komfort\u0105<\/p>\n","protected":false},"featured_media":74766,"template":"","meta":[],"pwb-brand":[1263],"product_brand":[],"product_cat":[738,750,728],"product_tag":[],"giftcard-category":[],"class_list":{"0":"post-74774","1":"product","2":"type-product","3":"status-publish","4":"has-post-thumbnail","6":"pwb-brand-sesderma-lt","7":"product_cat-drekinimas","8":"product_cat-senstanti-oda","9":"product_cat-vitaminas-a-retinolis","11":"first","12":"instock","13":"sale","14":"taxable","15":"shipping-taxable","16":"purchasable","17":"product-type-simple"},"acf":[],"brands":[{"id":1263,"name":"Sesderma","slug":"sesderma-lt"}],"_links":{"self":[{"href":"https:\/\/skinstudio.ee\/lt\/wp-json\/wp\/v2\/product\/74774","targetHints":{"allow":["GET"]}}],"collection":[{"href":"https:\/\/skinstudio.ee\/lt\/wp-json\/wp\/v2\/product"}],"about":[{"href":"https:\/\/skinstudio.ee\/lt\/wp-json\/wp\/v2\/types\/product"}],"version-history":[{"count":1,"href":"https:\/\/skinstudio.ee\/lt\/wp-json\/wp\/v2\/product\/74774\/revisions"}],"predecessor-version":[{"id":74775,"href":"https:\/\/skinstudio.ee\/lt\/wp-json\/wp\/v2\/product\/74774\/revisions\/74775"}],"wp:featuredmedia":[{"embeddable":true,"href":"https:\/\/skinstudio.ee\/lt\/wp-json\/wp\/v2\/media\/74766"}],"wp:attachment":[{"href":"https:\/\/skinstudio.ee\/lt\/wp-json\/wp\/v2\/media?parent=74774"}],"wp:term":[{"taxonomy":"pwb-brand","embeddable":true,"href":"https:\/\/skinstudio.ee\/lt\/wp-json\/wp\/v2\/pwb-brand?post=74774"},{"taxonomy":"product_brand","embeddable":true,"href":"https:\/\/skinstudio.ee\/lt\/wp-json\/wp\/v2\/product_brand?post=74774"},{"taxonomy":"product_cat","embeddable":true,"href":"https:\/\/skinstudio.ee\/lt\/wp-json\/wp\/v2\/product_cat?post=74774"},{"taxonomy":"product_tag","embeddable":true,"href":"https:\/\/skinstudio.ee\/lt\/wp-json\/wp\/v2\/product_tag?post=74774"},{"taxonomy":"giftcard-category","embeddable":true,"href":"https:\/\/skinstudio.ee\/lt\/wp-json\/wp\/v2\/giftcard-category?post=74774"}],"curies":[{"name":"wp","href":"https:\/\/api.w.org\/{rel}","templated":true}]}}